{"id":14432,"date":"2023-09-22T10:46:04","date_gmt":"2023-09-22T10:46:04","guid":{"rendered":"https:\/\/2023.transeuropafestival.eu\/kiallitas-a-foszerepben-ilonka-neni-1932-2022\/"},"modified":"2023-09-22T10:46:04","modified_gmt":"2023-09-22T10:46:04","slug":"kiallitas-a-foszerepben-ilonka-neni-1932-2022","status":"publish","type":"page","link":"https:\/\/2023.transeuropafestival.eu\/hu\/kiallitas-a-foszerepben-ilonka-neni-1932-2022\/","title":{"rendered":"KI\u00c1LL\u00cdT\u00c1S: A F\u0150SZEREPBEN: ILONKA N\u00c9NI (1932 \u2013 2022)"},"content":{"rendered":"\n<style type=\"text\/css\" data-created_by=\"avia_inline_auto\" id=\"style-css-av-jxll87qe-bb6a8420a61246a11b56314540630d1a\">\n.avia-section.av-jxll87qe-bb6a8420a61246a11b56314540630d1a .av-parallax .av-parallax-inner{\nbackground-repeat:no-repeat;\nbackground-image:url(https:\/\/2023.transeuropafestival.eu\/wp-content\/uploads\/2023\/09\/Ilonka-neni.jpeg);\nbackground-position:50% 50%;\nbackground-attachment:scroll;\n}\n.avia-section.av-jxll87qe-bb6a8420a61246a11b56314540630d1a .av-section-color-overlay{\nopacity:0.5;\nbackground-color:#35383c;\n}\n<\/style>\n<div id='eventheader'  class='avia-section av-jxll87qe-bb6a8420a61246a11b56314540630d1a main_color avia-section-huge avia-no-border-styling  avia-builder-el-0  el_before_av_section  avia-builder-el-first  avia-full-stretch av-parallax-section avia-bg-style-parallax av-section-color-overlay-active container_wrap fullsize'  data-section-bg-repeat='stretch'><div class='av-parallax' data-avia-parallax-ratio='0.3' ><div class='av-parallax-inner main_color avia-full-stretch'><\/div><\/div><div class=\"av-section-color-overlay-wrap\"><div class=\"av-section-color-overlay\"><\/div><div class='container av-section-cont-open' ><main  role=\"main\" itemprop=\"mainContentOfPage\"  class='template-page content  av-content-full alpha units'><div class='post-entry post-entry-type-page post-entry-14432'><div class='entry-content-wrapper clearfix'>\n\n<style type=\"text\/css\" data-created_by=\"avia_inline_auto\" id=\"style-css-av-uuknxm-83196d743f8ce680e218f95ebd7215a0\">\n.flex_column.av-uuknxm-83196d743f8ce680e218f95ebd7215a0{\nborder-radius:0px 0px 0px 0px;\npadding:0px 0px 0px 0px;\n}\n<\/style>\n<div  class='flex_column av-uuknxm-83196d743f8ce680e218f95ebd7215a0 av_one_fifth  avia-builder-el-1  el_before_av_three_fifth  avia-builder-el-first  first flex_column_div av-zero-column-padding  '     ><\/div>\n<style type=\"text\/css\" data-created_by=\"avia_inline_auto\" id=\"style-css-av-secv8a-ae4245062b7dffd33b4c2a39bdfd4dc0\">\n.flex_column.av-secv8a-ae4245062b7dffd33b4c2a39bdfd4dc0{\nborder-radius:0px 0px 0px 0px;\npadding:0px 0px 0px 0px;\n}\n<\/style>\n<div  class='flex_column av-secv8a-ae4245062b7dffd33b4c2a39bdfd4dc0 av_three_fifth  avia-builder-el-2  el_after_av_one_fifth  el_before_av_one_fifth  flex_column_div av-zero-column-padding  '     ><style type=\"text\/css\" data-created_by=\"avia_inline_auto\" id=\"style-css-av-lmgcxmqy-34aeb6b9ee33a2c84ae18484920867bb\">\n#top .av-special-heading.av-lmgcxmqy-34aeb6b9ee33a2c84ae18484920867bb{\npadding-bottom:19px;\ncolor:#ffffff;\nfont-size:40px;\n}\nbody .av-special-heading.av-lmgcxmqy-34aeb6b9ee33a2c84ae18484920867bb .av-special-heading-tag .heading-char{\nfont-size:25px;\n}\n#top #wrap_all .av-special-heading.av-lmgcxmqy-34aeb6b9ee33a2c84ae18484920867bb .av-special-heading-tag{\nfont-size:40px;\n}\n.av-special-heading.av-lmgcxmqy-34aeb6b9ee33a2c84ae18484920867bb .special-heading-inner-border{\nborder-color:#ffffff;\n}\n.av-special-heading.av-lmgcxmqy-34aeb6b9ee33a2c84ae18484920867bb .av-subheading{\nfont-size:15px;\n}\n\n@media only screen and (min-width: 480px) and (max-width: 767px){ \n#top #wrap_all .av-special-heading.av-lmgcxmqy-34aeb6b9ee33a2c84ae18484920867bb .av-special-heading-tag{\nfont-size:0.8em;\n}\n}\n\n@media only screen and (max-width: 479px){ \n#top #wrap_all .av-special-heading.av-lmgcxmqy-34aeb6b9ee33a2c84ae18484920867bb .av-special-heading-tag{\nfont-size:0.8em;\n}\n}\n<\/style>\n<div  class='av-special-heading av-lmgcxmqy-34aeb6b9ee33a2c84ae18484920867bb av-special-heading-h1 custom-color-heading blockquote modern-quote modern-centered  avia-builder-el-3  avia-builder-el-no-sibling  av-inherit-size av-linked-heading'><div class='av_custom_color av-subheading av-subheading_above'><p>EML\u00c9KKI\u00c1LL\u00cdT\u00c1S<\/p>\n<\/div><h1 class='av-special-heading-tag'  itemprop=\"headline\"  >A F\u0150SZEREPBEN: ILONKA N\u00c9NI (1932 \u2013 2022)<\/h1><div class=\"special-heading-border\"><div class=\"special-heading-inner-border\"><\/div><\/div><\/div><\/div>\n<style type=\"text\/css\" data-created_by=\"avia_inline_auto\" id=\"style-css-av-qy55h6-617a1529630017067ea11caafd86d486\">\n.flex_column.av-qy55h6-617a1529630017067ea11caafd86d486{\nborder-radius:0px 0px 0px 0px;\npadding:0px 0px 0px 0px;\n}\n<\/style>\n<div  class='flex_column av-qy55h6-617a1529630017067ea11caafd86d486 av_one_fifth  avia-builder-el-4  el_after_av_three_fifth  el_before_av_one_fifth  flex_column_div av-zero-column-padding  '     ><\/div>\n<style type=\"text\/css\" data-created_by=\"avia_inline_auto\" id=\"style-css-av-92lmy-164a40ef016c00cc3ee6e5b54e1adcb4\">\n.flex_column.av-92lmy-164a40ef016c00cc3ee6e5b54e1adcb4{\nborder-radius:0px 0px 0px 0px;\npadding:0px 0px 0px 0px;\n}\n<\/style>\n<div  class='flex_column av-92lmy-164a40ef016c00cc3ee6e5b54e1adcb4 av_one_fifth  avia-builder-el-5  el_after_av_one_fifth  el_before_av_three_fifth  first flex_column_div av-zero-column-padding  column-top-margin'     ><\/div>\n<style type=\"text\/css\" data-created_by=\"avia_inline_auto\" id=\"style-css-av-nmuba2-2d5482d3e58b6e18654aa8d8f490a33c\">\n.flex_column.av-nmuba2-2d5482d3e58b6e18654aa8d8f490a33c{\nborder-radius:0px 0px 0px 0px;\npadding:0px 0px 0px 0px;\n}\n<\/style>\n<div  class='flex_column av-nmuba2-2d5482d3e58b6e18654aa8d8f490a33c av_three_fifth  avia-builder-el-6  el_after_av_one_fifth  el_before_av_one_fifth  flex_column_div av-zero-column-padding  column-top-margin'     ><p>\n<style type=\"text\/css\" data-created_by=\"avia_inline_auto\" id=\"style-css-av-jxll6vhn-756c10009e2236a44b6bb85f667f4b25\">\n.iconbox.av-jxll6vhn-756c10009e2236a44b6bb85f667f4b25 .iconbox_icon{\nbackground-color:#000000;\ncolor:#ffffff;\n}\n#top #wrap_all .iconbox.av-jxll6vhn-756c10009e2236a44b6bb85f667f4b25 .iconbox_content_title{\ncolor:#ffffff;\n}\n<\/style>\n<article  class='iconbox iconbox_left av-jxll6vhn-756c10009e2236a44b6bb85f667f4b25  avia-builder-el-7  el_before_av_icon_box  avia-builder-el-first '  itemscope=\"itemscope\" itemtype=\"https:\/\/schema.org\/CreativeWork\" ><div class=\"iconbox_content\"><header class=\"entry-content-header\"><div class=\"iconbox_icon heading-color\" aria-hidden='true' data-av_icon='\ue842' data-av_iconfont='entypo-fontello'><\/div><h3 class='iconbox_content_title '  itemprop=\"headline\" >Tranzit H\u00e1z<\/h3><\/header><div class='iconbox_content_container '  itemprop=\"text\" ><\/div><\/div><footer class=\"entry-footer\"><\/footer><\/article><br \/>\n\n<style type=\"text\/css\" data-created_by=\"avia_inline_auto\" id=\"style-css-av-jxll7wgh-c685b0f3b7facc094d8ea9fe23e3b8a5\">\n.iconbox.av-jxll7wgh-c685b0f3b7facc094d8ea9fe23e3b8a5 .iconbox_icon{\nbackground-color:#000000;\ncolor:#ffffff;\n}\n#top #wrap_all .iconbox.av-jxll7wgh-c685b0f3b7facc094d8ea9fe23e3b8a5 .iconbox_content_title{\ncolor:#ffffff;\n}\n<\/style>\n<article  class='iconbox iconbox_left av-jxll7wgh-c685b0f3b7facc094d8ea9fe23e3b8a5  avia-builder-el-8  el_after_av_icon_box  avia-builder-el-last '  itemscope=\"itemscope\" itemtype=\"https:\/\/schema.org\/CreativeWork\" ><div class=\"iconbox_content\"><header class=\"entry-content-header\"><div class=\"iconbox_icon heading-color\" aria-hidden='true' data-av_icon='\ue862' data-av_iconfont='entypo-fontello'><\/div><h3 class='iconbox_content_title '  itemprop=\"headline\" >Okt\u00f3ber 11., 19:00 \u2013 20:00 | Okt\u00f3ber 12., 12:00 \u2013 14:30 | Okt\u00f3ber 13., 14., 15., 12:00 \u2013 22:00<\/h3><\/header><div class='iconbox_content_container '  itemprop=\"text\" ><\/div><\/div><footer class=\"entry-footer\"><\/footer><\/article><\/p><\/div>\n<style type=\"text\/css\" data-created_by=\"avia_inline_auto\" id=\"style-css-av-m58896-45e350a35c32f768347c4a4772895ddd\">\n.flex_column.av-m58896-45e350a35c32f768347c4a4772895ddd{\nborder-radius:0px 0px 0px 0px;\npadding:0px 0px 0px 0px;\n}\n<\/style>\n<div  class='flex_column av-m58896-45e350a35c32f768347c4a4772895ddd av_one_fifth  avia-builder-el-9  el_after_av_three_fifth  avia-builder-el-last  flex_column_div av-zero-column-padding  column-top-margin'     ><\/div><\/div><\/div><\/main><!-- close content main element --><\/div><\/div><\/div><div id='av_section_2'  class='avia-section av-lh168a-61edebe427decfc978ce17fff3a9abba main_color avia-section-small avia-no-border-styling  avia-builder-el-10  el_after_av_section  el_before_av_textblock  avia-bg-style-scroll container_wrap fullsize'  ><div class='container av-section-cont-open' ><div class='template-page content  av-content-full alpha units'><div class='post-entry post-entry-type-page post-entry-14432'><div class='entry-content-wrapper clearfix'>\n\n<style type=\"text\/css\" data-created_by=\"avia_inline_auto\" id=\"style-css-av-jd59gq-ef1e430497c3b86483c7a19aee381346\">\n.flex_column.av-jd59gq-ef1e430497c3b86483c7a19aee381346{\nborder-radius:0px 0px 0px 0px;\npadding:0px 0px 0px 0px;\n}\n<\/style>\n<div  class='flex_column av-jd59gq-ef1e430497c3b86483c7a19aee381346 av_one_fifth  avia-builder-el-11  el_before_av_three_fifth  avia-builder-el-first  first flex_column_div av-zero-column-padding  '     ><\/div>\n<style type=\"text\/css\" data-created_by=\"avia_inline_auto\" id=\"style-css-av-i6qk1m-42a2a4a10531e113ac8ed7b1d921ed6e\">\n.flex_column.av-i6qk1m-42a2a4a10531e113ac8ed7b1d921ed6e{\nborder-radius:0px 0px 0px 0px;\npadding:0px 0px 0px 0px;\n}\n<\/style>\n<div  class='flex_column av-i6qk1m-42a2a4a10531e113ac8ed7b1d921ed6e av_three_fifth  avia-builder-el-12  el_after_av_one_fifth  el_before_av_one_fifth  flex_column_div av-zero-column-padding  '     ><section  class='av_textblock_section av-jxll8jyw-28f723cfbf2c82c1195b36e39b9ecfd4 '   itemscope=\"itemscope\" itemtype=\"https:\/\/schema.org\/CreativeWork\" ><div class='avia_textblock'  itemprop=\"text\" ><p><strong>Helysz\u00edn: Tranzit H\u00e1z<\/strong><\/p>\n<p><span style=\"font-weight: 400;\">A nemr\u00e9g elhunyt Lakatos Ilona, ahogy mi h\u00edvtuk, Ilonka n\u00e9ni, a Tranzit H\u00e1z k\u00f6zkedvelt m\u0171v\u00e9sze, munkat\u00e1rsa, k\u00f6zeli bar\u00e1tja volt. H\u00e1nyatatott \u00e9let\u00e9nek esem\u00e9nyeir\u0151l a nev\u00e9t visel\u0151 h\u00e1romnyelv\u0171, cig\u00e1nyul, rom\u00e1nul \u00e9s magyarul \u00edrott \u00e9lett\u00f6rt\u00e9neti k\u00f6nyvben olvashatunk. M\u0171v\u00e9szi tehets\u00e9g\u00e9t id\u0151s kor\u00e1ban bontakoztatta ki, a Tranzit Alap\u00edtv\u00e1ny kollaborat\u00edv vide\u00f3 \u00e9s mozg\u00e1ssz\u00ednh\u00e1zi produkci\u00f3iban: 1999-ben a Radu Afrim rendez\u00e9s\u00e9ben megval\u00f3s\u00edtott BluEscape-ben, ahol saj\u00e1t \u00e1tk\u00f6lt\u00e9s\u00e9ben Laurie Anderson vers\u00e9t szavalta, majd k\u00e9s\u0151bb, 2000-2001-ben a RromaNative&amp;Co egy\u00fcttm\u0171k\u00f6d\u0151 \u00e9s t\u00f6bbnyelv\u0171, interetnikus mozg\u00e1ssz\u00ednh\u00e1zi projekt keret\u00e9ben elk\u00e9sz\u00fclt Ilona: Surprize, surprize&#8230; \u00e9s a Black&amp;White performanszokban, amelyeknek f\u0151szerepl\u0151je volt. Az eml\u00e9k\u00e9t felid\u00e9z\u0151 fot\u00f3-vide\u00f3 ki\u00e1ll\u00edt\u00e1son a Tranzit Alap\u00edtv\u00e1ny arch\u00edvum\u00e1ban \u0151rz\u00f6tt k\u00e9pekb\u0151l k\u00e9sz\u00fclt v\u00e1logat\u00e1st lehet megtekinteni.<\/span><\/p>\n<p><span style=\"font-weight: 400;\">A k\u00e9peket k\u00e9sz\u00edtett\u00e9k: D\u0103nu\u021b Chiribe\u0219, Mikl\u00f3si D\u00e9nes, Schneider Tibor, \u00e9s sokan m\u00e1sok.<\/span><span style=\"font-weight: 400;\"><br \/>\n<\/span><span style=\"font-weight: 400;\">Kur\u00e1tor: K\u00f6nczei Csilla<\/span><span style=\"font-weight: 400;\"><br \/>\n<\/span><span style=\"font-weight: 400;\">\u00a9 A Tranzit Alap\u00edtv\u00e1ny Arch\u00edvuma<\/span><\/p>\n<p><span style=\"font-weight: 400;\">Tov\u00e1bbi inform\u00e1ci\u00f3k:<\/span><span style=\"font-weight: 400;\"><br \/>\n<\/span><a href=\"https:\/\/l.facebook.com\/l.php?u=https%3A%2F%2Fwww.npage.org%2Fuploads%2F9b8ff18ed8f69b5d19268b7d1c135e3db913cf49.pdf%3Ffbclid%3DIwAR0Mtv6wRS1SZVK0P00HVaMJ_tprh-8PanTuLh8jy_EQnq9uLjfJvj0181I&amp;h=AT1aSiiqTHfNJlvzzgb1uAHH9_1taCi2AJ4URM4orfSTueASesoyK0qDc1FpiXDirEJVAN_E2JWTSRjwmyJUdSWl0eaq2rsjErMn7OfLBp_55DtgV1ojU2K5gTP5BnqlL7zO&amp;__tn__=q&amp;c%5b0%5d=AT1wnp3gM50ZaWULFQw2k9L_hled453R74CA0LQtXOafMOLq4bULcIQLCJ3j0PhBrxkiywRAZ-GH3Xx6jRIjER0mdpTtGrDlzfqFb0hkVCsDyE2jiCS4kSY-kOn-bLngAiNYbAlaVSP38fO0W-uCNkw1EGlk\"><span style=\"font-weight: 400;\">https:\/\/www.npage.org\/&#8230;\/9b8ff18ed8f69b5d19268b7d1c135e3&#8230;<\/span><span style=\"font-weight: 400;\"><br \/>\n<\/span><\/a><a href=\"https:\/\/eletmod.transindex.ro\/?cikk=1434&amp;fbclid=IwAR3pmV-mNkaFROEsRySeG0yNRAoos7qz501xBwsRtrUAe5iyQONqadQ6pbM\"><span style=\"font-weight: 400;\">https:\/\/eletmod.transindex.ro\/?cikk=1434<\/span><span style=\"font-weight: 400;\"><br \/>\n<\/span><\/a><a href=\"https:\/\/aszem.info\/2020\/11\/lelket-beszelni-a-fazekba\/?fbclid=IwAR3_0xmcMer0eBmdo9YcN3oIb12_aENty-N4qHW7ItYuA5TdRT2sy2S3V8I\"><span style=\"font-weight: 400;\">https:\/\/aszem.info\/2020\/11\/lelket-beszelni-a-fazekba\/<\/span><span style=\"font-weight: 400;\"><br \/>\n<\/span><\/a><a href=\"https:\/\/www.jatekter.ro\/?p=29847&amp;fbclid=IwAR1iz3RiZLFv9NiJPN7BasrudShI11sNClX8vFjMXBHxM9ztA84HNp1omVg\"><span style=\"font-weight: 400;\">https:\/\/www.jatekter.ro\/?p=29847<\/span><span style=\"font-weight: 400;\"><br \/>\n<\/span><\/a><a href=\"https:\/\/l.facebook.com\/l.php?u=https%3A%2F%2Fszinhaz.net%2F2022%2F06%2F28%2Fkonczei-csilla-ilonka-neni-es-a-rromanativeco%2F%3Ffbclid%3DIwAR052VNUFBpJ08Wkfy4t1K8wBoSFcCvNA40VJnkgLp5brse06Mx-QGF0m7Y&amp;h=AT2ur6Paq0yDF5ezEn5Q-iPmE3xQFQlEHMKVQZgoaWw8uRuBAFh_PHiYfA2lqwviP1XF6YF8VQ92poSxyUxMUwNwiYfltC5Sm63h4vC8uysvJ41eCultg-b0v5w5KF7c-mqC&amp;__tn__=q&amp;c%5b0%5d=AT1wnp3gM50ZaWULFQw2k9L_hled453R74CA0LQtXOafMOLq4bULcIQLCJ3j0PhBrxkiywRAZ-GH3Xx6jRIjER0mdpTtGrDlzfqFb0hkVCsDyE2jiCS4kSY-kOn-bLngAiNYbAlaVSP38fO0W-uCNkw1EGlk\"><span style=\"font-weight: 400;\">https:\/\/szinhaz.net\/&#8230;\/konczei-csilla-ilonka-neni-es-a&#8230;\/<\/span><span style=\"font-weight: 400;\"><br \/>\n<\/span><\/a><a href=\"https:\/\/l.facebook.com\/l.php?u=https%3A%2F%2Fwww.cinema-arta.ro%2Fevenimente%2Filonka%3Ffbclid%3DIwAR2ZEH9RmCHfV0ah2p9FXLt6iVZJJvhVb50l55JVcfKRUA8cAOoBxBJ_diY&amp;h=AT1HTuLL8WawCSsY65KmMZYox7_xO6XIgu3xi7boycncp3-Yks5EAkC_jKwU2YZKEOtnAswJtdfGPq20O2XNizZupTUjQNcJV-EkGrY7Wr4mjbrOKWoedNOT6fXR8iJNt_DC&amp;__tn__=q&amp;c%5b0%5d=AT1wnp3gM50ZaWULFQw2k9L_hled453R74CA0LQtXOafMOLq4bULcIQLCJ3j0PhBrxkiywRAZ-GH3Xx6jRIjER0mdpTtGrDlzfqFb0hkVCsDyE2jiCS4kSY-kOn-bLngAiNYbAlaVSP38fO0W-uCNkw1EGlk\"><span style=\"font-weight: 400;\">https:\/\/www.cinema-arta.ro\/evenimente\/ilonka<\/span><\/a><\/p>\n<\/div><\/section><\/div>\n<style type=\"text\/css\" data-created_by=\"avia_inline_auto\" id=\"style-css-av-g9i23u-347544d3de226270186ade033236b4a7\">\n.flex_column.av-g9i23u-347544d3de226270186ade033236b4a7{\nborder-radius:0px 0px 0px 0px;\npadding:0px 0px 0px 0px;\n}\n<\/style>\n<div  class='flex_column av-g9i23u-347544d3de226270186ade033236b4a7 av_one_fifth  avia-builder-el-14  el_after_av_three_fifth  avia-builder-el-last  flex_column_div av-zero-column-padding  '     ><\/div>\n<\/div><\/div><\/div><!-- close content main div --><\/div><\/div><div id='after_section_2'  class='main_color av_default_container_wrap container_wrap fullsize'  ><div class='container av-section-cont-open' ><div class='template-page content  av-content-full alpha units'><div class='post-entry post-entry-type-page post-entry-14432'><div class='entry-content-wrapper clearfix'><\/p>\n<section  class='av_textblock_section av-k191qznr-1ebc207925d069603ccbe3ec9830cbec '   itemscope=\"itemscope\" itemtype=\"https:\/\/schema.org\/CreativeWork\" ><div class='avia_textblock'  itemprop=\"text\" ><h2 style=\"text-align: center;\"><strong>PARTNEREK<\/strong><\/h2>\n<h3><\/h3>\n<\/div><\/section>\n<div  class='avia-logo-element-container av-k191o4ys-4676b4faaaa8a63ea89f5e50e3b06025 av-border-deactivate avia-logo-slider avia-content-slider avia-smallarrow-slider avia-content-slider-active noHover avia-content-slider-even  avia-builder-el-16  el_after_av_textblock  avia-builder-el-last  av-slideshow-ui av-control-default av-nav-arrows-visible av-nav-dots-visible av-no-slider-navigation av-slideshow-manual av-loop-once av-loop-manual-endless avia-content-slider1' data-slideshow-options=\"{&quot;animation&quot;:&quot;slide&quot;,&quot;autoplay&quot;:false,&quot;loop_autoplay&quot;:&quot;once&quot;,&quot;interval&quot;:5,&quot;loop_manual&quot;:&quot;manual-endless&quot;,&quot;autoplay_stopper&quot;:false,&quot;noNavigation&quot;:false,&quot;bg_slider&quot;:false,&quot;keep_padding&quot;:&quot;&quot;,&quot;hoverpause&quot;:false,&quot;show_slide_delay&quot;:0}\"><div class='avia-smallarrow-slider-heading  no-logo-slider-heading '><div class='new-special-heading'>&nbsp;<\/div><\/div><div class=\"avia-content-slider-inner\"><div class=\"slide-entry-wrap\"><div  class='slide-entry av-inetju-e0af3e024944ff09c7df53157076fa39 flex_column no_margin av_one_eighth real-thumbnail post-entry slide-entry-overview slide-loop-1 slide-parity-odd  first'><span class='av-partner-fake-img' style='padding-bottom:44.114002478315%; background-image:url(https:\/\/2023.transeuropafestival.eu\/wp-content\/uploads\/2023\/09\/Tranzit-Logo.png);'><\/span><\/div><div  class='slide-entry av-awj16-fdce09661087763a529b0b56415bf941 flex_column no_margin av_one_eighth real-thumbnail post-entry slide-entry-overview slide-loop-2 slide-parity-even post-entry-last '><\/div><\/div><\/div><\/div>\n","protected":false},"excerpt":{"rendered":"","protected":false},"author":2,"featured_media":0,"parent":0,"menu_order":0,"comment_status":"closed","ping_status":"closed","template":"","meta":{"footnotes":""},"class_list":["post-14432","page","type-page","status-publish","hentry"],"_links":{"self":[{"href":"https:\/\/2023.transeuropafestival.eu\/hu\/wp-json\/wp\/v2\/pages\/14432","targetHints":{"allow":["GET"]}}],"collection":[{"href":"https:\/\/2023.transeuropafestival.eu\/hu\/wp-json\/wp\/v2\/pages"}],"about":[{"href":"https:\/\/2023.transeuropafestival.eu\/hu\/wp-json\/wp\/v2\/types\/page"}],"author":[{"embeddable":true,"href":"https:\/\/2023.transeuropafestival.eu\/hu\/wp-json\/wp\/v2\/users\/2"}],"replies":[{"embeddable":true,"href":"https:\/\/2023.transeuropafestival.eu\/hu\/wp-json\/wp\/v2\/comments?post=14432"}],"version-history":[{"count":2,"href":"https:\/\/2023.transeuropafestival.eu\/hu\/wp-json\/wp\/v2\/pages\/14432\/revisions"}],"predecessor-version":[{"id":14435,"href":"https:\/\/2023.transeuropafestival.eu\/hu\/wp-json\/wp\/v2\/pages\/14432\/revisions\/14435"}],"wp:attachment":[{"href":"https:\/\/2023.transeuropafestival.eu\/hu\/wp-json\/wp\/v2\/media?parent=14432"}],"curies":[{"name":"wp","href":"https:\/\/api.w.org\/{rel}","templated":true}]}}