{"id":14438,"date":"2023-09-22T10:50:08","date_gmt":"2023-09-22T10:50:08","guid":{"rendered":"https:\/\/2023.transeuropafestival.eu\/forecasting-stratageme-theatre-company\/"},"modified":"2023-10-11T09:45:50","modified_gmt":"2023-10-11T09:45:50","slug":"forecasting-stratageme-theatre-company","status":"publish","type":"page","link":"https:\/\/2023.transeuropafestival.eu\/hu\/forecasting-stratageme-theatre-company\/","title":{"rendered":"FORECASTING \u2013 Stratag\u00e9me Theatre Company"},"content":{"rendered":"\n<style type=\"text\/css\" data-created_by=\"avia_inline_auto\" id=\"style-css-av-jxll87qe-7c46b7e596568d2c00a56e79b5123d92\">\n.avia-section.av-jxll87qe-7c46b7e596568d2c00a56e79b5123d92 .av-parallax .av-parallax-inner{\nbackground-repeat:no-repeat;\nbackground-image:url(https:\/\/2023.transeuropafestival.eu\/wp-content\/uploads\/2023\/09\/Forecasting-\u00a9-Yelena-Remetin_15-scaled.jpg);\nbackground-position:50% 50%;\nbackground-attachment:scroll;\n}\n.avia-section.av-jxll87qe-7c46b7e596568d2c00a56e79b5123d92 .av-section-color-overlay{\nopacity:0.5;\nbackground-color:#35383c;\n}\n<\/style>\n<div id='eventheader'  class='avia-section av-jxll87qe-7c46b7e596568d2c00a56e79b5123d92 main_color avia-section-huge avia-no-border-styling  avia-builder-el-0  el_before_av_section  avia-builder-el-first  avia-full-stretch av-parallax-section avia-bg-style-parallax av-section-color-overlay-active container_wrap fullsize'  data-section-bg-repeat='stretch'><div class='av-parallax' data-avia-parallax-ratio='0.3' ><div class='av-parallax-inner main_color avia-full-stretch'><\/div><\/div><div class=\"av-section-color-overlay-wrap\"><div class=\"av-section-color-overlay\"><\/div><div class='container av-section-cont-open' ><main  role=\"main\" itemprop=\"mainContentOfPage\"  class='template-page content  av-content-full alpha units'><div class='post-entry post-entry-type-page post-entry-14438'><div class='entry-content-wrapper clearfix'>\n\n<style type=\"text\/css\" data-created_by=\"avia_inline_auto\" id=\"style-css-av-uuknxm-83196d743f8ce680e218f95ebd7215a0\">\n.flex_column.av-uuknxm-83196d743f8ce680e218f95ebd7215a0{\nborder-radius:0px 0px 0px 0px;\npadding:0px 0px 0px 0px;\n}\n<\/style>\n<div  class='flex_column av-uuknxm-83196d743f8ce680e218f95ebd7215a0 av_one_fifth  avia-builder-el-1  el_before_av_three_fifth  avia-builder-el-first  first flex_column_div av-zero-column-padding  '     ><\/div>\n<style type=\"text\/css\" data-created_by=\"avia_inline_auto\" id=\"style-css-av-secv8a-ae4245062b7dffd33b4c2a39bdfd4dc0\">\n.flex_column.av-secv8a-ae4245062b7dffd33b4c2a39bdfd4dc0{\nborder-radius:0px 0px 0px 0px;\npadding:0px 0px 0px 0px;\n}\n<\/style>\n<div  class='flex_column av-secv8a-ae4245062b7dffd33b4c2a39bdfd4dc0 av_three_fifth  avia-builder-el-2  el_after_av_one_fifth  el_before_av_one_fifth  flex_column_div av-zero-column-padding  '     ><style type=\"text\/css\" data-created_by=\"avia_inline_auto\" id=\"style-css-av-lmgcxmqy-a01a6a861640bd038065545547049256\">\n#top .av-special-heading.av-lmgcxmqy-a01a6a861640bd038065545547049256{\npadding-bottom:19px;\ncolor:#ffffff;\nfont-size:40px;\n}\nbody .av-special-heading.av-lmgcxmqy-a01a6a861640bd038065545547049256 .av-special-heading-tag .heading-char{\nfont-size:25px;\n}\n#top #wrap_all .av-special-heading.av-lmgcxmqy-a01a6a861640bd038065545547049256 .av-special-heading-tag{\nfont-size:40px;\n}\n.av-special-heading.av-lmgcxmqy-a01a6a861640bd038065545547049256 .special-heading-inner-border{\nborder-color:#ffffff;\n}\n.av-special-heading.av-lmgcxmqy-a01a6a861640bd038065545547049256 .av-subheading{\nfont-size:15px;\n}\n\n@media only screen and (min-width: 480px) and (max-width: 767px){ \n#top #wrap_all .av-special-heading.av-lmgcxmqy-a01a6a861640bd038065545547049256 .av-special-heading-tag{\nfont-size:0.8em;\n}\n}\n\n@media only screen and (max-width: 479px){ \n#top #wrap_all .av-special-heading.av-lmgcxmqy-a01a6a861640bd038065545547049256 .av-special-heading-tag{\nfont-size:0.8em;\n}\n}\n<\/style>\n<div  class='av-special-heading av-lmgcxmqy-a01a6a861640bd038065545547049256 av-special-heading-h1 custom-color-heading blockquote modern-quote modern-centered  avia-builder-el-3  avia-builder-el-no-sibling  av-inherit-size av-linked-heading'><h1 class='av-special-heading-tag'  itemprop=\"headline\"  >FORECASTING \u2013 Stratag\u00e9me Theatre Company<\/h1><div class=\"special-heading-border\"><div class=\"special-heading-inner-border\"><\/div><\/div><\/div><\/div>\n<style type=\"text\/css\" data-created_by=\"avia_inline_auto\" id=\"style-css-av-qy55h6-617a1529630017067ea11caafd86d486\">\n.flex_column.av-qy55h6-617a1529630017067ea11caafd86d486{\nborder-radius:0px 0px 0px 0px;\npadding:0px 0px 0px 0px;\n}\n<\/style>\n<div  class='flex_column av-qy55h6-617a1529630017067ea11caafd86d486 av_one_fifth  avia-builder-el-4  el_after_av_three_fifth  el_before_av_one_fifth  flex_column_div av-zero-column-padding  '     ><\/div>\n<style type=\"text\/css\" data-created_by=\"avia_inline_auto\" id=\"style-css-av-92lmy-164a40ef016c00cc3ee6e5b54e1adcb4\">\n.flex_column.av-92lmy-164a40ef016c00cc3ee6e5b54e1adcb4{\nborder-radius:0px 0px 0px 0px;\npadding:0px 0px 0px 0px;\n}\n<\/style>\n<div  class='flex_column av-92lmy-164a40ef016c00cc3ee6e5b54e1adcb4 av_one_fifth  avia-builder-el-5  el_after_av_one_fifth  el_before_av_three_fifth  first flex_column_div av-zero-column-padding  column-top-margin'     ><\/div>\n<style type=\"text\/css\" data-created_by=\"avia_inline_auto\" id=\"style-css-av-nmuba2-2d5482d3e58b6e18654aa8d8f490a33c\">\n.flex_column.av-nmuba2-2d5482d3e58b6e18654aa8d8f490a33c{\nborder-radius:0px 0px 0px 0px;\npadding:0px 0px 0px 0px;\n}\n<\/style>\n<div  class='flex_column av-nmuba2-2d5482d3e58b6e18654aa8d8f490a33c av_three_fifth  avia-builder-el-6  el_after_av_one_fifth  el_before_av_one_fifth  flex_column_div av-zero-column-padding  column-top-margin'     ><p>\n<style type=\"text\/css\" data-created_by=\"avia_inline_auto\" id=\"style-css-av-jxll6vhn-756c10009e2236a44b6bb85f667f4b25\">\n.iconbox.av-jxll6vhn-756c10009e2236a44b6bb85f667f4b25 .iconbox_icon{\nbackground-color:#000000;\ncolor:#ffffff;\n}\n#top #wrap_all .iconbox.av-jxll6vhn-756c10009e2236a44b6bb85f667f4b25 .iconbox_content_title{\ncolor:#ffffff;\n}\n<\/style>\n<article  class='iconbox iconbox_left av-jxll6vhn-756c10009e2236a44b6bb85f667f4b25  avia-builder-el-7  el_before_av_icon_box  avia-builder-el-first '  itemscope=\"itemscope\" itemtype=\"https:\/\/schema.org\/CreativeWork\" ><div class=\"iconbox_content\"><header class=\"entry-content-header\"><div class=\"iconbox_icon heading-color\" aria-hidden='true' data-av_icon='\ue842' data-av_iconfont='entypo-fontello'><\/div><h3 class='iconbox_content_title '  itemprop=\"headline\" >Tranzit H\u00e1z<\/h3><\/header><div class='iconbox_content_container '  itemprop=\"text\" ><\/div><\/div><footer class=\"entry-footer\"><\/footer><\/article><br \/>\n\n<style type=\"text\/css\" data-created_by=\"avia_inline_auto\" id=\"style-css-av-jxll7wgh-ec347307abeea37bc494993fdd78bd9f\">\n.iconbox.av-jxll7wgh-ec347307abeea37bc494993fdd78bd9f .iconbox_icon{\nbackground-color:#000000;\ncolor:#ffffff;\n}\n#top #wrap_all .iconbox.av-jxll7wgh-ec347307abeea37bc494993fdd78bd9f .iconbox_content_title{\ncolor:#ffffff;\n}\n<\/style>\n<article  class='iconbox iconbox_left av-jxll7wgh-ec347307abeea37bc494993fdd78bd9f  avia-builder-el-8  el_after_av_icon_box  avia-builder-el-last '  itemscope=\"itemscope\" itemtype=\"https:\/\/schema.org\/CreativeWork\" ><div class=\"iconbox_content\"><header class=\"entry-content-header\"><div class=\"iconbox_icon heading-color\" aria-hidden='true' data-av_icon='\ue862' data-av_iconfont='entypo-fontello'><\/div><h3 class='iconbox_content_title '  itemprop=\"headline\" >Okt\u00f3ber 11., 20:00 \u2013 21:00<\/h3><\/header><div class='iconbox_content_container '  itemprop=\"text\" ><\/div><\/div><footer class=\"entry-footer\"><\/footer><\/article><\/p><\/div>\n<style type=\"text\/css\" data-created_by=\"avia_inline_auto\" id=\"style-css-av-m58896-45e350a35c32f768347c4a4772895ddd\">\n.flex_column.av-m58896-45e350a35c32f768347c4a4772895ddd{\nborder-radius:0px 0px 0px 0px;\npadding:0px 0px 0px 0px;\n}\n<\/style>\n<div  class='flex_column av-m58896-45e350a35c32f768347c4a4772895ddd av_one_fifth  avia-builder-el-9  el_after_av_three_fifth  avia-builder-el-last  flex_column_div av-zero-column-padding  column-top-margin'     ><\/div>\n\n<\/div><\/div><\/main><!-- close content main element --><\/div><\/div><\/div><div id='av_section_2'  class='avia-section av-lh168a-61edebe427decfc978ce17fff3a9abba main_color avia-section-small avia-no-border-styling  avia-builder-el-10  el_after_av_section  el_before_av_textblock  avia-bg-style-scroll container_wrap fullsize'  ><div class='container av-section-cont-open' ><div class='template-page content  av-content-full alpha units'><div class='post-entry post-entry-type-page post-entry-14438'><div class='entry-content-wrapper clearfix'>\n\n<style type=\"text\/css\" data-created_by=\"avia_inline_auto\" id=\"style-css-av-jd59gq-ef1e430497c3b86483c7a19aee381346\">\n.flex_column.av-jd59gq-ef1e430497c3b86483c7a19aee381346{\nborder-radius:0px 0px 0px 0px;\npadding:0px 0px 0px 0px;\n}\n<\/style>\n<div  class='flex_column av-jd59gq-ef1e430497c3b86483c7a19aee381346 av_one_fifth  avia-builder-el-11  el_before_av_three_fifth  avia-builder-el-first  first flex_column_div av-zero-column-padding  '     ><\/div>\n<style type=\"text\/css\" data-created_by=\"avia_inline_auto\" id=\"style-css-av-i6qk1m-42a2a4a10531e113ac8ed7b1d921ed6e\">\n.flex_column.av-i6qk1m-42a2a4a10531e113ac8ed7b1d921ed6e{\nborder-radius:0px 0px 0px 0px;\npadding:0px 0px 0px 0px;\n}\n<\/style>\n<div  class='flex_column av-i6qk1m-42a2a4a10531e113ac8ed7b1d921ed6e av_three_fifth  avia-builder-el-12  el_after_av_one_fifth  el_before_av_one_fifth  flex_column_div av-zero-column-padding  '     ><p><section  class='av_textblock_section av-jxll8jyw-28f723cfbf2c82c1195b36e39b9ecfd4 '   itemscope=\"itemscope\" itemtype=\"https:\/\/schema.org\/CreativeWork\" ><div class='avia_textblock'  itemprop=\"text\" ><p><strong>FORECASTING<br \/>\n<span style=\"text-decoration: underline;\"><a href=\"https:\/\/www.premierstratageme.net\/en\/forecasting\/\" target=\"_blank\" rel=\"noopener\">Stratag\u00e9me Theatre Company<\/a><\/span><\/strong><\/p>\n<p><strong>Helysz\u00edn: Tranzit H\u00e1z<br \/>\n<span style=\"font-weight: 400;\">EN \u2013 RO, HU felirattal<\/span><br \/>\n<\/strong><\/p>\n<p><span style=\"font-weight: 400;\">A FORECASTING alapj\u00e1ul amat\u0151r vide\u00f3k gy\u0171jtem\u00e9nye szolg\u00e1l, melynek forr\u00e1sa a legnagyobb vide\u00f3megoszt\u00f3 weboldal: a YouTube. Az el\u0151ad\u00e1s a vide\u00f3n\u00e9z\u00e9si folyamatot vizsg\u00e1lja, a l\u00e9nyegi elemekre f\u00f3kusz\u00e1lva: a testre \u00e9s a k\u00e9perny\u0151re. Az \u00fcres sz\u00ednpadon a performer egy laptopot kezel, amelyen t\u00f6bb sz\u00e1z YouTube-amat\u0151r \u00e1ltal k\u00f6zz\u00e9tett vide\u00f3 l\u00e1that\u00f3: \u00e9telek szerelmesei, fegyverrajong\u00f3k, fitneszrajong\u00f3k, bark\u00e1csol\u00f3k, kert\u00e9szek, valamint elm\u00e9lked\u0151 s\u00e9t\u00e1k, intim vallom\u00e1sok \u00e9s j\u00e1t\u00e9kos pillanatok h\u00e1zi\u00e1llatokkal. <\/span><\/p>\n<p><span style=\"font-weight: 400;\">A l\u00e1that\u00f3 felv\u00e9teleket \u00fagy v\u00e1logatt\u00e1k \u00f6ssze, hogy megfeleljenek az emberi m\u00e9retar\u00e1nyoknak, ez\u00e1ltal a k\u00e9perny\u0151 egyszerre maszk \u00e9s a performer kiterjeszt\u00e9se, aki a vide\u00f3kat a hangj\u00e1val is kieg\u00e9sz\u00edti, m\u00e9g ink\u00e1bb elmosva a hat\u00e1rokat \u00f6nmaga \u00e9s a web sz\u00fcntelen \u00e1raml\u00e1sa k\u00f6z\u00f6tt. A hibrid \u00e9lm\u00e9nynek k\u00f6sz\u00f6nhet\u0151en a FORECASTING fokozatosan minden t\u00f6rt\u00e9netek t\u00f6rt\u00e9net\u00e9v\u00e9 v\u00e1lik, online \u00e9let\u00fcnk sz\u00ednpadi prezent\u00e1ci\u00f3j\u00e1v\u00e1, egy k\u00f6lt\u0151i v\u00e1zlat arr\u00f3l, hogy a digit\u00e1lis eszk\u00f6z\u00f6k milyen szerepet j\u00e1tszanak az \u00c9n elbesz\u00e9l\u00e9s\u00e9ben \u00e9s a K\u00e9pzeletbeli kollekt\u00edv \u00e9p\u00edt\u00e9s\u00e9ben.<\/span><\/p>\n<p><span style=\"font-weight: 400;\">Alkot\u00f3k: Giuseppe Chico \u00e9s Barbara Matijevi\u0107<br \/>\nEl\u0151ad\u00f3: <span style=\"text-decoration: underline;\"><a href=\"https:\/\/2023.transeuropafestival.eu\/hu\/speakers\/barbara-matijevic\/\" target=\"_blank\" rel=\"noopener\">Barbara Matijevi\u0107<\/a><br \/>\n<\/span><\/span><span style=\"font-weight: 400;\">Vide\u00f3: Giuseppe Chico<\/span><span style=\"font-weight: 400;\"><br \/>\n<\/span><span style=\"font-weight: 400;\">Hang: Viktor Krasni\u0107<\/span><span style=\"font-weight: 400;\"><br \/>\n<\/span><span style=\"font-weight: 400;\">Patch Max: Niccolo Gallio<\/span><span style=\"font-weight: 400;\"><br \/>\n<\/span><span style=\"font-weight: 400;\">Producer: Galli Gallio Gallio Kaaitheater (Br\u00fcsszel)<\/span><span style=\"font-weight: 400;\"><br \/>\n<\/span><span style=\"font-weight: 400;\">T\u00e1rsproducer: UOVO (Mil\u00e1n\u00f3)<\/span><span style=\"font-weight: 400;\"><br \/>\n<\/span><span style=\"font-weight: 400;\">Kivitelez\u0151: 1er stratag\u00e8me \u00e9s De facto<\/span><\/p>\n<p><span style=\"font-weight: 400;\">A DRAC Ile de France, Horv\u00e1t Kultur\u00e1lis Miniszt\u00e9rium, Z\u00e1gr\u00e1b v\u00e1rosa, Francia Int\u00e9zet, Beaumarchais SACD egyes\u00fclet, PACT Zollverein (Essen) \u00e9s Caos\/Festival Terni (rezidenciaprogram) t\u00e1mogat\u00e1s\u00e1val.<\/span><\/p>\n<p><span style=\"font-weight: 400;\">Bemutat\u00f3: Performatik Fesztiv\u00e1l, Kaaitheater \/ Br\u00fcsszel (Belgium).<\/span><span style=\"font-weight: 400;\"><br \/>\n<\/span><span style=\"font-weight: 400;\">Id\u0151tartam: 45 perc<\/span><\/p>\n<hr \/>\n<p><em><span style=\"font-weight: 400;\">Az el\u0151ad\u00e1s a<\/span> <span style=\"text-decoration: underline;\"><a href=\"http:\/\/www.institutfrancais.rs\/category\/profesionalci\/kultura-profesionalci\/teatroskop\/\" target=\"_blank\" rel=\"noopener\">Teatroskop<\/a><\/span> \u2013 <span style=\"font-weight: 400;\">a Francia Eur\u00f3pa- \u00e9s K\u00fcl\u00fcgyminiszt\u00e9rium, a Francia Kultur\u00e1lis Miniszt\u00e9rium \u00e9s a p\u00e1rizsi Francia Int\u00e9zet \u00e1ltal kezdem\u00e9nyezett region\u00e1lis el\u0151ad\u00f3m\u0171v\u00e9szeti program t\u00e1mogat\u00e1s\u00e1val val\u00f3sult meg.<\/span><\/em><\/p>\n<\/div><\/section><br \/>\n<section  class='av_textblock_section av-ln1sozvc-f5aca2555e2382d6340579cdb655da7d '   itemscope=\"itemscope\" itemtype=\"https:\/\/schema.org\/CreativeWork\" ><div class='avia_textblock'  itemprop=\"text\" ><p><b>Foglal\u00e1s: <span style=\"text-decoration: underline;\">shorturl.at\/ekvM1<\/span><\/b><\/p>\n<\/div><\/section><\/p><\/div>\n<style type=\"text\/css\" data-created_by=\"avia_inline_auto\" id=\"style-css-av-g9i23u-347544d3de226270186ade033236b4a7\">\n.flex_column.av-g9i23u-347544d3de226270186ade033236b4a7{\nborder-radius:0px 0px 0px 0px;\npadding:0px 0px 0px 0px;\n}\n<\/style>\n<div  class='flex_column av-g9i23u-347544d3de226270186ade033236b4a7 av_one_fifth  avia-builder-el-15  el_after_av_three_fifth  avia-builder-el-last  flex_column_div av-zero-column-padding  '     ><\/div><\/div><\/div><\/div><!-- close content main div --><\/div><\/div><div id='after_section_2'  class='main_color av_default_container_wrap container_wrap fullsize'  ><div class='container av-section-cont-open' ><div class='template-page content  av-content-full alpha units'><div class='post-entry post-entry-type-page post-entry-14438'><div class='entry-content-wrapper clearfix'><section  class='av_textblock_section av-k191qznr-1ebc207925d069603ccbe3ec9830cbec '   itemscope=\"itemscope\" itemtype=\"https:\/\/schema.org\/CreativeWork\" ><div class='avia_textblock'  itemprop=\"text\" ><h2 style=\"text-align: center;\"><strong>PARTNEREK<\/strong><\/h2>\n<h3><\/h3>\n<\/div><\/section><\/p>\n<div  class='avia-logo-element-container av-k191o4ys-4676b4faaaa8a63ea89f5e50e3b06025 av-border-deactivate avia-logo-slider avia-content-slider avia-smallarrow-slider avia-content-slider-active noHover avia-content-slider-even  avia-builder-el-17  el_after_av_textblock  avia-builder-el-last  av-slideshow-ui av-control-default av-nav-arrows-visible av-nav-dots-visible av-no-slider-navigation av-slideshow-manual av-loop-once av-loop-manual-endless avia-content-slider1' data-slideshow-options=\"{&quot;animation&quot;:&quot;slide&quot;,&quot;autoplay&quot;:false,&quot;loop_autoplay&quot;:&quot;once&quot;,&quot;interval&quot;:5,&quot;loop_manual&quot;:&quot;manual-endless&quot;,&quot;autoplay_stopper&quot;:false,&quot;noNavigation&quot;:false,&quot;bg_slider&quot;:false,&quot;keep_padding&quot;:&quot;&quot;,&quot;hoverpause&quot;:false,&quot;show_slide_delay&quot;:0}\"><div class='avia-smallarrow-slider-heading  no-logo-slider-heading '><div class='new-special-heading'>&nbsp;<\/div><\/div><div class=\"avia-content-slider-inner\"><div class=\"slide-entry-wrap\"><div  class='slide-entry av-inetju-e0af3e024944ff09c7df53157076fa39 flex_column no_margin av_one_eighth real-thumbnail post-entry slide-entry-overview slide-loop-1 slide-parity-odd  first'><span class='av-partner-fake-img' style='padding-bottom:44.114002478315%; background-image:url(https:\/\/2023.transeuropafestival.eu\/wp-content\/uploads\/2023\/09\/Tranzit-Logo.png);'><\/span><\/div><div  class='slide-entry av-awj16-fdce09661087763a529b0b56415bf941 flex_column no_margin av_one_eighth real-thumbnail post-entry slide-entry-overview slide-loop-2 slide-parity-even  '><\/div><div  class='slide-entry av-1akgnui-7c70733fee98a1f50b23bae084a43869 flex_column no_margin av_one_eighth real-thumbnail post-entry slide-entry-overview slide-loop-3 slide-parity-odd  '><a href=\"http:\/\/www.institutfrancais.rs\/category\/profesionalci\/kultura-profesionalci\/teatroskop\/\" data-rel='slide-1' class='slide-image' title='' target=\"_blank\" rel=\"noopener noreferrer\"><span class='av-partner-fake-img' style='padding-bottom:44.114002478315%; background-image:url(https:\/\/2023.transeuropafestival.eu\/wp-content\/uploads\/2023\/09\/Teatroskop-logo_2020b-5-3.jpeg);'><\/span><\/a><\/div><div  class='slide-entry av-13fdou2-f7b7a00b2341c2e00668e21e98b3ed53 flex_column no_margin av_one_eighth real-thumbnail post-entry slide-entry-overview slide-loop-4 slide-parity-even  '><\/div><div  class='slide-entry av-v0zmoq-5bea7cc275a7737d4d6d1a855e1d83ca flex_column no_margin av_one_eighth real-thumbnail post-entry slide-entry-overview slide-loop-5 slide-parity-odd post-entry-last '><span class='av-partner-fake-img' style='padding-bottom:44.114002478315%; background-image:url(https:\/\/2023.transeuropafestival.eu\/wp-content\/uploads\/2023\/10\/institutul-fracez-2.png);'><\/span><\/div><\/div><\/div><\/div>\n","protected":false},"excerpt":{"rendered":"","protected":false},"author":2,"featured_media":0,"parent":0,"menu_order":0,"comment_status":"closed","ping_status":"closed","template":"","meta":{"footnotes":""},"class_list":["post-14438","page","type-page","status-publish","hentry"],"_links":{"self":[{"href":"https:\/\/2023.transeuropafestival.eu\/hu\/wp-json\/wp\/v2\/pages\/14438","targetHints":{"allow":["GET"]}}],"collection":[{"href":"https:\/\/2023.transeuropafestival.eu\/hu\/wp-json\/wp\/v2\/pages"}],"about":[{"href":"https:\/\/2023.transeuropafestival.eu\/hu\/wp-json\/wp\/v2\/types\/page"}],"author":[{"embeddable":true,"href":"https:\/\/2023.transeuropafestival.eu\/hu\/wp-json\/wp\/v2\/users\/2"}],"replies":[{"embeddable":true,"href":"https:\/\/2023.transeuropafestival.eu\/hu\/wp-json\/wp\/v2\/comments?post=14438"}],"version-history":[{"count":8,"href":"https:\/\/2023.transeuropafestival.eu\/hu\/wp-json\/wp\/v2\/pages\/14438\/revisions"}],"predecessor-version":[{"id":15580,"href":"https:\/\/2023.transeuropafestival.eu\/hu\/wp-json\/wp\/v2\/pages\/14438\/revisions\/15580"}],"wp:attachment":[{"href":"https:\/\/2023.transeuropafestival.eu\/hu\/wp-json\/wp\/v2\/media?parent=14438"}],"curies":[{"name":"wp","href":"https:\/\/api.w.org\/{rel}","templated":true}]}}