{"id":14557,"date":"2023-09-27T13:34:25","date_gmt":"2023-09-27T13:34:25","guid":{"rendered":"https:\/\/2023.transeuropafestival.eu\/mesterkurzus-intermedialitas-az-eloadomuveszetben-barbara-matijevic-el\/"},"modified":"2023-10-11T09:48:54","modified_gmt":"2023-10-11T09:48:54","slug":"mesterkurzus-intermedialitas-az-eloadomuveszetben-barbara-matijevic-el","status":"publish","type":"page","link":"https:\/\/2023.transeuropafestival.eu\/hu\/mesterkurzus-intermedialitas-az-eloadomuveszetben-barbara-matijevic-el\/","title":{"rendered":"MESTERKURZUS: INTERMEDIALIT\u00c1S AZ EL\u0150AD\u00d3M\u0170V\u00c9SZETBEN BARBARA MATIJEVI\u0106-el"},"content":{"rendered":"\n<style type=\"text\/css\" data-created_by=\"avia_inline_auto\" id=\"style-css-av-jxll87qe-2c533cfa0e981a6001ba23f112876999\">\n.avia-section.av-jxll87qe-2c533cfa0e981a6001ba23f112876999 .av-parallax .av-parallax-inner{\nbackground-repeat:no-repeat;\nbackground-image:url(https:\/\/2023.transeuropafestival.eu\/wp-content\/uploads\/2023\/09\/Forecasting-\u00a9-Yelena-Remetin_05-scaled.jpg);\nbackground-position:50% 50%;\nbackground-attachment:scroll;\n}\n.avia-section.av-jxll87qe-2c533cfa0e981a6001ba23f112876999 .av-section-color-overlay{\nopacity:0.5;\nbackground-color:#35383c;\n}\n<\/style>\n<div id='eventheader'  class='avia-section av-jxll87qe-2c533cfa0e981a6001ba23f112876999 main_color avia-section-huge avia-no-border-styling  avia-builder-el-0  el_before_av_section  avia-builder-el-first  avia-full-stretch av-parallax-section avia-bg-style-parallax av-section-color-overlay-active container_wrap fullsize'  data-section-bg-repeat='stretch'><div class='av-parallax' data-avia-parallax-ratio='0.3' ><div class='av-parallax-inner main_color avia-full-stretch'><\/div><\/div><div class=\"av-section-color-overlay-wrap\"><div class=\"av-section-color-overlay\"><\/div><div class='container av-section-cont-open' ><main  role=\"main\" itemprop=\"mainContentOfPage\"  class='template-page content  av-content-full alpha units'><div class='post-entry post-entry-type-page post-entry-14557'><div class='entry-content-wrapper clearfix'>\n\n<style type=\"text\/css\" data-created_by=\"avia_inline_auto\" id=\"style-css-av-uuknxm-83196d743f8ce680e218f95ebd7215a0\">\n.flex_column.av-uuknxm-83196d743f8ce680e218f95ebd7215a0{\nborder-radius:0px 0px 0px 0px;\npadding:0px 0px 0px 0px;\n}\n<\/style>\n<div  class='flex_column av-uuknxm-83196d743f8ce680e218f95ebd7215a0 av_one_fifth  avia-builder-el-1  el_before_av_three_fifth  avia-builder-el-first  first flex_column_div av-zero-column-padding  '     ><\/div>\n<style type=\"text\/css\" data-created_by=\"avia_inline_auto\" id=\"style-css-av-secv8a-ae4245062b7dffd33b4c2a39bdfd4dc0\">\n.flex_column.av-secv8a-ae4245062b7dffd33b4c2a39bdfd4dc0{\nborder-radius:0px 0px 0px 0px;\npadding:0px 0px 0px 0px;\n}\n<\/style>\n<div  class='flex_column av-secv8a-ae4245062b7dffd33b4c2a39bdfd4dc0 av_three_fifth  avia-builder-el-2  el_after_av_one_fifth  el_before_av_one_fifth  flex_column_div av-zero-column-padding  '     ><style type=\"text\/css\" data-created_by=\"avia_inline_auto\" id=\"style-css-av-lmgcxmqy-c454069cb58dae6ae5e7f5172593f6fc\">\n#top .av-special-heading.av-lmgcxmqy-c454069cb58dae6ae5e7f5172593f6fc{\npadding-bottom:19px;\ncolor:#ffffff;\nfont-size:40px;\n}\nbody .av-special-heading.av-lmgcxmqy-c454069cb58dae6ae5e7f5172593f6fc .av-special-heading-tag .heading-char{\nfont-size:25px;\n}\n#top #wrap_all .av-special-heading.av-lmgcxmqy-c454069cb58dae6ae5e7f5172593f6fc .av-special-heading-tag{\nfont-size:40px;\n}\n.av-special-heading.av-lmgcxmqy-c454069cb58dae6ae5e7f5172593f6fc .special-heading-inner-border{\nborder-color:#ffffff;\n}\n.av-special-heading.av-lmgcxmqy-c454069cb58dae6ae5e7f5172593f6fc .av-subheading{\nfont-size:15px;\n}\n\n@media only screen and (min-width: 480px) and (max-width: 767px){ \n#top #wrap_all .av-special-heading.av-lmgcxmqy-c454069cb58dae6ae5e7f5172593f6fc .av-special-heading-tag{\nfont-size:0.8em;\n}\n}\n\n@media only screen and (max-width: 479px){ \n#top #wrap_all .av-special-heading.av-lmgcxmqy-c454069cb58dae6ae5e7f5172593f6fc .av-special-heading-tag{\nfont-size:0.8em;\n}\n}\n<\/style>\n<div  class='av-special-heading av-lmgcxmqy-c454069cb58dae6ae5e7f5172593f6fc av-special-heading-h1 custom-color-heading blockquote modern-quote modern-centered  avia-builder-el-3  avia-builder-el-no-sibling  av-inherit-size av-linked-heading'><h1 class='av-special-heading-tag'  itemprop=\"headline\"  >MESTERKURZUS: INTERMEDIALIT\u00c1S AZ EL\u0150AD\u00d3M\u0170V\u00c9SZETBEN BARBARA MATIJEVI\u0106-el<\/h1><div class=\"special-heading-border\"><div class=\"special-heading-inner-border\"><\/div><\/div><\/div><\/div>\n<style type=\"text\/css\" data-created_by=\"avia_inline_auto\" id=\"style-css-av-qy55h6-617a1529630017067ea11caafd86d486\">\n.flex_column.av-qy55h6-617a1529630017067ea11caafd86d486{\nborder-radius:0px 0px 0px 0px;\npadding:0px 0px 0px 0px;\n}\n<\/style>\n<div  class='flex_column av-qy55h6-617a1529630017067ea11caafd86d486 av_one_fifth  avia-builder-el-4  el_after_av_three_fifth  el_before_av_one_fifth  flex_column_div av-zero-column-padding  '     ><\/div>\n<style type=\"text\/css\" data-created_by=\"avia_inline_auto\" id=\"style-css-av-92lmy-164a40ef016c00cc3ee6e5b54e1adcb4\">\n.flex_column.av-92lmy-164a40ef016c00cc3ee6e5b54e1adcb4{\nborder-radius:0px 0px 0px 0px;\npadding:0px 0px 0px 0px;\n}\n<\/style>\n<div  class='flex_column av-92lmy-164a40ef016c00cc3ee6e5b54e1adcb4 av_one_fifth  avia-builder-el-5  el_after_av_one_fifth  el_before_av_three_fifth  first flex_column_div av-zero-column-padding  column-top-margin'     ><\/div>\n<style type=\"text\/css\" data-created_by=\"avia_inline_auto\" id=\"style-css-av-nmuba2-2d5482d3e58b6e18654aa8d8f490a33c\">\n.flex_column.av-nmuba2-2d5482d3e58b6e18654aa8d8f490a33c{\nborder-radius:0px 0px 0px 0px;\npadding:0px 0px 0px 0px;\n}\n<\/style>\n<div  class='flex_column av-nmuba2-2d5482d3e58b6e18654aa8d8f490a33c av_three_fifth  avia-builder-el-6  el_after_av_one_fifth  el_before_av_one_fifth  flex_column_div av-zero-column-padding  column-top-margin'     ><p>\n<style type=\"text\/css\" data-created_by=\"avia_inline_auto\" id=\"style-css-av-jxll6vhn-756c10009e2236a44b6bb85f667f4b25\">\n.iconbox.av-jxll6vhn-756c10009e2236a44b6bb85f667f4b25 .iconbox_icon{\nbackground-color:#000000;\ncolor:#ffffff;\n}\n#top #wrap_all .iconbox.av-jxll6vhn-756c10009e2236a44b6bb85f667f4b25 .iconbox_content_title{\ncolor:#ffffff;\n}\n<\/style>\n<article  class='iconbox iconbox_left av-jxll6vhn-756c10009e2236a44b6bb85f667f4b25  avia-builder-el-7  el_before_av_icon_box  avia-builder-el-first '  itemscope=\"itemscope\" itemtype=\"https:\/\/schema.org\/CreativeWork\" ><div class=\"iconbox_content\"><header class=\"entry-content-header\"><div class=\"iconbox_icon heading-color\" aria-hidden='true' data-av_icon='\ue842' data-av_iconfont='entypo-fontello'><\/div><h3 class='iconbox_content_title '  itemprop=\"headline\" >Tranzit H\u00e1z<\/h3><\/header><div class='iconbox_content_container '  itemprop=\"text\" ><\/div><\/div><footer class=\"entry-footer\"><\/footer><\/article><br \/>\n\n<style type=\"text\/css\" data-created_by=\"avia_inline_auto\" id=\"style-css-av-jxll7wgh-38f93553c06479f6984f724aab14d055\">\n.iconbox.av-jxll7wgh-38f93553c06479f6984f724aab14d055 .iconbox_icon{\nbackground-color:#000000;\ncolor:#ffffff;\n}\n#top #wrap_all .iconbox.av-jxll7wgh-38f93553c06479f6984f724aab14d055 .iconbox_content_title{\ncolor:#ffffff;\n}\n<\/style>\n<article  class='iconbox iconbox_left av-jxll7wgh-38f93553c06479f6984f724aab14d055  avia-builder-el-8  el_after_av_icon_box  avia-builder-el-last '  itemscope=\"itemscope\" itemtype=\"https:\/\/schema.org\/CreativeWork\" ><div class=\"iconbox_content\"><header class=\"entry-content-header\"><div class=\"iconbox_icon heading-color\" aria-hidden='true' data-av_icon='\ue862' data-av_iconfont='entypo-fontello'><\/div><h3 class='iconbox_content_title '  itemprop=\"headline\" >Okt\u00f3ber 12., 15:00 \u2013 17:00<\/h3><\/header><div class='iconbox_content_container '  itemprop=\"text\" ><\/div><\/div><footer class=\"entry-footer\"><\/footer><\/article><\/p><\/div>\n<style type=\"text\/css\" data-created_by=\"avia_inline_auto\" id=\"style-css-av-m58896-45e350a35c32f768347c4a4772895ddd\">\n.flex_column.av-m58896-45e350a35c32f768347c4a4772895ddd{\nborder-radius:0px 0px 0px 0px;\npadding:0px 0px 0px 0px;\n}\n<\/style>\n<div  class='flex_column av-m58896-45e350a35c32f768347c4a4772895ddd av_one_fifth  avia-builder-el-9  el_after_av_three_fifth  avia-builder-el-last  flex_column_div av-zero-column-padding  column-top-margin'     ><\/div>\n\n<\/div><\/div><\/main><!-- close content main element --><\/div><\/div><\/div><div id='av_section_2'  class='avia-section av-lh168a-61edebe427decfc978ce17fff3a9abba main_color avia-section-small avia-no-border-styling  avia-builder-el-10  el_after_av_section  el_before_av_textblock  avia-bg-style-scroll container_wrap fullsize'  ><div class='container av-section-cont-open' ><div class='template-page content  av-content-full alpha units'><div class='post-entry post-entry-type-page post-entry-14557'><div class='entry-content-wrapper clearfix'>\n\n<style type=\"text\/css\" data-created_by=\"avia_inline_auto\" id=\"style-css-av-jd59gq-ef1e430497c3b86483c7a19aee381346\">\n.flex_column.av-jd59gq-ef1e430497c3b86483c7a19aee381346{\nborder-radius:0px 0px 0px 0px;\npadding:0px 0px 0px 0px;\n}\n<\/style>\n<div  class='flex_column av-jd59gq-ef1e430497c3b86483c7a19aee381346 av_one_fifth  avia-builder-el-11  el_before_av_three_fifth  avia-builder-el-first  first flex_column_div av-zero-column-padding  '     ><\/div>\n<style type=\"text\/css\" data-created_by=\"avia_inline_auto\" id=\"style-css-av-i6qk1m-42a2a4a10531e113ac8ed7b1d921ed6e\">\n.flex_column.av-i6qk1m-42a2a4a10531e113ac8ed7b1d921ed6e{\nborder-radius:0px 0px 0px 0px;\npadding:0px 0px 0px 0px;\n}\n<\/style>\n<div  class='flex_column av-i6qk1m-42a2a4a10531e113ac8ed7b1d921ed6e av_three_fifth  avia-builder-el-12  el_after_av_one_fifth  el_before_av_one_fifth  flex_column_div av-zero-column-padding  '     ><p><section  class='av_textblock_section av-jxll8jyw-28f723cfbf2c82c1195b36e39b9ecfd4 '   itemscope=\"itemscope\" itemtype=\"https:\/\/schema.org\/CreativeWork\" ><div class='avia_textblock'  itemprop=\"text\" ><p><span style=\"font-weight: 400;\">Az \u201eIntermedialit\u00e1s az el\u0151ad\u00f3m\u0171v\u00e9szetben\u201d egy s\u0171r\u00edtett, k\u00e9t\u00f3r\u00e1s mesterkurzus, amelynek c\u00e9lja a sz\u00ednh\u00e1z \u00e9s m\u00e1s m\u00e9diumok k\u00f6z\u00f6tti k\u00f6lcs\u00f6nhat\u00e1sok k\u00fcl\u00f6nb\u00f6z\u0151 form\u00e1inak elemz\u00e9se <\/span><span style=\"font-weight: 400;\"><span style=\"text-decoration: underline;\"><a href=\"https:\/\/2023.transeuropafestival.eu\/hu\/speakers\/barbara-matijevic\/\" target=\"_blank\" rel=\"noopener\">Barbara Matijevi\u0107<\/a><\/span> <\/span><span style=\"font-weight: 400;\">\u00e9s Giuseppe Chico alkot\u00f3i munk\u00e1j\u00e1ban.<\/span><\/p>\n<p><span style=\"font-weight: 400;\">Az intermedialit\u00e1st az 1960-as \u00e9vekben vezett\u00e9k be a k\u00fcl\u00f6nb\u00f6z\u0151 m\u0171v\u00e9szeti ter\u00fcleteken, hogy azokra a jelens\u00e9gekre hivatkozhassanak, amelyek akkor keletkeznek, amikor egy adott m\u00e9diumra jellemz\u0151 szab\u00e1lyok \u00e9s el\u0151\u00edr\u00e1sok, azaz \u00e1br\u00e1zol\u00e1si form\u00e1k \u00e9s \u00e9rz\u00e9kel\u00e9si m\u00f3dok megjelennek egy m\u00e1sik m\u00e9diumban, ahol reflekt\u00e1lnak r\u00e1juk, komment\u00e1lj\u00e1k, \u00e1talak\u00edtj\u00e1k \u00e9s alkalmazz\u00e1k \u0151ket.<\/span><\/p>\n<p><span style=\"font-weight: 400;\">Matijevi\u0107 \u00e9s Chico munk\u00e1ss\u00e1g\u00e1ban az intermedialit\u00e1s fogalma k\u00fcl\u00f6n\u00f6sen a sz\u00ednh\u00e1z \u00e9s az internet m\u00e9diuma k\u00f6z\u00f6tti k\u00f6lcs\u00f6nhat\u00e1s \u00e9s interakci\u00f3 aspektus\u00e1t hangs\u00falyozza, ez pedig mindkett\u0151 \u00fajradefini\u00e1l\u00e1s\u00e1t eredm\u00e9nyezi, ami egy \u00faj \u00e9rz\u00e9kel\u00e9shez vezet. <\/span><\/p>\n<p><span style=\"font-weight: 400;\">Az el\u0151ad\u00e1s sor\u00e1n Barbara Matijevi\u0107 konkr\u00e9t gyakorlati p\u00e9ld\u00e1kon kereszt\u00fcl mutatja be saj\u00e1t \u00e9s Chico el\u0151ad\u00e1sait, amelyek a sz\u00ednh\u00e1z mint \u201efizikai hiperm\u00e9dium\u201d (amelyet meghat\u00e1roz a val\u00f3s t\u00e9r, val\u00f3s testek, val\u00f3s t\u00e9r-id\u0151-kapcsolat a k\u00f6z\u00f6ns\u00e9ggel, \u00e9s amely k\u00e9pes minden m\u00e1s m\u00e9diumot befogadni) \u00e9s az internet mint \u201evirtu\u00e1lis hiperm\u00e9dium\u201d (amely szint\u00e9n k\u00e9pes befogadni m\u00e1s m\u00e9diumot \u2013 vide\u00f3, sz\u00f6veg, hang stb. \u2013 de nem fizikai, hanem virtu\u00e1lis m\u00f3don) k\u00f6z\u00f6tti t\u00e9rben helyezkednek el.<\/span> <span style=\"font-weight: 400;\">Legyen sz\u00f3 kr\u00e9tarajzokr\u00f3l egy \u00f3ri\u00e1si t\u00e1bl\u00e1n, mint az [ I AM 1984 ], laptop k\u00e9perny\u0151j\u00e9n lej\u00e1tsz\u00f3d\u00f3 vide\u00f3kr\u00f3l [ FORECASTING ], az internetr\u0151l sz\u00e1rmaz\u00f3 bark\u00e1csg\u00e9pek \u00e9s t\u00e1rgyak haszn\u00e1lat\u00e1r\u00f3l [ I VE NEVER DONE THIS BEFORE ], a test hiperlinkk\u00e9 alakul\u00e1s\u00e1r\u00f3l [ OUR DAILY PERFORMANCE ], vagy egy webszerverrel val\u00f3 \u00e9l\u0151 interakci\u00f3r\u00f3l [SCREENAGERS ], Barbara Matijevi\u0107 \u00e9s Giuseppe Chico performanszai formailag \u00f6tletes, elgondolkodtat\u00f3 \u00e9s k\u00f6lt\u0151i medit\u00e1ci\u00f3kat ny\u00fajtanak az ember, az \u00faj fogyaszt\u00f3i technol\u00f3gi\u00e1k \u00e9s a m\u00e9dia k\u00f6z\u00f6tti kapcsolat \u00f6sszetetts\u00e9g\u00e9r\u0151l.<\/span><\/p>\n<p><span style=\"font-weight: 400;\">A mesterkurzus konkr\u00e9t m\u0171v\u00e9szi megold\u00e1sokat \u00e9s t\u00e1rgyal\u00e1si strat\u00e9gi\u00e1kat mutat be a fizikai \u00e9s virtu\u00e1lis, az offline \u00e9s az online m\u00e9diumai k\u00f6z\u00f6tt, \u00e9s azt boncolgatja, hogyan lehet egy \u00e9l\u0151 el\u0151ad\u00e1sban a sz\u00ednh\u00e1z \u00e9s az internet m\u0171k\u00f6d\u00e9s\u00e9t egym\u00e1s mellett alkalmazni.<\/span><\/p>\n<hr \/>\n<p><em><i><span style=\"font-weight: 400;\">A mesterkurzus a<\/span><\/i> <span style=\"text-decoration: underline;\"><a href=\"http:\/\/www.institutfrancais.rs\/category\/profesionalci\/kultura-profesionalci\/teatroskop\/\" target=\"_blank\" rel=\"noopener\">Teatroskop<\/a><\/span> <span style=\"font-weight: 400;\">\u2013 <\/span><\/em><i><span style=\"font-weight: 400;\">a Francia Eur\u00f3pa- \u00e9s K\u00fcl\u00fcgyminiszt\u00e9rium, a Francia Kultur\u00e1lis Miniszt\u00e9rium \u00e9s a p\u00e1rizsi Francia Int\u00e9zet \u00e1ltal kezdem\u00e9nyezett region\u00e1lis el\u0151ad\u00f3m\u0171v\u00e9szeti program t\u00e1mogat\u00e1s\u00e1val val\u00f3sult meg.<\/span><\/i><\/p>\n<\/div><\/section><br \/>\n<section  class='av_textblock_section av-ln1t0jeo-9955e706f6efe3f653ee44c518835823 '   itemscope=\"itemscope\" itemtype=\"https:\/\/schema.org\/CreativeWork\" ><div class='avia_textblock'  itemprop=\"text\" ><p><b>Regisztr\u00e1ci\u00f3: <span style=\"text-decoration: underline;\"><a href=\"https:\/\/shorturl.at\/EZ037\">shorturl.at\/EZ037<\/a><\/span><\/b><\/p>\n<\/div><\/section><\/p><\/div>\n<style type=\"text\/css\" data-created_by=\"avia_inline_auto\" id=\"style-css-av-g9i23u-347544d3de226270186ade033236b4a7\">\n.flex_column.av-g9i23u-347544d3de226270186ade033236b4a7{\nborder-radius:0px 0px 0px 0px;\npadding:0px 0px 0px 0px;\n}\n<\/style>\n<div  class='flex_column av-g9i23u-347544d3de226270186ade033236b4a7 av_one_fifth  avia-builder-el-15  el_after_av_three_fifth  avia-builder-el-last  flex_column_div av-zero-column-padding  '     ><\/div><\/div><\/div><\/div><!-- close content main div --><\/div><\/div><div id='after_section_2'  class='main_color av_default_container_wrap container_wrap fullsize'  ><div class='container av-section-cont-open' ><div class='template-page content  av-content-full alpha units'><div class='post-entry post-entry-type-page post-entry-14557'><div class='entry-content-wrapper clearfix'><section  class='av_textblock_section av-k191qznr-1ebc207925d069603ccbe3ec9830cbec '   itemscope=\"itemscope\" itemtype=\"https:\/\/schema.org\/CreativeWork\" ><div class='avia_textblock'  itemprop=\"text\" ><h2 style=\"text-align: center;\"><strong>PARTNEREK<\/strong><\/h2>\n<h3><\/h3>\n<\/div><\/section><\/p>\n<div  class='avia-logo-element-container av-k191o4ys-4676b4faaaa8a63ea89f5e50e3b06025 av-border-deactivate avia-logo-slider avia-content-slider avia-smallarrow-slider avia-content-slider-active noHover avia-content-slider-even  avia-builder-el-17  el_after_av_textblock  avia-builder-el-last  av-slideshow-ui av-control-default av-nav-arrows-visible av-nav-dots-visible av-no-slider-navigation av-slideshow-manual av-loop-once av-loop-manual-endless avia-content-slider1' data-slideshow-options=\"{&quot;animation&quot;:&quot;slide&quot;,&quot;autoplay&quot;:false,&quot;loop_autoplay&quot;:&quot;once&quot;,&quot;interval&quot;:5,&quot;loop_manual&quot;:&quot;manual-endless&quot;,&quot;autoplay_stopper&quot;:false,&quot;noNavigation&quot;:false,&quot;bg_slider&quot;:false,&quot;keep_padding&quot;:&quot;&quot;,&quot;hoverpause&quot;:false,&quot;show_slide_delay&quot;:0}\"><div class='avia-smallarrow-slider-heading  no-logo-slider-heading '><div class='new-special-heading'>&nbsp;<\/div><\/div><div class=\"avia-content-slider-inner\"><div class=\"slide-entry-wrap\"><div  class='slide-entry av-inetju-e0af3e024944ff09c7df53157076fa39 flex_column no_margin av_one_eighth real-thumbnail post-entry slide-entry-overview slide-loop-1 slide-parity-odd  first'><span class='av-partner-fake-img' style='padding-bottom:44.114002478315%; background-image:url(https:\/\/2023.transeuropafestival.eu\/wp-content\/uploads\/2023\/09\/Tranzit-Logo.png);'><\/span><\/div><div  class='slide-entry av-awj16-fdce09661087763a529b0b56415bf941 flex_column no_margin av_one_eighth real-thumbnail post-entry slide-entry-overview slide-loop-2 slide-parity-even  '><\/div><div  class='slide-entry av-1akgnui-7c70733fee98a1f50b23bae084a43869 flex_column no_margin av_one_eighth real-thumbnail post-entry slide-entry-overview slide-loop-3 slide-parity-odd  '><a href=\"http:\/\/www.institutfrancais.rs\/category\/profesionalci\/kultura-profesionalci\/teatroskop\/\" data-rel='slide-1' class='slide-image' title='' target=\"_blank\" rel=\"noopener noreferrer\"><span class='av-partner-fake-img' style='padding-bottom:44.114002478315%; background-image:url(https:\/\/2023.transeuropafestival.eu\/wp-content\/uploads\/2023\/09\/Teatroskop-logo_2020b-5-3.jpeg);'><\/span><\/a><\/div><div  class='slide-entry av-1bt46a6-bdae0621d120a1dbcd3a5dd78c046a6a flex_column no_margin av_one_eighth real-thumbnail post-entry slide-entry-overview slide-loop-4 slide-parity-even  '><\/div><div  class='slide-entry av-p3yqi6-ce3b8af89a3b0f37cd4cc43575d0567d flex_column no_margin av_one_eighth real-thumbnail post-entry slide-entry-overview slide-loop-5 slide-parity-odd post-entry-last '><span class='av-partner-fake-img' style='padding-bottom:44.114002478315%; background-image:url(https:\/\/2023.transeuropafestival.eu\/wp-content\/uploads\/2023\/10\/institutul-fracez-2.png);'><\/span><\/div><\/div><\/div><\/div>\n","protected":false},"excerpt":{"rendered":"","protected":false},"author":2,"featured_media":0,"parent":0,"menu_order":0,"comment_status":"closed","ping_status":"closed","template":"","meta":{"footnotes":""},"class_list":["post-14557","page","type-page","status-publish","hentry"],"_links":{"self":[{"href":"https:\/\/2023.transeuropafestival.eu\/hu\/wp-json\/wp\/v2\/pages\/14557","targetHints":{"allow":["GET"]}}],"collection":[{"href":"https:\/\/2023.transeuropafestival.eu\/hu\/wp-json\/wp\/v2\/pages"}],"about":[{"href":"https:\/\/2023.transeuropafestival.eu\/hu\/wp-json\/wp\/v2\/types\/page"}],"author":[{"embeddable":true,"href":"https:\/\/2023.transeuropafestival.eu\/hu\/wp-json\/wp\/v2\/users\/2"}],"replies":[{"embeddable":true,"href":"https:\/\/2023.transeuropafestival.eu\/hu\/wp-json\/wp\/v2\/comments?post=14557"}],"version-history":[{"count":13,"href":"https:\/\/2023.transeuropafestival.eu\/hu\/wp-json\/wp\/v2\/pages\/14557\/revisions"}],"predecessor-version":[{"id":15588,"href":"https:\/\/2023.transeuropafestival.eu\/hu\/wp-json\/wp\/v2\/pages\/14557\/revisions\/15588"}],"wp:attachment":[{"href":"https:\/\/2023.transeuropafestival.eu\/hu\/wp-json\/wp\/v2\/media?parent=14557"}],"curies":[{"name":"wp","href":"https:\/\/api.w.org\/{rel}","templated":true}]}}