{"id":14685,"date":"2023-09-27T15:42:38","date_gmt":"2023-09-27T15:42:38","guid":{"rendered":"https:\/\/2023.transeuropafestival.eu\/idoutazas-gyalogtempoban-hangseta\/"},"modified":"2023-10-09T12:33:57","modified_gmt":"2023-10-09T12:33:57","slug":"idoutazas-gyalogtempoban-hangseta","status":"publish","type":"page","link":"https:\/\/2023.transeuropafestival.eu\/hu\/idoutazas-gyalogtempoban-hangseta\/","title":{"rendered":"ID\u0150UTAZ\u00c1S GYALOGTEMP\u00d3BAN \u2013 Hangs\u00e9ta"},"content":{"rendered":"\n<style type=\"text\/css\" data-created_by=\"avia_inline_auto\" id=\"style-css-av-jxll87qe-5b79036feefd089a73d93e8c94c38b73\">\n.avia-section.av-jxll87qe-5b79036feefd089a73d93e8c94c38b73 .av-parallax .av-parallax-inner{\nbackground-repeat:no-repeat;\nbackground-image:url(https:\/\/2023.transeuropafestival.eu\/wp-content\/uploads\/2023\/09\/FDP-2021-11-13-Calatorie-in-ritm-de-mers-0095web-\u00a9-Roland-Vaczi.jpeg);\nbackground-position:50% 50%;\nbackground-attachment:scroll;\n}\n.avia-section.av-jxll87qe-5b79036feefd089a73d93e8c94c38b73 .av-section-color-overlay{\nopacity:0.5;\nbackground-color:#35383c;\n}\n<\/style>\n<div id='eventheader'  class='avia-section av-jxll87qe-5b79036feefd089a73d93e8c94c38b73 main_color avia-section-huge avia-no-border-styling  avia-builder-el-0  el_before_av_section  avia-builder-el-first  avia-full-stretch av-parallax-section avia-bg-style-parallax av-section-color-overlay-active container_wrap fullsize'  data-section-bg-repeat='stretch'><div class='av-parallax' data-avia-parallax-ratio='0.3' ><div class='av-parallax-inner main_color avia-full-stretch'><\/div><\/div><div class=\"av-section-color-overlay-wrap\"><div class=\"av-section-color-overlay\"><\/div><div class='container av-section-cont-open' ><main  role=\"main\" itemprop=\"mainContentOfPage\"  class='template-page content  av-content-full alpha units'><div class='post-entry post-entry-type-page post-entry-14685'><div class='entry-content-wrapper clearfix'>\n\n<style type=\"text\/css\" data-created_by=\"avia_inline_auto\" id=\"style-css-av-uuknxm-83196d743f8ce680e218f95ebd7215a0\">\n.flex_column.av-uuknxm-83196d743f8ce680e218f95ebd7215a0{\nborder-radius:0px 0px 0px 0px;\npadding:0px 0px 0px 0px;\n}\n<\/style>\n<div  class='flex_column av-uuknxm-83196d743f8ce680e218f95ebd7215a0 av_one_fifth  avia-builder-el-1  el_before_av_three_fifth  avia-builder-el-first  first flex_column_div av-zero-column-padding  '     ><\/div>\n<style type=\"text\/css\" data-created_by=\"avia_inline_auto\" id=\"style-css-av-secv8a-ae4245062b7dffd33b4c2a39bdfd4dc0\">\n.flex_column.av-secv8a-ae4245062b7dffd33b4c2a39bdfd4dc0{\nborder-radius:0px 0px 0px 0px;\npadding:0px 0px 0px 0px;\n}\n<\/style>\n<div  class='flex_column av-secv8a-ae4245062b7dffd33b4c2a39bdfd4dc0 av_three_fifth  avia-builder-el-2  el_after_av_one_fifth  el_before_av_one_fifth  flex_column_div av-zero-column-padding  '     ><style type=\"text\/css\" data-created_by=\"avia_inline_auto\" id=\"style-css-av-lmgcxmqy-b1103d32192221ab8261fd2bb7498c06\">\n#top .av-special-heading.av-lmgcxmqy-b1103d32192221ab8261fd2bb7498c06{\npadding-bottom:19px;\ncolor:#ffffff;\nfont-size:40px;\n}\nbody .av-special-heading.av-lmgcxmqy-b1103d32192221ab8261fd2bb7498c06 .av-special-heading-tag .heading-char{\nfont-size:25px;\n}\n#top #wrap_all .av-special-heading.av-lmgcxmqy-b1103d32192221ab8261fd2bb7498c06 .av-special-heading-tag{\nfont-size:40px;\n}\n.av-special-heading.av-lmgcxmqy-b1103d32192221ab8261fd2bb7498c06 .special-heading-inner-border{\nborder-color:#ffffff;\n}\n.av-special-heading.av-lmgcxmqy-b1103d32192221ab8261fd2bb7498c06 .av-subheading{\nfont-size:15px;\n}\n\n@media only screen and (min-width: 480px) and (max-width: 767px){ \n#top #wrap_all .av-special-heading.av-lmgcxmqy-b1103d32192221ab8261fd2bb7498c06 .av-special-heading-tag{\nfont-size:0.8em;\n}\n}\n\n@media only screen and (max-width: 479px){ \n#top #wrap_all .av-special-heading.av-lmgcxmqy-b1103d32192221ab8261fd2bb7498c06 .av-special-heading-tag{\nfont-size:0.8em;\n}\n}\n<\/style>\n<div  class='av-special-heading av-lmgcxmqy-b1103d32192221ab8261fd2bb7498c06 av-special-heading-h1 custom-color-heading blockquote modern-quote modern-centered  avia-builder-el-3  avia-builder-el-no-sibling  av-inherit-size av-linked-heading'><h1 class='av-special-heading-tag'  itemprop=\"headline\"  >ID\u0150UTAZ\u00c1S GYALOGTEMP\u00d3BAN<\/h1><div class='av_custom_color av-subheading av-subheading_below'><p><span style=\"font-weight: 400;\">hangs\u00e9ta Kolozsv\u00e1ron<\/span><\/p>\n<\/div><div class=\"special-heading-border\"><div class=\"special-heading-inner-border\"><\/div><\/div><\/div><\/div>\n<style type=\"text\/css\" data-created_by=\"avia_inline_auto\" id=\"style-css-av-qy55h6-617a1529630017067ea11caafd86d486\">\n.flex_column.av-qy55h6-617a1529630017067ea11caafd86d486{\nborder-radius:0px 0px 0px 0px;\npadding:0px 0px 0px 0px;\n}\n<\/style>\n<div  class='flex_column av-qy55h6-617a1529630017067ea11caafd86d486 av_one_fifth  avia-builder-el-4  el_after_av_three_fifth  el_before_av_one_fifth  flex_column_div av-zero-column-padding  '     ><\/div>\n<style type=\"text\/css\" data-created_by=\"avia_inline_auto\" id=\"style-css-av-92lmy-164a40ef016c00cc3ee6e5b54e1adcb4\">\n.flex_column.av-92lmy-164a40ef016c00cc3ee6e5b54e1adcb4{\nborder-radius:0px 0px 0px 0px;\npadding:0px 0px 0px 0px;\n}\n<\/style>\n<div  class='flex_column av-92lmy-164a40ef016c00cc3ee6e5b54e1adcb4 av_one_fifth  avia-builder-el-5  el_after_av_one_fifth  el_before_av_three_fifth  first flex_column_div av-zero-column-padding  column-top-margin'     ><\/div>\n<style type=\"text\/css\" data-created_by=\"avia_inline_auto\" id=\"style-css-av-nmuba2-2d5482d3e58b6e18654aa8d8f490a33c\">\n.flex_column.av-nmuba2-2d5482d3e58b6e18654aa8d8f490a33c{\nborder-radius:0px 0px 0px 0px;\npadding:0px 0px 0px 0px;\n}\n<\/style>\n<div  class='flex_column av-nmuba2-2d5482d3e58b6e18654aa8d8f490a33c av_three_fifth  avia-builder-el-6  el_after_av_one_fifth  el_before_av_one_fifth  flex_column_div av-zero-column-padding  column-top-margin'     ><p>\n<style type=\"text\/css\" data-created_by=\"avia_inline_auto\" id=\"style-css-av-jxll6vhn-215b69249d07821a70cc2509843fc397\">\n.iconbox.av-jxll6vhn-215b69249d07821a70cc2509843fc397 .iconbox_icon{\nbackground-color:#000000;\ncolor:#ffffff;\n}\n#top #wrap_all .iconbox.av-jxll6vhn-215b69249d07821a70cc2509843fc397 .iconbox_content_title{\ncolor:#ffffff;\n}\n<\/style>\n<article  class='iconbox iconbox_left av-jxll6vhn-215b69249d07821a70cc2509843fc397  avia-builder-el-7  el_before_av_icon_box  avia-builder-el-first '  itemscope=\"itemscope\" itemtype=\"https:\/\/schema.org\/CreativeWork\" ><div class=\"iconbox_content\"><header class=\"entry-content-header\"><div class=\"iconbox_icon heading-color\" aria-hidden='true' data-av_icon='\ue842' data-av_iconfont='entypo-fontello'><\/div><h3 class='iconbox_content_title '  itemprop=\"headline\" >Az indul\u00e1s helysz\u00edne: ZIZ \u2013 Art and Social Area<\/h3><\/header><div class='iconbox_content_container '  itemprop=\"text\" ><\/div><\/div><footer class=\"entry-footer\"><\/footer><\/article><br \/>\n\n<style type=\"text\/css\" data-created_by=\"avia_inline_auto\" id=\"style-css-av-jxll7wgh-27adc4a9504a40df2dd251c611ab9a58\">\n.iconbox.av-jxll7wgh-27adc4a9504a40df2dd251c611ab9a58 .iconbox_icon{\nbackground-color:#000000;\ncolor:#ffffff;\n}\n#top #wrap_all .iconbox.av-jxll7wgh-27adc4a9504a40df2dd251c611ab9a58 .iconbox_content_title{\ncolor:#ffffff;\n}\n<\/style>\n<article  class='iconbox iconbox_left av-jxll7wgh-27adc4a9504a40df2dd251c611ab9a58  avia-builder-el-8  el_after_av_icon_box  avia-builder-el-last '  itemscope=\"itemscope\" itemtype=\"https:\/\/schema.org\/CreativeWork\" ><div class=\"iconbox_content\"><header class=\"entry-content-header\"><div class=\"iconbox_icon heading-color\" aria-hidden='true' data-av_icon='\ue862' data-av_iconfont='entypo-fontello'><\/div><h3 class='iconbox_content_title '  itemprop=\"headline\" >Okt\u00f3ber 13., 14:00 \u2013 18:00 | Okt\u00f3ber 14., 10:00 \u2013 14:00<\/h3><\/header><div class='iconbox_content_container '  itemprop=\"text\" ><\/div><\/div><footer class=\"entry-footer\"><\/footer><\/article><\/p><\/div>\n<style type=\"text\/css\" data-created_by=\"avia_inline_auto\" id=\"style-css-av-m58896-45e350a35c32f768347c4a4772895ddd\">\n.flex_column.av-m58896-45e350a35c32f768347c4a4772895ddd{\nborder-radius:0px 0px 0px 0px;\npadding:0px 0px 0px 0px;\n}\n<\/style>\n<div  class='flex_column av-m58896-45e350a35c32f768347c4a4772895ddd av_one_fifth  avia-builder-el-9  el_after_av_three_fifth  avia-builder-el-last  flex_column_div av-zero-column-padding  column-top-margin'     ><\/div>\n\n<\/div><\/div><\/main><!-- close content main element --><\/div><\/div><\/div><div id='av_section_2'  class='avia-section av-lh168a-61edebe427decfc978ce17fff3a9abba main_color avia-section-small avia-no-border-styling  avia-builder-el-10  el_after_av_section  el_before_av_textblock  avia-bg-style-scroll container_wrap fullsize'  ><div class='container av-section-cont-open' ><div class='template-page content  av-content-full alpha units'><div class='post-entry post-entry-type-page post-entry-14685'><div class='entry-content-wrapper clearfix'>\n\n<style type=\"text\/css\" data-created_by=\"avia_inline_auto\" id=\"style-css-av-jd59gq-ef1e430497c3b86483c7a19aee381346\">\n.flex_column.av-jd59gq-ef1e430497c3b86483c7a19aee381346{\nborder-radius:0px 0px 0px 0px;\npadding:0px 0px 0px 0px;\n}\n<\/style>\n<div  class='flex_column av-jd59gq-ef1e430497c3b86483c7a19aee381346 av_one_fifth  avia-builder-el-11  el_before_av_three_fifth  avia-builder-el-first  first flex_column_div av-zero-column-padding  '     ><\/div>\n<style type=\"text\/css\" data-created_by=\"avia_inline_auto\" id=\"style-css-av-i6qk1m-42a2a4a10531e113ac8ed7b1d921ed6e\">\n.flex_column.av-i6qk1m-42a2a4a10531e113ac8ed7b1d921ed6e{\nborder-radius:0px 0px 0px 0px;\npadding:0px 0px 0px 0px;\n}\n<\/style>\n<div  class='flex_column av-i6qk1m-42a2a4a10531e113ac8ed7b1d921ed6e av_three_fifth  avia-builder-el-12  el_after_av_one_fifth  el_before_av_one_fifth  flex_column_div av-zero-column-padding  '     ><section  class='av_textblock_section av-jxll8jyw-28f723cfbf2c82c1195b36e39b9ecfd4 '   itemscope=\"itemscope\" itemtype=\"https:\/\/schema.org\/CreativeWork\" ><div class='avia_textblock'  itemprop=\"text\" ><p><strong><span style=\"font-weight: 400;\"><span style=\"text-decoration: underline;\"><a href=\"https:\/\/2023.transeuropafestival.eu\/hu\/speakers\/adorjani-panna\/\">Adorj\u00e1ni<\/a><a href=\"https:\/\/2023.transeuropafestival.eu\/hu\/speakers\/adorjani-panna\/\"> Panna<\/a><\/span> &amp;<span style=\"text-decoration: underline;\"> <a href=\"https:\/\/2023.transeuropafestival.eu\/hu\/speakers\/lang-daniel\/\">L\u00e1ng <\/a><a href=\"https:\/\/2023.transeuropafestival.eu\/hu\/speakers\/lang-daniel\/\">D\u00e1niel<\/a><\/span>:<\/span><br \/>\n<b>Id\u0151utaz\u00e1s gyalogtemp\u00f3ban<\/b><br \/>\n<\/strong><\/p>\n<p><span style=\"font-weight: 400;\">Alkot\u00f3k: Adorj\u00e1ni Panna, L\u00e1ng D\u00e1niel<br \/>\n<\/span><span style=\"font-weight: 400;\">Producer: Ecsetgy\u00e1r, Universal Pleasure Factory<br \/>\n<\/span><span style=\"font-weight: 400;\">Menedzsment: <a href=\"https:\/\/2023.transeuropafestival.eu\/hu\/speakers\/bogdan-zenko\/\">Bogd\u00e1n <\/a><\/span><a href=\"https:\/\/2023.transeuropafestival.eu\/hu\/speakers\/bogdan-zenko\/\">Zenk\u0151<\/a><\/p>\n<p><span style=\"font-weight: 400;\">Arra keress\u00fck a v\u00e1laszt, hogy milyen \u00e9rz\u00e9st keltenek benn\u00fcnk a v\u00e1ros szobrai, eml\u00e9km\u0171vei. Melyek azok az esem\u00e9nyek, amelyeket eml\u00e9kez\u00e9sre m\u00e9lt\u00f3nak tartunk \u00e9s melyek azok, amelyeket nem? Milyen jelent\u0151s\u00e9ggel b\u00edrnak ezek az esem\u00e9nyek ma sz\u00e1munkra?<\/span><\/p>\n<p><span style=\"font-weight: 400;\">Ez a s\u00e9ta p\u00e1rbesz\u00e9d, essz\u00e9, eml\u00e9kez\u00e9s, fikci\u00f3, m\u0171v\u00e9szet. Ez a s\u00e9ta idegenk\u00e9nt n\u00e9z az ismer\u0151s terekre, \u00e9p\u00fcletekre, eml\u00e9kt\u00e1bl\u00e1kra, szobrokra. Ez a s\u00e9ta a m\u00e1r \u00e9s m\u00e9g nem l\u00e9tez\u0151 eml\u00e9kt\u00e1bl\u00e1khoz \u00e9s eml\u00e9km\u0171vekhez is elvezet. Ez a s\u00e9ta hi\u00e1nyos. Ez a s\u00e9ta m\u00e1sf\u00e9l \u00f3r\u00e1t tart, h\u00fazz k\u00e9nyelmes cip\u0151t.<\/span><\/p>\n<p><b>Id\u0151tartam:<\/b><span style=\"font-weight: 400;\"> kb. 90 perc<\/span><\/p>\n<p><b>Hossz:<\/b><span style=\"font-weight: 400;\"> kb. 4 km<\/span><\/p>\n<p><b>Id\u0151pont:<\/b><span style=\"font-weight: 400;\"> 2023. okt\u00f3ber 13., 14:00\u201317:55 k\u00f6z\u00f6tti kezd\u00e9si id\u0151pontokkal, illetve okt\u00f3ber 14., 10:00\u201313:55 k\u00f6z\u00f6tti kezd\u00e9si id\u0151pontokkal, a foglal\u00e1sod szerint<\/span><\/p>\n<p><b>Nyelv:<\/b><span style=\"font-weight: 400;\"> v\u00e1laszt\u00e1s szerint magyar, rom\u00e1n vagy angol<\/span><\/p>\n<p><b>Helysz\u00edn:<\/b><span style=\"font-weight: 400;\"> A tal\u00e1lkoz\u00f3 helysz\u00edne a ZIZ \u2013 Art and Social Area (P\u00e1rizs utca 5.). Ugyanitt fogunk t\u00e9ged visszav\u00e1rni m\u00e1sf\u00e9l \u00f3ra m\u00falva, amennyiben vissza kell hoznod a k\u00f6lcs\u00f6n k\u00e9rt felszerel\u00e9st.<\/span><\/p>\n<p><b>A r\u00e9szv\u00e9tel menete:<\/b><span style=\"font-weight: 400;\"> Az \u00e9rdekl\u0151d\u0151k a foglal\u00e1s sor\u00e1n \u00e1ltaluk megadott napokon \u00e9s id\u0151pontokban, saj\u00e1t okostelefonjukkal vagy k\u00f6lcs\u00f6nz\u00f6tt felszerel\u00e9ssel saj\u00e1t maguk j\u00e1rj\u00e1k v\u00e9gig a s\u00e9t\u00e1t. Ha valakivel egy\u00fctt szeretn\u00e9d v\u00e9gigj\u00e1rni az \u00fatvonalat, akkor a s\u00e9ta d\u00e1tum\u00e1nak \u00e9s id\u0151pontj\u00e1nak kiv\u00e1laszt\u00e1sakor hozz\u00e1adhatsz egy bar\u00e1tot. A s\u00e9ta tartoz\u00e9kainak k\u00f6lcs\u00f6nz\u00e9s\u00e9hez, egy bar\u00e1t megh\u00edv\u00e1s\u00e1hoz a t\u00far\u00e1ra \u00e9s a kezd\u00e9si id\u0151pont kiv\u00e1laszt\u00e1s\u00e1hoz k\u00e9rj\u00fck, regisztr\u00e1lj a megadott linken. A s\u00e9ta id\u0151tartama kb. 90 perc, ez\u00e9rt gy\u0151z\u0151dj meg r\u00f3la, hogy a lefoglalt id\u0151pontban van id\u0151d v\u00e9gigj\u00e1rni a s\u00e9t\u00e1t.<\/span><\/p>\n<p><span style=\"font-weight: 400;\">Fot\u00f3: Roland V\u00e1czi<\/span><\/p>\n<p><b>Foglal\u00e1s: <a href=\"https:\/\/shorturl.at\/ktDO1\"><span style=\"text-decoration: underline;\">https:\/\/shorturl.at\/ktDO1<\/span><\/a> <\/b><\/p>\n<\/div><\/section><\/div>\n<style type=\"text\/css\" data-created_by=\"avia_inline_auto\" id=\"style-css-av-g9i23u-347544d3de226270186ade033236b4a7\">\n.flex_column.av-g9i23u-347544d3de226270186ade033236b4a7{\nborder-radius:0px 0px 0px 0px;\npadding:0px 0px 0px 0px;\n}\n<\/style>\n<div  class='flex_column av-g9i23u-347544d3de226270186ade033236b4a7 av_one_fifth  avia-builder-el-14  el_after_av_three_fifth  avia-builder-el-last  flex_column_div av-zero-column-padding  '     ><\/div><\/div><\/div><\/div><!-- close content main div --><\/div><\/div><div id='after_section_2'  class='main_color av_default_container_wrap container_wrap fullsize'  ><div class='container av-section-cont-open' ><div class='template-page content  av-content-full alpha units'><div class='post-entry post-entry-type-page post-entry-14685'><div class='entry-content-wrapper clearfix'><section  class='av_textblock_section av-k191qznr-1ebc207925d069603ccbe3ec9830cbec '   itemscope=\"itemscope\" itemtype=\"https:\/\/schema.org\/CreativeWork\" ><div class='avia_textblock'  itemprop=\"text\" ><h2 style=\"text-align: center;\"><strong>PARTNEREK<\/strong><\/h2>\n<h3><\/h3>\n<\/div><\/section><\/p>\n<div  class='avia-logo-element-container av-k191o4ys-4676b4faaaa8a63ea89f5e50e3b06025 av-border-deactivate avia-logo-slider avia-content-slider avia-smallarrow-slider avia-content-slider-active noHover avia-content-slider-even  avia-builder-el-16  el_after_av_textblock  avia-builder-el-last  av-slideshow-ui av-control-default av-nav-arrows-visible av-nav-dots-visible av-no-slider-navigation av-slideshow-manual av-loop-once av-loop-manual-endless avia-content-slider1' data-slideshow-options=\"{&quot;animation&quot;:&quot;slide&quot;,&quot;autoplay&quot;:false,&quot;loop_autoplay&quot;:&quot;once&quot;,&quot;interval&quot;:5,&quot;loop_manual&quot;:&quot;manual-endless&quot;,&quot;autoplay_stopper&quot;:false,&quot;noNavigation&quot;:false,&quot;bg_slider&quot;:false,&quot;keep_padding&quot;:&quot;&quot;,&quot;hoverpause&quot;:false,&quot;show_slide_delay&quot;:0}\"><div class='avia-smallarrow-slider-heading  no-logo-slider-heading '><div class='new-special-heading'>&nbsp;<\/div><\/div><div class=\"avia-content-slider-inner\"><div class=\"slide-entry-wrap\"><div  class='slide-entry av-uj0caz-4f7108e5170199a939cbc3e41bb66770 flex_column no_margin av_one_eighth real-thumbnail post-entry slide-entry-overview slide-loop-1 slide-parity-odd  first'><span class='av-partner-fake-img' style='padding-bottom:100%; background-image:url(https:\/\/2023.transeuropafestival.eu\/wp-content\/uploads\/2023\/09\/ZIZ-logo.png);'><\/span><\/div><div  class='slide-entry av-awj16-fdce09661087763a529b0b56415bf941 flex_column no_margin av_one_eighth real-thumbnail post-entry slide-entry-overview slide-loop-2 slide-parity-even post-entry-last '><\/div><\/div><\/div><\/div>\n","protected":false},"excerpt":{"rendered":"","protected":false},"author":2,"featured_media":0,"parent":0,"menu_order":0,"comment_status":"closed","ping_status":"closed","template":"","meta":{"footnotes":""},"class_list":["post-14685","page","type-page","status-publish","hentry"],"_links":{"self":[{"href":"https:\/\/2023.transeuropafestival.eu\/hu\/wp-json\/wp\/v2\/pages\/14685","targetHints":{"allow":["GET"]}}],"collection":[{"href":"https:\/\/2023.transeuropafestival.eu\/hu\/wp-json\/wp\/v2\/pages"}],"about":[{"href":"https:\/\/2023.transeuropafestival.eu\/hu\/wp-json\/wp\/v2\/types\/page"}],"author":[{"embeddable":true,"href":"https:\/\/2023.transeuropafestival.eu\/hu\/wp-json\/wp\/v2\/users\/2"}],"replies":[{"embeddable":true,"href":"https:\/\/2023.transeuropafestival.eu\/hu\/wp-json\/wp\/v2\/comments?post=14685"}],"version-history":[{"count":6,"href":"https:\/\/2023.transeuropafestival.eu\/hu\/wp-json\/wp\/v2\/pages\/14685\/revisions"}],"predecessor-version":[{"id":15457,"href":"https:\/\/2023.transeuropafestival.eu\/hu\/wp-json\/wp\/v2\/pages\/14685\/revisions\/15457"}],"wp:attachment":[{"href":"https:\/\/2023.transeuropafestival.eu\/hu\/wp-json\/wp\/v2\/media?parent=14685"}],"curies":[{"name":"wp","href":"https:\/\/api.w.org\/{rel}","templated":true}]}}