{"id":14694,"date":"2023-09-27T15:46:45","date_gmt":"2023-09-27T15:46:45","guid":{"rendered":"https:\/\/2023.transeuropafestival.eu\/ipari-telepek-ingatlanfejlesztes-es-lakhatashoz-valo-jog\/"},"modified":"2023-09-27T15:46:45","modified_gmt":"2023-09-27T15:46:45","slug":"ipari-telepek-ingatlanfejlesztes-es-lakhatashoz-valo-jog","status":"publish","type":"page","link":"https:\/\/2023.transeuropafestival.eu\/hu\/ipari-telepek-ingatlanfejlesztes-es-lakhatashoz-valo-jog\/","title":{"rendered":"IPARI TELEPEK, INGATLANFEJLESZT\u00c9S \u00c9S LAKHAT\u00c1SHOZ VAL\u00d3 JOG"},"content":{"rendered":"\n<style type=\"text\/css\" data-created_by=\"avia_inline_auto\" id=\"style-css-av-jxll87qe-ecd25ce3e396926a5f29b3d6a6c2546f\">\n.avia-section.av-jxll87qe-ecd25ce3e396926a5f29b3d6a6c2546f .av-parallax .av-parallax-inner{\nbackground-repeat:no-repeat;\nbackground-image:url(https:\/\/2023.transeuropafestival.eu\/wp-content\/uploads\/2023\/09\/4.-Abator_new-real-estate_foto-aug-2023.jpg);\nbackground-position:50% 50%;\nbackground-attachment:scroll;\n}\n.avia-section.av-jxll87qe-ecd25ce3e396926a5f29b3d6a6c2546f .av-section-color-overlay{\nopacity:0.5;\nbackground-color:#35383c;\n}\n<\/style>\n<div id='eventheader'  class='avia-section av-jxll87qe-ecd25ce3e396926a5f29b3d6a6c2546f main_color avia-section-huge avia-no-border-styling  avia-builder-el-0  el_before_av_section  avia-builder-el-first  avia-full-stretch av-parallax-section avia-bg-style-parallax av-section-color-overlay-active container_wrap fullsize'  data-section-bg-repeat='stretch'><div class='av-parallax' data-avia-parallax-ratio='0.3' ><div class='av-parallax-inner main_color avia-full-stretch'><\/div><\/div><div class=\"av-section-color-overlay-wrap\"><div class=\"av-section-color-overlay\"><\/div><div class='container av-section-cont-open' ><main  role=\"main\" itemprop=\"mainContentOfPage\"  class='template-page content  av-content-full alpha units'><div class='post-entry post-entry-type-page post-entry-14694'><div class='entry-content-wrapper clearfix'>\n\n<style type=\"text\/css\" data-created_by=\"avia_inline_auto\" id=\"style-css-av-uuknxm-83196d743f8ce680e218f95ebd7215a0\">\n.flex_column.av-uuknxm-83196d743f8ce680e218f95ebd7215a0{\nborder-radius:0px 0px 0px 0px;\npadding:0px 0px 0px 0px;\n}\n<\/style>\n<div  class='flex_column av-uuknxm-83196d743f8ce680e218f95ebd7215a0 av_one_fifth  avia-builder-el-1  el_before_av_three_fifth  avia-builder-el-first  first flex_column_div av-zero-column-padding  '     ><\/div>\n<style type=\"text\/css\" data-created_by=\"avia_inline_auto\" id=\"style-css-av-secv8a-ae4245062b7dffd33b4c2a39bdfd4dc0\">\n.flex_column.av-secv8a-ae4245062b7dffd33b4c2a39bdfd4dc0{\nborder-radius:0px 0px 0px 0px;\npadding:0px 0px 0px 0px;\n}\n<\/style>\n<div  class='flex_column av-secv8a-ae4245062b7dffd33b4c2a39bdfd4dc0 av_three_fifth  avia-builder-el-2  el_after_av_one_fifth  el_before_av_one_fifth  flex_column_div av-zero-column-padding  '     ><style type=\"text\/css\" data-created_by=\"avia_inline_auto\" id=\"style-css-av-lmgcxmqy-960c722b2f0a6dc2d2043084aebdf422\">\n#top .av-special-heading.av-lmgcxmqy-960c722b2f0a6dc2d2043084aebdf422{\npadding-bottom:19px;\ncolor:#ffffff;\nfont-size:40px;\n}\nbody .av-special-heading.av-lmgcxmqy-960c722b2f0a6dc2d2043084aebdf422 .av-special-heading-tag .heading-char{\nfont-size:25px;\n}\n#top #wrap_all .av-special-heading.av-lmgcxmqy-960c722b2f0a6dc2d2043084aebdf422 .av-special-heading-tag{\nfont-size:40px;\n}\n.av-special-heading.av-lmgcxmqy-960c722b2f0a6dc2d2043084aebdf422 .special-heading-inner-border{\nborder-color:#ffffff;\n}\n.av-special-heading.av-lmgcxmqy-960c722b2f0a6dc2d2043084aebdf422 .av-subheading{\nfont-size:15px;\n}\n\n@media only screen and (min-width: 480px) and (max-width: 767px){ \n#top #wrap_all .av-special-heading.av-lmgcxmqy-960c722b2f0a6dc2d2043084aebdf422 .av-special-heading-tag{\nfont-size:0.8em;\n}\n}\n\n@media only screen and (max-width: 479px){ \n#top #wrap_all .av-special-heading.av-lmgcxmqy-960c722b2f0a6dc2d2043084aebdf422 .av-special-heading-tag{\nfont-size:0.8em;\n}\n}\n<\/style>\n<div  class='av-special-heading av-lmgcxmqy-960c722b2f0a6dc2d2043084aebdf422 av-special-heading-h1 custom-color-heading blockquote modern-quote modern-centered  avia-builder-el-3  avia-builder-el-no-sibling  av-inherit-size av-linked-heading'><div class='av_custom_color av-subheading av-subheading_above'><p>Besz\u00e9lget\u00e9s<\/p>\n<\/div><h1 class='av-special-heading-tag'  itemprop=\"headline\"  >IPARI TELEPEK, INGATLANFEJLESZT\u00c9S \u00c9S LAKHAT\u00c1SHOZ VAL\u00d3 JOG<\/h1><div class=\"special-heading-border\"><div class=\"special-heading-inner-border\"><\/div><\/div><\/div><\/div>\n<style type=\"text\/css\" data-created_by=\"avia_inline_auto\" id=\"style-css-av-qy55h6-617a1529630017067ea11caafd86d486\">\n.flex_column.av-qy55h6-617a1529630017067ea11caafd86d486{\nborder-radius:0px 0px 0px 0px;\npadding:0px 0px 0px 0px;\n}\n<\/style>\n<div  class='flex_column av-qy55h6-617a1529630017067ea11caafd86d486 av_one_fifth  avia-builder-el-4  el_after_av_three_fifth  el_before_av_one_fifth  flex_column_div av-zero-column-padding  '     ><\/div>\n<style type=\"text\/css\" data-created_by=\"avia_inline_auto\" id=\"style-css-av-92lmy-164a40ef016c00cc3ee6e5b54e1adcb4\">\n.flex_column.av-92lmy-164a40ef016c00cc3ee6e5b54e1adcb4{\nborder-radius:0px 0px 0px 0px;\npadding:0px 0px 0px 0px;\n}\n<\/style>\n<div  class='flex_column av-92lmy-164a40ef016c00cc3ee6e5b54e1adcb4 av_one_fifth  avia-builder-el-5  el_after_av_one_fifth  el_before_av_three_fifth  first flex_column_div av-zero-column-padding  column-top-margin'     ><\/div>\n<style type=\"text\/css\" data-created_by=\"avia_inline_auto\" id=\"style-css-av-nmuba2-2d5482d3e58b6e18654aa8d8f490a33c\">\n.flex_column.av-nmuba2-2d5482d3e58b6e18654aa8d8f490a33c{\nborder-radius:0px 0px 0px 0px;\npadding:0px 0px 0px 0px;\n}\n<\/style>\n<div  class='flex_column av-nmuba2-2d5482d3e58b6e18654aa8d8f490a33c av_three_fifth  avia-builder-el-6  el_after_av_one_fifth  el_before_av_one_fifth  flex_column_div av-zero-column-padding  column-top-margin'     ><p>\n<style type=\"text\/css\" data-created_by=\"avia_inline_auto\" id=\"style-css-av-jxll6vhn-756c10009e2236a44b6bb85f667f4b25\">\n.iconbox.av-jxll6vhn-756c10009e2236a44b6bb85f667f4b25 .iconbox_icon{\nbackground-color:#000000;\ncolor:#ffffff;\n}\n#top #wrap_all .iconbox.av-jxll6vhn-756c10009e2236a44b6bb85f667f4b25 .iconbox_content_title{\ncolor:#ffffff;\n}\n<\/style>\n<article  class='iconbox iconbox_left av-jxll6vhn-756c10009e2236a44b6bb85f667f4b25  avia-builder-el-7  el_before_av_icon_box  avia-builder-el-first '  itemscope=\"itemscope\" itemtype=\"https:\/\/schema.org\/CreativeWork\" ><div class=\"iconbox_content\"><header class=\"entry-content-header\"><div class=\"iconbox_icon heading-color\" aria-hidden='true' data-av_icon='\ue842' data-av_iconfont='entypo-fontello'><\/div><h3 class='iconbox_content_title '  itemprop=\"headline\" >Tranzit H\u00e1z<\/h3><\/header><div class='iconbox_content_container '  itemprop=\"text\" ><\/div><\/div><footer class=\"entry-footer\"><\/footer><\/article><br \/>\n\n<style type=\"text\/css\" data-created_by=\"avia_inline_auto\" id=\"style-css-av-jxll7wgh-a0982bb991903b372d90197f8ed5338d\">\n.iconbox.av-jxll7wgh-a0982bb991903b372d90197f8ed5338d .iconbox_icon{\nbackground-color:#000000;\ncolor:#ffffff;\n}\n#top #wrap_all .iconbox.av-jxll7wgh-a0982bb991903b372d90197f8ed5338d .iconbox_content_title{\ncolor:#ffffff;\n}\n<\/style>\n<article  class='iconbox iconbox_left av-jxll7wgh-a0982bb991903b372d90197f8ed5338d  avia-builder-el-8  el_after_av_icon_box  avia-builder-el-last '  itemscope=\"itemscope\" itemtype=\"https:\/\/schema.org\/CreativeWork\" ><div class=\"iconbox_content\"><header class=\"entry-content-header\"><div class=\"iconbox_icon heading-color\" aria-hidden='true' data-av_icon='\ue862' data-av_iconfont='entypo-fontello'><\/div><h3 class='iconbox_content_title '  itemprop=\"headline\" >Okt\u00f3ber 13., 17:00 \u2013 18:30<\/h3><\/header><div class='iconbox_content_container '  itemprop=\"text\" ><\/div><\/div><footer class=\"entry-footer\"><\/footer><\/article><\/p><\/div>\n<style type=\"text\/css\" data-created_by=\"avia_inline_auto\" id=\"style-css-av-m58896-45e350a35c32f768347c4a4772895ddd\">\n.flex_column.av-m58896-45e350a35c32f768347c4a4772895ddd{\nborder-radius:0px 0px 0px 0px;\npadding:0px 0px 0px 0px;\n}\n<\/style>\n<div  class='flex_column av-m58896-45e350a35c32f768347c4a4772895ddd av_one_fifth  avia-builder-el-9  el_after_av_three_fifth  avia-builder-el-last  flex_column_div av-zero-column-padding  column-top-margin'     ><\/div>\n\n<\/div><\/div><\/main><!-- close content main element --><\/div><\/div><\/div><div id='av_section_2'  class='avia-section av-lh168a-61edebe427decfc978ce17fff3a9abba main_color avia-section-small avia-no-border-styling  avia-builder-el-10  el_after_av_section  el_before_av_textblock  avia-bg-style-scroll container_wrap fullsize'  ><div class='container av-section-cont-open' ><div class='template-page content  av-content-full alpha units'><div class='post-entry post-entry-type-page post-entry-14694'><div class='entry-content-wrapper clearfix'>\n\n<style type=\"text\/css\" data-created_by=\"avia_inline_auto\" id=\"style-css-av-jd59gq-ef1e430497c3b86483c7a19aee381346\">\n.flex_column.av-jd59gq-ef1e430497c3b86483c7a19aee381346{\nborder-radius:0px 0px 0px 0px;\npadding:0px 0px 0px 0px;\n}\n<\/style>\n<div  class='flex_column av-jd59gq-ef1e430497c3b86483c7a19aee381346 av_one_fifth  avia-builder-el-11  el_before_av_three_fifth  avia-builder-el-first  first flex_column_div av-zero-column-padding  '     ><\/div>\n<style type=\"text\/css\" data-created_by=\"avia_inline_auto\" id=\"style-css-av-i6qk1m-42a2a4a10531e113ac8ed7b1d921ed6e\">\n.flex_column.av-i6qk1m-42a2a4a10531e113ac8ed7b1d921ed6e{\nborder-radius:0px 0px 0px 0px;\npadding:0px 0px 0px 0px;\n}\n<\/style>\n<div  class='flex_column av-i6qk1m-42a2a4a10531e113ac8ed7b1d921ed6e av_three_fifth  avia-builder-el-12  el_after_av_one_fifth  el_before_av_one_fifth  flex_column_div av-zero-column-padding  '     ><section  class='av_textblock_section av-jxll8jyw-28f723cfbf2c82c1195b36e39b9ecfd4 '   itemscope=\"itemscope\" itemtype=\"https:\/\/schema.org\/CreativeWork\" ><div class='avia_textblock'  itemprop=\"text\" ><p><span style=\"font-weight: 400;\">Az elm\u00falt h\u00e9t \u00e9vben, Kolozsv\u00e1r gazdas\u00e1gi fellend\u00fcl\u00e9se sor\u00e1n, a v\u00e1ls\u00e1g ut\u00e1ni id\u0151szakban, amikor a lakhat\u00e1s finansz\u00edroz\u00e1sa glob\u00e1lisan meger\u0151s\u00f6d\u00f6tt, a v\u00e1ros szinte valamennyi kor\u00e1bbi ipari ter\u00fclet\u00e9t k\u00fcl\u00f6nb\u00f6z\u0151 t\u00edpus\u00fa, lak\u00f3- \u00e9s\/vagy kereskedelmi c\u00e9l\u00fa ingatlanfejleszt\u00e9sek helysz\u00edn\u00e9v\u00e9 alak\u00edtott\u00e1k \u00e1t. Amikor 2023-ban a helyi hat\u00f3s\u00e1gok napirendre t\u0171zt\u00e9k annak a zon\u00e1lis urbanisztikai tervnek a j\u00f3v\u00e1hagy\u00e1s\u00e1t, amelyet egy k\u00fclf\u00f6ldi \u00e9p\u00edt\u00e9sz a legnagyobb rom\u00e1n t\u0151k\u00e9vel rendelkez\u0151 ingatlanbefektet\u0151, a Iulius Group sz\u00e1m\u00e1ra dolgozott ki, t\u00f6bb civil t\u00e1rsadalmi kezdem\u00e9nyez\u00e9s is indult, amelyek k\u00f6rnyezetv\u00e9delmi, \u00e9p\u00edt\u00e9szeti \u00e9s lakhat\u00e1si probl\u00e9m\u00e1kat fogalmaztak meg a projekttel kapcsolatban. Ez a kezdem\u00e9nyez\u00e9s egy r\u00e9g\u00f3ta tart\u00f3 kritikus aktivista ir\u00e1nyzatot t\u00fckr\u00f6z\u00f6tt Kolozsv\u00e1ron a helyi urbanizmus probl\u00e9m\u00e1s aspektusaival szemben, amelyet egy, a f\u0151v\u00e1rosb\u00f3l, az \u00e1llami hat\u00f3s\u00e1gokb\u00f3l \u00e9s a v\u00e1rosfejleszt\u00e9ssel kapcsolatos k\u00fcl\u00f6nb\u00f6z\u0151 ter\u00fcletek szakembereib\u0151l \u00e1ll\u00f3 n\u00f6vekv\u0151 koal\u00edci\u00f3 is t\u00e1mogatott.<\/span><\/p>\n<p><span style=\"font-weight: 400;\">Mivel ezek a k\u00e9rd\u00e9sek kulcsfontoss\u00e1g\u00faak a 2023-as TransEuropa Fesztiv\u00e1l v\u00e1ros\u00e1ban, ez\u00e9rt a lakhat\u00e1si igazs\u00e1goss\u00e1g\u00e9rt k\u00fczd\u0151 C\u0103\u0219i sociale ACUM!\/ Szoci\u00e1lis lakhat\u00e1s MOST! megh\u00edv\u00e1st kapott, hogy egy nyilv\u00e1nos workshop keret\u00e9ben megvitassa ezeket a k\u00e9rd\u00e9seket Adrian Dohotaru (SOS, Societate Organizat\u0103 Sustenabil) \u00e9s Adriana M\u0103geru\u0219an (\u00e9p\u00edt\u00e9sz, Some\u0219 Delivery) k\u00f6rnyezetv\u00e9delmi aktivist\u00e1k,<\/span><span style=\"font-weight: 400;\">\u00a0<span style=\"text-decoration: underline;\"><a href=\"https:\/\/2023.transeuropafestival.eu\/speakers\/eniko-vincze\/\">Enik\u0151 Vincze<\/a><\/span> egyetemi oktat\u00f3 \u00e9s <span style=\"text-decoration: underline;\"><a href=\"https:\/\/2023.transeuropafestival.eu\/speakers\/george-iulian-zamfir\/\">George Iulian Zamfir<\/a><\/span> (szociol\u00f3gusok), Oana Mateescu (szociol\u00f3gus, egyetemi oktat\u00f3) \u00e9s Szak\u00e1ts Istv\u00e1n (kultur\u00e1lis menedzser, a Clujul Civic FB-csoport adminisztr\u00e1tora) lakhat\u00e1si aktivist\u00e1k r\u00e9szv\u00e9tel\u00e9vel.<\/span><\/p>\n<p><img loading=\"lazy\" decoding=\"async\" class=\"alignleft wp-image-14071 size-large\" src=\"https:\/\/2023.transeuropafestival.eu\/wp-content\/uploads\/2023\/09\/poza-carbochim_noi-2021_EV-1030x579.jpeg\" alt=\"\" width=\"1030\" height=\"579\" srcset=\"https:\/\/2023.transeuropafestival.eu\/wp-content\/uploads\/2023\/09\/poza-carbochim_noi-2021_EV-1030x579.jpeg 1030w, https:\/\/2023.transeuropafestival.eu\/wp-content\/uploads\/2023\/09\/poza-carbochim_noi-2021_EV-300x169.jpeg 300w, https:\/\/2023.transeuropafestival.eu\/wp-content\/uploads\/2023\/09\/poza-carbochim_noi-2021_EV-768x432.jpeg 768w, https:\/\/2023.transeuropafestival.eu\/wp-content\/uploads\/2023\/09\/poza-carbochim_noi-2021_EV-1536x864.jpeg 1536w, https:\/\/2023.transeuropafestival.eu\/wp-content\/uploads\/2023\/09\/poza-carbochim_noi-2021_EV-2048x1152.jpeg 2048w, https:\/\/2023.transeuropafestival.eu\/wp-content\/uploads\/2023\/09\/poza-carbochim_noi-2021_EV-1500x844.jpeg 1500w, https:\/\/2023.transeuropafestival.eu\/wp-content\/uploads\/2023\/09\/poza-carbochim_noi-2021_EV-705x397.jpeg 705w\" sizes=\"auto, (max-width: 1030px) 100vw, 1030px\" \/> <img loading=\"lazy\" decoding=\"async\" class=\"alignnone wp-image-14072 size-full\" src=\"https:\/\/2023.transeuropafestival.eu\/wp-content\/uploads\/2023\/09\/PUZ-regenerare-Carbochim_iun2022.jpeg\" alt=\"\" width=\"1022\" height=\"636\" srcset=\"https:\/\/2023.transeuropafestival.eu\/wp-content\/uploads\/2023\/09\/PUZ-regenerare-Carbochim_iun2022.jpeg 1022w, https:\/\/2023.transeuropafestival.eu\/wp-content\/uploads\/2023\/09\/PUZ-regenerare-Carbochim_iun2022-300x187.jpeg 300w, https:\/\/2023.transeuropafestival.eu\/wp-content\/uploads\/2023\/09\/PUZ-regenerare-Carbochim_iun2022-768x478.jpeg 768w, https:\/\/2023.transeuropafestival.eu\/wp-content\/uploads\/2023\/09\/PUZ-regenerare-Carbochim_iun2022-705x439.jpeg 705w\" sizes=\"auto, (max-width: 1022px) 100vw, 1022px\" \/><\/p>\n<\/div><\/section><\/div>\n<style type=\"text\/css\" data-created_by=\"avia_inline_auto\" id=\"style-css-av-g9i23u-347544d3de226270186ade033236b4a7\">\n.flex_column.av-g9i23u-347544d3de226270186ade033236b4a7{\nborder-radius:0px 0px 0px 0px;\npadding:0px 0px 0px 0px;\n}\n<\/style>\n<div  class='flex_column av-g9i23u-347544d3de226270186ade033236b4a7 av_one_fifth  avia-builder-el-14  el_after_av_three_fifth  avia-builder-el-last  flex_column_div av-zero-column-padding  '     ><\/div><\/div><\/div><\/div><!-- close content main div --><\/div><\/div><div id='after_section_2'  class='main_color av_default_container_wrap container_wrap fullsize'  ><div class='container av-section-cont-open' ><div class='template-page content  av-content-full alpha units'><div class='post-entry post-entry-type-page post-entry-14694'><div class='entry-content-wrapper clearfix'><section  class='av_textblock_section av-k191qznr-1ebc207925d069603ccbe3ec9830cbec '   itemscope=\"itemscope\" itemtype=\"https:\/\/schema.org\/CreativeWork\" ><div class='avia_textblock'  itemprop=\"text\" ><h2 style=\"text-align: center;\"><strong>PARTNEREK<\/strong><\/h2>\n<h3><\/h3>\n<\/div><\/section><\/p>\n<div  class='avia-logo-element-container av-k191o4ys-4676b4faaaa8a63ea89f5e50e3b06025 av-border-deactivate avia-logo-slider avia-content-slider avia-smallarrow-slider avia-content-slider-active noHover avia-content-slider-even  avia-builder-el-16  el_after_av_textblock  avia-builder-el-last  av-slideshow-ui av-control-default av-nav-arrows-visible av-nav-dots-visible av-no-slider-navigation av-slideshow-manual av-loop-once av-loop-manual-endless avia-content-slider1' data-slideshow-options=\"{&quot;animation&quot;:&quot;slide&quot;,&quot;autoplay&quot;:false,&quot;loop_autoplay&quot;:&quot;once&quot;,&quot;interval&quot;:5,&quot;loop_manual&quot;:&quot;manual-endless&quot;,&quot;autoplay_stopper&quot;:false,&quot;noNavigation&quot;:false,&quot;bg_slider&quot;:false,&quot;keep_padding&quot;:&quot;&quot;,&quot;hoverpause&quot;:false,&quot;show_slide_delay&quot;:0}\"><div class='avia-smallarrow-slider-heading  no-logo-slider-heading '><div class='new-special-heading'>&nbsp;<\/div><\/div><div class=\"avia-content-slider-inner\"><div class=\"slide-entry-wrap\"><div  class='slide-entry av-i6z9ch-b818652ca5fb28c99245a5500570e543 flex_column no_margin av_one_eighth real-thumbnail post-entry slide-entry-overview slide-loop-1 slide-parity-odd  first'><span class='av-partner-fake-img' style='padding-bottom:100.76791808874%; background-image:url(https:\/\/2023.transeuropafestival.eu\/wp-content\/uploads\/2023\/09\/Casi-logo.png);'><\/span><\/div><div  class='slide-entry av-awj16-fdce09661087763a529b0b56415bf941 flex_column no_margin av_one_eighth real-thumbnail post-entry slide-entry-overview slide-loop-2 slide-parity-even  '><\/div><div  class='slide-entry av-inetju-e0af3e024944ff09c7df53157076fa39 flex_column no_margin av_one_eighth real-thumbnail post-entry slide-entry-overview slide-loop-3 slide-parity-odd post-entry-last '><span class='av-partner-fake-img' style='padding-bottom:100.76791808874%; background-image:url(https:\/\/2023.transeuropafestival.eu\/wp-content\/uploads\/2023\/09\/Tranzit-Logo.png);'><\/span><\/div><\/div><\/div><\/div>\n","protected":false},"excerpt":{"rendered":"","protected":false},"author":2,"featured_media":0,"parent":0,"menu_order":0,"comment_status":"closed","ping_status":"closed","template":"","meta":{"footnotes":""},"class_list":["post-14694","page","type-page","status-publish","hentry"],"_links":{"self":[{"href":"https:\/\/2023.transeuropafestival.eu\/hu\/wp-json\/wp\/v2\/pages\/14694","targetHints":{"allow":["GET"]}}],"collection":[{"href":"https:\/\/2023.transeuropafestival.eu\/hu\/wp-json\/wp\/v2\/pages"}],"about":[{"href":"https:\/\/2023.transeuropafestival.eu\/hu\/wp-json\/wp\/v2\/types\/page"}],"author":[{"embeddable":true,"href":"https:\/\/2023.transeuropafestival.eu\/hu\/wp-json\/wp\/v2\/users\/2"}],"replies":[{"embeddable":true,"href":"https:\/\/2023.transeuropafestival.eu\/hu\/wp-json\/wp\/v2\/comments?post=14694"}],"version-history":[{"count":2,"href":"https:\/\/2023.transeuropafestival.eu\/hu\/wp-json\/wp\/v2\/pages\/14694\/revisions"}],"predecessor-version":[{"id":14700,"href":"https:\/\/2023.transeuropafestival.eu\/hu\/wp-json\/wp\/v2\/pages\/14694\/revisions\/14700"}],"wp:attachment":[{"href":"https:\/\/2023.transeuropafestival.eu\/hu\/wp-json\/wp\/v2\/media?parent=14694"}],"curies":[{"name":"wp","href":"https:\/\/api.w.org\/{rel}","templated":true}]}}