{"id":14702,"date":"2023-09-27T15:49:41","date_gmt":"2023-09-27T15:49:41","guid":{"rendered":"https:\/\/2023.transeuropafestival.eu\/artist-parcurs-ideal-video-installacio-es-online-platform-bemutato\/"},"modified":"2023-10-06T17:19:31","modified_gmt":"2023-10-06T17:19:31","slug":"artist-parcurs-ideal-video-installacio-es-online-platform-bemutato","status":"publish","type":"page","link":"https:\/\/2023.transeuropafestival.eu\/hu\/artist-parcurs-ideal-video-installacio-es-online-platform-bemutato\/","title":{"rendered":"artISt: parcurs.ideal | VIDE\u00d3 INSTALL\u00c1CI\u00d3 \u00c9S ONLINE PLATFORM \u2013 BEMUTAT\u00d3"},"content":{"rendered":"\n<style type=\"text\/css\" data-created_by=\"avia_inline_auto\" id=\"style-css-av-jxll87qe-77576aefc85455740d28a1b7d1df4082\">\n.avia-section.av-jxll87qe-77576aefc85455740d28a1b7d1df4082 .av-parallax .av-parallax-inner{\nbackground-repeat:no-repeat;\nbackground-image:url(https:\/\/2023.transeuropafestival.eu\/wp-content\/uploads\/2023\/10\/tranzit_update_EVENT-ArtISt-Cluj-bun_4-1.jpg);\nbackground-position:50% 50%;\nbackground-attachment:scroll;\n}\n.avia-section.av-jxll87qe-77576aefc85455740d28a1b7d1df4082 .av-section-color-overlay{\nopacity:0.5;\nbackground-color:#35383c;\n}\n<\/style>\n<div id='eventheader'  class='avia-section av-jxll87qe-77576aefc85455740d28a1b7d1df4082 main_color avia-section-huge avia-no-border-styling  avia-builder-el-0  el_before_av_section  avia-builder-el-first  avia-full-stretch av-parallax-section avia-bg-style-parallax av-section-color-overlay-active container_wrap fullsize'  data-section-bg-repeat='stretch'><div class='av-parallax' data-avia-parallax-ratio='0.3' ><div class='av-parallax-inner main_color avia-full-stretch'><\/div><\/div><div class=\"av-section-color-overlay-wrap\"><div class=\"av-section-color-overlay\"><\/div><div class='container av-section-cont-open' ><main  role=\"main\" itemprop=\"mainContentOfPage\"  class='template-page content  av-content-full alpha units'><div class='post-entry post-entry-type-page post-entry-14702'><div class='entry-content-wrapper clearfix'>\n\n<style type=\"text\/css\" data-created_by=\"avia_inline_auto\" id=\"style-css-av-uuknxm-83196d743f8ce680e218f95ebd7215a0\">\n.flex_column.av-uuknxm-83196d743f8ce680e218f95ebd7215a0{\nborder-radius:0px 0px 0px 0px;\npadding:0px 0px 0px 0px;\n}\n<\/style>\n<div  class='flex_column av-uuknxm-83196d743f8ce680e218f95ebd7215a0 av_one_fifth  avia-builder-el-1  el_before_av_three_fifth  avia-builder-el-first  first flex_column_div av-zero-column-padding  '     ><\/div>\n<style type=\"text\/css\" data-created_by=\"avia_inline_auto\" id=\"style-css-av-secv8a-ae4245062b7dffd33b4c2a39bdfd4dc0\">\n.flex_column.av-secv8a-ae4245062b7dffd33b4c2a39bdfd4dc0{\nborder-radius:0px 0px 0px 0px;\npadding:0px 0px 0px 0px;\n}\n<\/style>\n<div  class='flex_column av-secv8a-ae4245062b7dffd33b4c2a39bdfd4dc0 av_three_fifth  avia-builder-el-2  el_after_av_one_fifth  el_before_av_one_fifth  flex_column_div av-zero-column-padding  '     ><style type=\"text\/css\" data-created_by=\"avia_inline_auto\" id=\"style-css-av-lmgcxmqy-743c63080a06599d9be78be31b7f9dae\">\n#top .av-special-heading.av-lmgcxmqy-743c63080a06599d9be78be31b7f9dae{\npadding-bottom:19px;\ncolor:#ffffff;\nfont-size:40px;\n}\nbody .av-special-heading.av-lmgcxmqy-743c63080a06599d9be78be31b7f9dae .av-special-heading-tag .heading-char{\nfont-size:25px;\n}\n#top #wrap_all .av-special-heading.av-lmgcxmqy-743c63080a06599d9be78be31b7f9dae .av-special-heading-tag{\nfont-size:40px;\n}\n.av-special-heading.av-lmgcxmqy-743c63080a06599d9be78be31b7f9dae .special-heading-inner-border{\nborder-color:#ffffff;\n}\n.av-special-heading.av-lmgcxmqy-743c63080a06599d9be78be31b7f9dae .av-subheading{\nfont-size:15px;\n}\n\n@media only screen and (min-width: 480px) and (max-width: 767px){ \n#top #wrap_all .av-special-heading.av-lmgcxmqy-743c63080a06599d9be78be31b7f9dae .av-special-heading-tag{\nfont-size:0.8em;\n}\n}\n\n@media only screen and (max-width: 479px){ \n#top #wrap_all .av-special-heading.av-lmgcxmqy-743c63080a06599d9be78be31b7f9dae .av-special-heading-tag{\nfont-size:0.8em;\n}\n}\n<\/style>\n<div  class='av-special-heading av-lmgcxmqy-743c63080a06599d9be78be31b7f9dae av-special-heading-h1 custom-color-heading blockquote modern-quote modern-centered  avia-builder-el-3  avia-builder-el-no-sibling  av-inherit-size av-linked-heading'><div class='av_custom_color av-subheading av-subheading_above'><p><span style=\"font-weight: 400;\">Filmvet\u00edt\u00e9s<\/span><\/p>\n<\/div><h1 class='av-special-heading-tag'  itemprop=\"headline\"  >artISt: parcurs.ideal | VIDE\u00d3 INSTALL\u00c1CI\u00d3 \u00c9S ONLINE PLATFORM \u2013 BEMUTAT\u00d3<\/h1><div class=\"special-heading-border\"><div class=\"special-heading-inner-border\"><\/div><\/div><\/div><\/div>\n<style type=\"text\/css\" data-created_by=\"avia_inline_auto\" id=\"style-css-av-qy55h6-617a1529630017067ea11caafd86d486\">\n.flex_column.av-qy55h6-617a1529630017067ea11caafd86d486{\nborder-radius:0px 0px 0px 0px;\npadding:0px 0px 0px 0px;\n}\n<\/style>\n<div  class='flex_column av-qy55h6-617a1529630017067ea11caafd86d486 av_one_fifth  avia-builder-el-4  el_after_av_three_fifth  el_before_av_one_fifth  flex_column_div av-zero-column-padding  '     ><\/div>\n<style type=\"text\/css\" data-created_by=\"avia_inline_auto\" id=\"style-css-av-92lmy-164a40ef016c00cc3ee6e5b54e1adcb4\">\n.flex_column.av-92lmy-164a40ef016c00cc3ee6e5b54e1adcb4{\nborder-radius:0px 0px 0px 0px;\npadding:0px 0px 0px 0px;\n}\n<\/style>\n<div  class='flex_column av-92lmy-164a40ef016c00cc3ee6e5b54e1adcb4 av_one_fifth  avia-builder-el-5  el_after_av_one_fifth  el_before_av_three_fifth  first flex_column_div av-zero-column-padding  column-top-margin'     ><\/div>\n<style type=\"text\/css\" data-created_by=\"avia_inline_auto\" id=\"style-css-av-nmuba2-2d5482d3e58b6e18654aa8d8f490a33c\">\n.flex_column.av-nmuba2-2d5482d3e58b6e18654aa8d8f490a33c{\nborder-radius:0px 0px 0px 0px;\npadding:0px 0px 0px 0px;\n}\n<\/style>\n<div  class='flex_column av-nmuba2-2d5482d3e58b6e18654aa8d8f490a33c av_three_fifth  avia-builder-el-6  el_after_av_one_fifth  el_before_av_one_fifth  flex_column_div av-zero-column-padding  column-top-margin'     ><p>\n<style type=\"text\/css\" data-created_by=\"avia_inline_auto\" id=\"style-css-av-jxll6vhn-756c10009e2236a44b6bb85f667f4b25\">\n.iconbox.av-jxll6vhn-756c10009e2236a44b6bb85f667f4b25 .iconbox_icon{\nbackground-color:#000000;\ncolor:#ffffff;\n}\n#top #wrap_all .iconbox.av-jxll6vhn-756c10009e2236a44b6bb85f667f4b25 .iconbox_content_title{\ncolor:#ffffff;\n}\n<\/style>\n<article  class='iconbox iconbox_left av-jxll6vhn-756c10009e2236a44b6bb85f667f4b25  avia-builder-el-7  el_before_av_icon_box  avia-builder-el-first '  itemscope=\"itemscope\" itemtype=\"https:\/\/schema.org\/CreativeWork\" ><div class=\"iconbox_content\"><header class=\"entry-content-header\"><div class=\"iconbox_icon heading-color\" aria-hidden='true' data-av_icon='\ue842' data-av_iconfont='entypo-fontello'><\/div><h3 class='iconbox_content_title '  itemprop=\"headline\" >Tranzit H\u00e1z<\/h3><\/header><div class='iconbox_content_container '  itemprop=\"text\" ><\/div><\/div><footer class=\"entry-footer\"><\/footer><\/article><br \/>\n\n<style type=\"text\/css\" data-created_by=\"avia_inline_auto\" id=\"style-css-av-jxll7wgh-e1ee157c554bc6d0f7926f78cbe4517d\">\n.iconbox.av-jxll7wgh-e1ee157c554bc6d0f7926f78cbe4517d .iconbox_icon{\nbackground-color:#000000;\ncolor:#ffffff;\n}\n#top #wrap_all .iconbox.av-jxll7wgh-e1ee157c554bc6d0f7926f78cbe4517d .iconbox_content_title{\ncolor:#ffffff;\n}\n<\/style>\n<article  class='iconbox iconbox_left av-jxll7wgh-e1ee157c554bc6d0f7926f78cbe4517d  avia-builder-el-8  el_after_av_icon_box  avia-builder-el-last '  itemscope=\"itemscope\" itemtype=\"https:\/\/schema.org\/CreativeWork\" ><div class=\"iconbox_content\"><header class=\"entry-content-header\"><div class=\"iconbox_icon heading-color\" aria-hidden='true' data-av_icon='\ue862' data-av_iconfont='entypo-fontello'><\/div><h3 class='iconbox_content_title '  itemprop=\"headline\" >Okt\u00f3ber 13., 19:00<\/h3><\/header><div class='iconbox_content_container '  itemprop=\"text\" ><\/div><\/div><footer class=\"entry-footer\"><\/footer><\/article><\/p><\/div>\n<style type=\"text\/css\" data-created_by=\"avia_inline_auto\" id=\"style-css-av-m58896-45e350a35c32f768347c4a4772895ddd\">\n.flex_column.av-m58896-45e350a35c32f768347c4a4772895ddd{\nborder-radius:0px 0px 0px 0px;\npadding:0px 0px 0px 0px;\n}\n<\/style>\n<div  class='flex_column av-m58896-45e350a35c32f768347c4a4772895ddd av_one_fifth  avia-builder-el-9  el_after_av_three_fifth  avia-builder-el-last  flex_column_div av-zero-column-padding  column-top-margin'     ><\/div>\n\n<\/div><\/div><\/main><!-- close content main element --><\/div><\/div><\/div><div id='av_section_2'  class='avia-section av-lh168a-61edebe427decfc978ce17fff3a9abba main_color avia-section-small avia-no-border-styling  avia-builder-el-10  el_after_av_section  el_before_av_textblock  avia-bg-style-scroll container_wrap fullsize'  ><div class='container av-section-cont-open' ><div class='template-page content  av-content-full alpha units'><div class='post-entry post-entry-type-page post-entry-14702'><div class='entry-content-wrapper clearfix'>\n\n<style type=\"text\/css\" data-created_by=\"avia_inline_auto\" id=\"style-css-av-jd59gq-ef1e430497c3b86483c7a19aee381346\">\n.flex_column.av-jd59gq-ef1e430497c3b86483c7a19aee381346{\nborder-radius:0px 0px 0px 0px;\npadding:0px 0px 0px 0px;\n}\n<\/style>\n<div  class='flex_column av-jd59gq-ef1e430497c3b86483c7a19aee381346 av_one_fifth  avia-builder-el-11  el_before_av_three_fifth  avia-builder-el-first  first flex_column_div av-zero-column-padding  '     ><\/div>\n<style type=\"text\/css\" data-created_by=\"avia_inline_auto\" id=\"style-css-av-i6qk1m-42a2a4a10531e113ac8ed7b1d921ed6e\">\n.flex_column.av-i6qk1m-42a2a4a10531e113ac8ed7b1d921ed6e{\nborder-radius:0px 0px 0px 0px;\npadding:0px 0px 0px 0px;\n}\n<\/style>\n<div  class='flex_column av-i6qk1m-42a2a4a10531e113ac8ed7b1d921ed6e av_three_fifth  avia-builder-el-12  el_after_av_one_fifth  el_before_av_one_fifth  flex_column_div av-zero-column-padding  '     ><section  class='av_textblock_section av-jxll8jyw-28f723cfbf2c82c1195b36e39b9ecfd4 '   itemscope=\"itemscope\" itemtype=\"https:\/\/schema.org\/CreativeWork\" ><div class='avia_textblock'  itemprop=\"text\" ><p><strong>artISt: parcurs.ideal | vide\u00f3 install\u00e1ci\u00f3 \u00e9s online platform \u2013 bemutat\u00f3<\/strong><\/p>\n<p><span style=\"font-weight: 400;\">Az artISt: parcurs.ideal projekt \u2013 amelyet a ColectivA Egyes\u00fclet a francia Nageurs de Nuit c\u00e9ggel k\u00f6z\u00f6sen dolgozott ki, a m\u0171v\u00e9szeti szf\u00e9ra munkaer\u0151piac\u00e1t hivatott felt\u00e1rni \u00e9s dokument\u00e1lni egy olyan sorozaton kereszt\u00fcl, amely v\u00e9gigk\u00f6veti azt a sz\u00ednh\u00e1zi p\u00e1ly\u00e1t, amelyet a rom\u00e1niai fiatal sz\u00ednh\u00e1zi diplom\u00e1sok az egyetemi tanulm\u00e1nyok ut\u00e1n v\u00e9gig j\u00e1rnak.\u00a0<\/span><\/p>\n<p><span style=\"font-weight: 400;\">Mindez 2010-ben kezd\u0151d\u00f6tt, Roxane Borgna dokumentumfilmj\u00e9vel, amely a j\u00e1szv\u00e1s\u00e1ri sz\u00ednm\u0171v\u00e9szeti egyetem 10 friss v\u00e9gz\u0151seivel k\u00e9sz\u00edtett interj\u00fasorozaton alapult. 2023-ban Roxane visszat\u00e9rt Rom\u00e1ni\u00e1ba, \u00e9s \u00fajabb 9 interj\u00fat k\u00e9sz\u00edtett az els\u0151 film alanyaival, ez\u00fattal Bukarestben, J\u00e1szv\u00e1s\u00e1ron, Temesv\u00e1ron \u00e9s Kolozsv\u00e1ron.<\/span><\/p>\n<p><span style=\"font-weight: 400;\">ArtISt videoinstall\u00e1ci\u00f3 \u00e9s online platform: parcurs.ideal<\/span><\/p>\n<p><span style=\"font-weight: 400;\">A videoinstall\u00e1ci\u00f3 kur\u00e1tori megk\u00f6zel\u00edt\u00e9se olyan szerepl\u0151k \u00fajrafelfedez\u00e9s\u00e9t c\u00e9lozza, akik 2010-ben az objekt\u00edv igazs\u00e1g hordoz\u00f3ik\u00e9nt \u2013 sz\u00edn\u00e9szek, rendez\u0151k vagy \u00e9nekesek, \u00e1tk\u00e9pz\u00e9sben l\u00e9v\u0151 alkot\u00f3k \u2013 fejezt\u00e9k ki elk\u00e9pzel\u00e9seiket \u00e9s v\u00e1gyaikat a j\u00f6v\u0151vel kapcsolatban.<\/span> <span style=\"font-weight: 400;\">A film felt\u00e1rja a val\u00f3s\u00e1g elemeit, a megfigyelt \u00e9s a szervezett val\u00f3s\u00e1gokat egyar\u00e1nt. Az install\u00e1ci\u00f3 arra is t\u00f6rekszik, hogy megmutassa azokat a helyeket, ahol ezeket az alkot\u00f3kat \u201emegtal\u00e1ljuk\u201d \u2013 a sz\u00ednh\u00e1zban, a turn\u00e9kon, egy kocsmai improviz\u00e1ci\u00f3s sz\u00ednh\u00e1zi csoportban, az \u00e1tk\u00e9pz\u00e9s alatt \u00e1ll\u00f3 alkot\u00f3t vid\u00e9ken \u2013, ez\u00e1ltal \u00e9rz\u00e9keltetve az ember fejl\u0151d\u00e9s\u00e9nek sokf\u00e9le lehet\u0151s\u00e9g\u00e9t.<\/span> <span style=\"font-weight: 400;\">Az online platform \u00f6sszefogja \u00e9s egym\u00e1s t\u00fckr\u00e9be helyezi az egyes alkot\u00f3k 2010-es \u00e9s a 2023-as \u00fatj\u00e1t.<\/span><\/p>\n<p><span style=\"font-weight: 400;\">T\u00e1rsproducerek: Nageurs de Nuit \u00e9s Association ColectivA<\/span><\/p>\n<p><span style=\"font-weight: 400;\">Partnerek: Babe\u0219\u2013Bolyai Tudom\u00e1nyegyetem Sz\u00ednh\u00e1z- \u00e9s Filmm\u0171v\u00e9szeti Kara, Kolozsv\u00e1r (FTF), Francia Kultur\u00e1lis Int\u00e9zet, Ion Vidu Temesv\u00e1ri M\u0171v\u00e9szeti K\u00f6z\u00e9piskola, George Enescu Nemzeti M\u0171v\u00e9szeti Egyetem, J\u00e1szv\u00e1s\u00e1r (UNAGE), I.L. Caragiale Nemzeti Sz\u00ednh\u00e1z- \u00e9s Filmm\u0171v\u00e9szeti Egyetem, Bukarest (UNATC).<\/span><\/p>\n<p><span style=\"font-weight: 400;\">Partner helysz\u00ednek: Tranzit H\u00e1z (Kolozsv\u00e1r), Replika K\u00f6zpont (Bukarest), Basca Sz\u00ednh\u00e1z (Temesv\u00e1r).<\/span><\/p>\n<hr \/>\n<p><em><span style=\"font-weight: 400;\">A projekt a \u201eTemesv\u00e1r \u2013 Eur\u00f3pa Kultur\u00e1lis F\u0151v\u00e1rosa 2023\u201d nemzeti kultur\u00e1lis program r\u00e9sze, \u00e9s az \u00e1llami k\u00f6lts\u00e9gvet\u00e9sb\u0151l a Kult\u00farmi\u00adniszt\u00e9rium r\u00e9sz\u00e9re elk\u00fcl\u00f6n\u00edtett \u00e9vi k\u00f6lts\u00e9gvet\u00e9sen kereszt\u00fcl a Temesv\u00e1ri \u00d6nkor\u00adm\u00e1nyzat Projektk\u00f6zpontja \u00e1ltal m\u0171k\u00f6dtetett Grow Timi\u0219oara 2023 program finansz\u00edrozza.<\/span><\/em><\/p>\n<p><em><span style=\"font-weight: 400;\">A projekt t\u00e1rsfinansz\u00edroz\u00f3ja a Rom\u00e1n Nemzeti Kultur\u00e1lis Alap (AFCN). A projekt tartalma nem t\u00fckr\u00f6zi a Rom\u00e1n Nemzeti Kultur\u00e1lis Alap hivatalos \u00e1ll\u00e1spontj\u00e1t. A Rom\u00e1n Nemzeti Kultur\u00e1lis Alap nem felel\u0151s a projekt tartalm\u00e1\u00e9rt, valamint az\u00e9rt, ahogyan annak eredm\u00e9nyei hasznosulnak. Ezek teljes eg\u00e9sz\u00e9ben a kedvezm\u00e9nyezett felel\u0151ss\u00e9g\u00e9be tartoznak.<\/span><\/em><\/p>\n<\/div><\/section><\/div>\n<style type=\"text\/css\" data-created_by=\"avia_inline_auto\" id=\"style-css-av-g9i23u-347544d3de226270186ade033236b4a7\">\n.flex_column.av-g9i23u-347544d3de226270186ade033236b4a7{\nborder-radius:0px 0px 0px 0px;\npadding:0px 0px 0px 0px;\n}\n<\/style>\n<div  class='flex_column av-g9i23u-347544d3de226270186ade033236b4a7 av_one_fifth  avia-builder-el-14  el_after_av_three_fifth  avia-builder-el-last  flex_column_div av-zero-column-padding  '     ><\/div>\n<\/div><\/div><\/div><!-- close content main div --><\/div><\/div><div id='after_section_2'  class='main_color av_default_container_wrap container_wrap fullsize'  ><div class='container av-section-cont-open' ><div class='template-page content  av-content-full alpha units'><div class='post-entry post-entry-type-page post-entry-14702'><div class='entry-content-wrapper clearfix'>\n<section  class='av_textblock_section av-k191qznr-1ebc207925d069603ccbe3ec9830cbec '   itemscope=\"itemscope\" itemtype=\"https:\/\/schema.org\/CreativeWork\" ><div class='avia_textblock'  itemprop=\"text\" ><h2 style=\"text-align: center;\"><strong>PARTNEREK<\/strong><\/h2>\n<h3><\/h3>\n<\/div><\/section>\n<div  class='avia-logo-element-container av-k191o4ys-4676b4faaaa8a63ea89f5e50e3b06025 av-border-deactivate avia-logo-slider avia-content-slider avia-smallarrow-slider avia-content-slider-active noHover avia-content-slider-even  avia-builder-el-16  el_after_av_textblock  avia-builder-el-last  av-slideshow-ui av-control-default av-nav-arrows-visible av-nav-dots-visible av-no-slider-navigation av-slideshow-manual av-loop-once av-loop-manual-endless avia-content-slider1' data-slideshow-options=\"{&quot;animation&quot;:&quot;slide&quot;,&quot;autoplay&quot;:false,&quot;loop_autoplay&quot;:&quot;once&quot;,&quot;interval&quot;:5,&quot;loop_manual&quot;:&quot;manual-endless&quot;,&quot;autoplay_stopper&quot;:false,&quot;noNavigation&quot;:false,&quot;bg_slider&quot;:false,&quot;keep_padding&quot;:&quot;&quot;,&quot;hoverpause&quot;:false,&quot;show_slide_delay&quot;:0}\"><div class='avia-smallarrow-slider-heading  no-logo-slider-heading '><div class='new-special-heading'>&nbsp;<\/div><\/div><div class=\"avia-content-slider-inner\"><div class=\"slide-entry-wrap\"><div  class='slide-entry av-inetju-e0af3e024944ff09c7df53157076fa39 flex_column no_margin av_one_eighth real-thumbnail post-entry slide-entry-overview slide-loop-1 slide-parity-odd  first'><span class='av-partner-fake-img' style='padding-bottom:44.114002478315%; background-image:url(https:\/\/2023.transeuropafestival.eu\/wp-content\/uploads\/2023\/09\/Tranzit-Logo.png);'><\/span><\/div><div  class='slide-entry av-awj16-fdce09661087763a529b0b56415bf941 flex_column no_margin av_one_eighth real-thumbnail post-entry slide-entry-overview slide-loop-2 slide-parity-even  '><\/div><div  class='slide-entry av-uoue1j-63d54e971504744ae1824470994dada0 flex_column no_margin av_one_eighth real-thumbnail post-entry slide-entry-overview slide-loop-3 slide-parity-odd post-entry-last '><span class='av-partner-fake-img' style='padding-bottom:44.114002478315%; background-image:url(https:\/\/2023.transeuropafestival.eu\/wp-content\/uploads\/2023\/10\/326492432_1241770333414733_2205600229709533016_n.jpeg);'><\/span><\/div><\/div><\/div><\/div>\n","protected":false},"excerpt":{"rendered":"","protected":false},"author":2,"featured_media":0,"parent":0,"menu_order":0,"comment_status":"closed","ping_status":"closed","template":"","meta":{"footnotes":""},"class_list":["post-14702","page","type-page","status-publish","hentry"],"_links":{"self":[{"href":"https:\/\/2023.transeuropafestival.eu\/hu\/wp-json\/wp\/v2\/pages\/14702","targetHints":{"allow":["GET"]}}],"collection":[{"href":"https:\/\/2023.transeuropafestival.eu\/hu\/wp-json\/wp\/v2\/pages"}],"about":[{"href":"https:\/\/2023.transeuropafestival.eu\/hu\/wp-json\/wp\/v2\/types\/page"}],"author":[{"embeddable":true,"href":"https:\/\/2023.transeuropafestival.eu\/hu\/wp-json\/wp\/v2\/users\/2"}],"replies":[{"embeddable":true,"href":"https:\/\/2023.transeuropafestival.eu\/hu\/wp-json\/wp\/v2\/comments?post=14702"}],"version-history":[{"count":18,"href":"https:\/\/2023.transeuropafestival.eu\/hu\/wp-json\/wp\/v2\/pages\/14702\/revisions"}],"predecessor-version":[{"id":15364,"href":"https:\/\/2023.transeuropafestival.eu\/hu\/wp-json\/wp\/v2\/pages\/14702\/revisions\/15364"}],"wp:attachment":[{"href":"https:\/\/2023.transeuropafestival.eu\/hu\/wp-json\/wp\/v2\/media?parent=14702"}],"curies":[{"name":"wp","href":"https:\/\/api.w.org\/{rel}","templated":true}]}}