{"id":15087,"date":"2023-10-09T07:40:48","date_gmt":"2023-10-09T07:40:48","guid":{"rendered":"https:\/\/2023.transeuropafestival.eu\/?page_id=15087"},"modified":"2023-10-11T09:13:23","modified_gmt":"2023-10-11T09:13:23","slug":"workshop-lathatatlansag","status":"publish","type":"page","link":"https:\/\/2023.transeuropafestival.eu\/hu\/workshop-lathatatlansag\/","title":{"rendered":"WORKSHOP: A L\u00c1THATATLANS\u00c1G EML\u00c9KM\u0170VE"},"content":{"rendered":"\n<style type=\"text\/css\" data-created_by=\"avia_inline_auto\" id=\"style-css-av-jxll87qe-f48529ee7610304f601b6412d9d5ae3a\">\n.avia-section.av-jxll87qe-f48529ee7610304f601b6412d9d5ae3a .av-parallax .av-parallax-inner{\nbackground-repeat:no-repeat;\nbackground-image:url(https:\/\/2023.transeuropafestival.eu\/wp-content\/uploads\/2023\/10\/lathatatlansag-emlekmuve-scaled.jpg);\nbackground-position:50% 50%;\nbackground-attachment:scroll;\n}\n.avia-section.av-jxll87qe-f48529ee7610304f601b6412d9d5ae3a .av-section-color-overlay{\nopacity:0.5;\nbackground-color:#35383c;\n}\n<\/style>\n<div id='eventheader'  class='avia-section av-jxll87qe-f48529ee7610304f601b6412d9d5ae3a main_color avia-section-huge avia-no-border-styling  avia-builder-el-0  el_before_av_section  avia-builder-el-first  avia-full-stretch av-parallax-section avia-bg-style-parallax av-section-color-overlay-active container_wrap fullsize'  data-section-bg-repeat='stretch'><div class='av-parallax' data-avia-parallax-ratio='0.3' ><div class='av-parallax-inner main_color avia-full-stretch'><\/div><\/div><div class=\"av-section-color-overlay-wrap\"><div class=\"av-section-color-overlay\"><\/div><div class='container av-section-cont-open' ><main  role=\"main\" itemprop=\"mainContentOfPage\"  class='template-page content  av-content-full alpha units'><div class='post-entry post-entry-type-page post-entry-15087'><div class='entry-content-wrapper clearfix'>\n\n<style type=\"text\/css\" data-created_by=\"avia_inline_auto\" id=\"style-css-av-uuknxm-83196d743f8ce680e218f95ebd7215a0\">\n.flex_column.av-uuknxm-83196d743f8ce680e218f95ebd7215a0{\nborder-radius:0px 0px 0px 0px;\npadding:0px 0px 0px 0px;\n}\n<\/style>\n<div  class='flex_column av-uuknxm-83196d743f8ce680e218f95ebd7215a0 av_one_fifth  avia-builder-el-1  el_before_av_three_fifth  avia-builder-el-first  first flex_column_div av-zero-column-padding  '     ><\/div>\n<style type=\"text\/css\" data-created_by=\"avia_inline_auto\" id=\"style-css-av-secv8a-ae4245062b7dffd33b4c2a39bdfd4dc0\">\n.flex_column.av-secv8a-ae4245062b7dffd33b4c2a39bdfd4dc0{\nborder-radius:0px 0px 0px 0px;\npadding:0px 0px 0px 0px;\n}\n<\/style>\n<div  class='flex_column av-secv8a-ae4245062b7dffd33b4c2a39bdfd4dc0 av_three_fifth  avia-builder-el-2  el_after_av_one_fifth  el_before_av_one_fifth  flex_column_div av-zero-column-padding  '     ><style type=\"text\/css\" data-created_by=\"avia_inline_auto\" id=\"style-css-av-lmgcxmqy-3de7de155bf7e45f3b2ad3bbfd8e338d\">\n#top .av-special-heading.av-lmgcxmqy-3de7de155bf7e45f3b2ad3bbfd8e338d{\npadding-bottom:19px;\ncolor:#ffffff;\nfont-size:40px;\n}\nbody .av-special-heading.av-lmgcxmqy-3de7de155bf7e45f3b2ad3bbfd8e338d .av-special-heading-tag .heading-char{\nfont-size:25px;\n}\n#top #wrap_all .av-special-heading.av-lmgcxmqy-3de7de155bf7e45f3b2ad3bbfd8e338d .av-special-heading-tag{\nfont-size:40px;\n}\n.av-special-heading.av-lmgcxmqy-3de7de155bf7e45f3b2ad3bbfd8e338d .special-heading-inner-border{\nborder-color:#ffffff;\n}\n.av-special-heading.av-lmgcxmqy-3de7de155bf7e45f3b2ad3bbfd8e338d .av-subheading{\nfont-size:15px;\n}\n\n@media only screen and (min-width: 480px) and (max-width: 767px){ \n#top #wrap_all .av-special-heading.av-lmgcxmqy-3de7de155bf7e45f3b2ad3bbfd8e338d .av-special-heading-tag{\nfont-size:0.8em;\n}\n}\n\n@media only screen and (max-width: 479px){ \n#top #wrap_all .av-special-heading.av-lmgcxmqy-3de7de155bf7e45f3b2ad3bbfd8e338d .av-special-heading-tag{\nfont-size:0.8em;\n}\n}\n<\/style>\n<div  class='av-special-heading av-lmgcxmqy-3de7de155bf7e45f3b2ad3bbfd8e338d av-special-heading-h1 custom-color-heading blockquote modern-quote modern-centered  avia-builder-el-3  avia-builder-el-no-sibling  av-inherit-size av-linked-heading'><div class='av_custom_color av-subheading av-subheading_above'><p>Workshop<\/p>\n<\/div><h1 class='av-special-heading-tag'  itemprop=\"headline\"  >A L\u00c1THATATLANS\u00c1G EML\u00c9KM\u0170VE<\/h1><div class=\"special-heading-border\"><div class=\"special-heading-inner-border\"><\/div><\/div><\/div><\/div>\n<style type=\"text\/css\" data-created_by=\"avia_inline_auto\" id=\"style-css-av-qy55h6-617a1529630017067ea11caafd86d486\">\n.flex_column.av-qy55h6-617a1529630017067ea11caafd86d486{\nborder-radius:0px 0px 0px 0px;\npadding:0px 0px 0px 0px;\n}\n<\/style>\n<div  class='flex_column av-qy55h6-617a1529630017067ea11caafd86d486 av_one_fifth  avia-builder-el-4  el_after_av_three_fifth  el_before_av_one_fifth  flex_column_div av-zero-column-padding  '     ><\/div>\n<style type=\"text\/css\" data-created_by=\"avia_inline_auto\" id=\"style-css-av-92lmy-164a40ef016c00cc3ee6e5b54e1adcb4\">\n.flex_column.av-92lmy-164a40ef016c00cc3ee6e5b54e1adcb4{\nborder-radius:0px 0px 0px 0px;\npadding:0px 0px 0px 0px;\n}\n<\/style>\n<div  class='flex_column av-92lmy-164a40ef016c00cc3ee6e5b54e1adcb4 av_one_fifth  avia-builder-el-5  el_after_av_one_fifth  el_before_av_three_fifth  first flex_column_div av-zero-column-padding  column-top-margin'     ><\/div>\n<style type=\"text\/css\" data-created_by=\"avia_inline_auto\" id=\"style-css-av-nmuba2-2d5482d3e58b6e18654aa8d8f490a33c\">\n.flex_column.av-nmuba2-2d5482d3e58b6e18654aa8d8f490a33c{\nborder-radius:0px 0px 0px 0px;\npadding:0px 0px 0px 0px;\n}\n<\/style>\n<div  class='flex_column av-nmuba2-2d5482d3e58b6e18654aa8d8f490a33c av_three_fifth  avia-builder-el-6  el_after_av_one_fifth  el_before_av_one_fifth  flex_column_div av-zero-column-padding  column-top-margin'     ><p>\n<style type=\"text\/css\" data-created_by=\"avia_inline_auto\" id=\"style-css-av-jxll6vhn-60c5dcbe2d3ff7460cac31bd54d0e5f5\">\n.iconbox.av-jxll6vhn-60c5dcbe2d3ff7460cac31bd54d0e5f5 .iconbox_icon{\nbackground-color:#000000;\ncolor:#ffffff;\n}\n#top #wrap_all .iconbox.av-jxll6vhn-60c5dcbe2d3ff7460cac31bd54d0e5f5 .iconbox_content_title{\ncolor:#ffffff;\n}\n<\/style>\n<article  class='iconbox iconbox_left av-jxll6vhn-60c5dcbe2d3ff7460cac31bd54d0e5f5  avia-builder-el-7  el_before_av_icon_box  avia-builder-el-first '  itemscope=\"itemscope\" itemtype=\"https:\/\/schema.org\/CreativeWork\" ><div class=\"iconbox_content\"><header class=\"entry-content-header\"><div class=\"iconbox_icon heading-color\" aria-hidden='true' data-av_icon='\ue842' data-av_iconfont='entypo-fontello'><\/div><h3 class='iconbox_content_title '  itemprop=\"headline\" >ZIZ \u2013 Art and Social Area<\/h3><\/header><div class='iconbox_content_container '  itemprop=\"text\" ><\/div><\/div><footer class=\"entry-footer\"><\/footer><\/article><br \/>\n\n<style type=\"text\/css\" data-created_by=\"avia_inline_auto\" id=\"style-css-av-jxll7wgh-0db5c3ff3bd3e87bf90dcd131050c5d7\">\n.iconbox.av-jxll7wgh-0db5c3ff3bd3e87bf90dcd131050c5d7 .iconbox_icon{\nbackground-color:#000000;\ncolor:#ffffff;\n}\n#top #wrap_all .iconbox.av-jxll7wgh-0db5c3ff3bd3e87bf90dcd131050c5d7 .iconbox_content_title{\ncolor:#ffffff;\n}\n<\/style>\n<article  class='iconbox iconbox_left av-jxll7wgh-0db5c3ff3bd3e87bf90dcd131050c5d7  avia-builder-el-8  el_after_av_icon_box  avia-builder-el-last '  itemscope=\"itemscope\" itemtype=\"https:\/\/schema.org\/CreativeWork\" ><div class=\"iconbox_content\"><header class=\"entry-content-header\"><div class=\"iconbox_icon heading-color\" aria-hidden='true' data-av_icon='\ue862' data-av_iconfont='entypo-fontello'><\/div><h3 class='iconbox_content_title '  itemprop=\"headline\" >Okt\u00f3ber 13., 10:00 \u2013 14:00 | Okt\u00f3ber 14., 10:00 \u2013 19:00<\/h3><\/header><div class='iconbox_content_container '  itemprop=\"text\" ><\/div><\/div><footer class=\"entry-footer\"><\/footer><\/article><\/p><\/div>\n<style type=\"text\/css\" data-created_by=\"avia_inline_auto\" id=\"style-css-av-m58896-45e350a35c32f768347c4a4772895ddd\">\n.flex_column.av-m58896-45e350a35c32f768347c4a4772895ddd{\nborder-radius:0px 0px 0px 0px;\npadding:0px 0px 0px 0px;\n}\n<\/style>\n<div  class='flex_column av-m58896-45e350a35c32f768347c4a4772895ddd av_one_fifth  avia-builder-el-9  el_after_av_three_fifth  avia-builder-el-last  flex_column_div av-zero-column-padding  column-top-margin'     ><\/div>\n\n<\/div><\/div><\/main><!-- close content main element --><\/div><\/div><\/div><div id='av_section_2'  class='avia-section av-lh168a-61edebe427decfc978ce17fff3a9abba main_color avia-section-small avia-no-border-styling  avia-builder-el-10  el_after_av_section  el_before_av_section  avia-bg-style-scroll container_wrap fullsize'  ><div class='container av-section-cont-open' ><div class='template-page content  av-content-full alpha units'><div class='post-entry post-entry-type-page post-entry-15087'><div class='entry-content-wrapper clearfix'>\n\n<style type=\"text\/css\" data-created_by=\"avia_inline_auto\" id=\"style-css-av-jd59gq-ef1e430497c3b86483c7a19aee381346\">\n.flex_column.av-jd59gq-ef1e430497c3b86483c7a19aee381346{\nborder-radius:0px 0px 0px 0px;\npadding:0px 0px 0px 0px;\n}\n<\/style>\n<div  class='flex_column av-jd59gq-ef1e430497c3b86483c7a19aee381346 av_one_fifth  avia-builder-el-11  el_before_av_three_fifth  avia-builder-el-first  first flex_column_div av-zero-column-padding  '     ><\/div>\n<style type=\"text\/css\" data-created_by=\"avia_inline_auto\" id=\"style-css-av-i6qk1m-42a2a4a10531e113ac8ed7b1d921ed6e\">\n.flex_column.av-i6qk1m-42a2a4a10531e113ac8ed7b1d921ed6e{\nborder-radius:0px 0px 0px 0px;\npadding:0px 0px 0px 0px;\n}\n<\/style>\n<div  class='flex_column av-i6qk1m-42a2a4a10531e113ac8ed7b1d921ed6e av_three_fifth  avia-builder-el-12  el_after_av_one_fifth  el_before_av_one_fifth  flex_column_div av-zero-column-padding  '     ><section  class='av_textblock_section av-jxll8jyw-28f723cfbf2c82c1195b36e39b9ecfd4 '   itemscope=\"itemscope\" itemtype=\"https:\/\/schema.org\/CreativeWork\" ><div class='avia_textblock'  itemprop=\"text\" ><p>A kapitalista rendszer piramid\u00e1lis \u00e1br\u00e1zol\u00e1sa az els\u0151, 19. sz\u00e1zadi milit\u00e1ns grafikai form\u00e1j\u00e1t\u00f3l eg\u00e9szen napjainkig sz\u00e1mos \u00fajrafogalmaz\u00e1sban jelentkezett a modern \u00e9s kort\u00e1rs m\u0171v\u00e9szetben. Az eredetileg felvil\u00e1gos\u00edt\u00f3 \u00e9s propaganda c\u00e9llal k\u00e9sz\u00fclt k\u00e9p r\u00e1vil\u00e1g\u00edt a struktur\u00e1lis \u00f6sszef\u00fcgg\u00e9sekre, \u00e9s egy\u00fattal er\u0151s\u00edti az \u00e9p\u00edtm\u00e9ny als\u00f3 szintj\u00e9n elhelyezked\u0151 dolgoz\u00f3 t\u00f6bbs\u00e9g forradalmi identit\u00e1s\u00e1t a szerkezet cs\u00facs\u00e1r\u00f3l domin\u00e1l\u00f3 t\u0151k\u00e9vel szemben. A k\u00f6zbees\u0151 szinten tal\u00e1lhat\u00f3ak az er\u0151monop\u00f3liummal rendelkez\u0151 hatalmi szervek, amelyek sakkban tartj\u00e1k a dolgoz\u00f3 t\u00f6megeket \u00e9s a k\u00fcl\u00f6nb\u00f6z\u0151 kultur\u00e1lis int\u00e9zm\u00e9nyek, amelyek ideol\u00f3gi\u00e1juk \u00e1ltal rejtik el a gazdas\u00e1gi \u00e9s hatalmi \u00f6sszef\u00fcgg\u00e9seket. Az eredeti k\u00e9p t\u00f6rt\u00e9nelmi kontextusa azonban m\u00e1ra eltol\u00f3dott, a strukt\u00fara \u00e1talakul\u00e1son ment kereszt\u00fcl. Mik\u00f6zben egyre nagyobb a gazdas\u00e1g \u00e9s technol\u00f3gia termel\u0151 ereje, a t\u00e1rsadalmi igazs\u00e1gtalans\u00e1gok er\u0151s\u00f6dnek. A privil\u00e9giumokkal rendelkez\u0151k \u00e9s a legnagyobb t\u00f6bbs\u00e9g k\u00f6z\u00f6tt m\u00e1r nem olvashat\u00f3 a hat\u00e1r, ezeket a hat\u00e1rokat m\u00e1r nem lehet egy univerz\u00e1lis t\u00e1rsadalmi oszt\u00e1ly nev\u00e9ben felsz\u00e1molni. A strukt\u00far\u00e1t egy\u00e9ni kult\u00far\u00e1lis termel\u00e9s \u00e1ltal internaliz\u00e1ltuk, \u00f6nmagunk fel\u00e9p\u00edt\u00e9s\u00e9ben, \u00e9let\u00fcnk szervez\u00e9s\u00e9ben m\u0171k\u00f6dtetj\u00fck azt. A m\u0171hely keret\u00e9ben a l\u00e1thatatlans\u00e1g form\u00e1it j\u00e1rjuk k\u00fcr\u00f6l, azokat pr\u00f3b\u00e1ljuk k\u00f6z\u00f6sen rendszerbe helyezni \u00e9s abb\u00f3l eml\u00e9km\u0171vet fel\u00e9p\u00edteni.<\/p>\n<p>A foglalkoz\u00e1st a <em>Made in Pata-R\u00e2t<\/em> projekt asztalosm\u0171hely\u00e9ben tartjuk. A workshop els\u0151 napj\u00e1t egy r\u00f6vid m\u0171v\u00e9szett\u00f6rt\u00e9neti bemutat\u00f3val kezdj\u00fck, majd anyaggy\u0171jt\u00e9ssel foglalkozunk \u2013 abb\u00f3l dolgozunk, ami van: kidobott b\u00fatorok, iparilag gy\u00e1rtott t\u00e1rgyak. M\u00e1sodik nap \u00f6sszeszerelj\u00fck az \u00e9p\u00edtm\u00e9ny\u00fcnket. Az elk\u00e9sz\u00fclt ideiglenes k\u00f6zt\u00e9ri alkot\u00e1st a Karolina t\u00e9ren, egy publikus cerem\u00f3nia keret\u00e9ben fogjuk felavatni.<\/p>\n<p>Workshopvezet\u0151: Mikl\u00f3s Szil\u00e1rd<\/p>\n<p><em>A k\u00e9pen l\u00e1that\u00f3: balr\u00f3l \u2013 \u00a0A kapitalista rendszer piramisa, 1901; jobbr\u00f3l \u2013 Nemes Csaba, Befagyott strukt\u00far\u00e1k, 2015.\u00a0<\/em><\/p>\n<\/div><\/section><\/div>\n<style type=\"text\/css\" data-created_by=\"avia_inline_auto\" id=\"style-css-av-g9i23u-347544d3de226270186ade033236b4a7\">\n.flex_column.av-g9i23u-347544d3de226270186ade033236b4a7{\nborder-radius:0px 0px 0px 0px;\npadding:0px 0px 0px 0px;\n}\n<\/style>\n<div  class='flex_column av-g9i23u-347544d3de226270186ade033236b4a7 av_one_fifth  avia-builder-el-14  el_after_av_three_fifth  avia-builder-el-last  flex_column_div av-zero-column-padding  '     ><\/div>\n\n<\/div><\/div><\/div><!-- close content main div --><\/div><\/div><div id='av_section_3'  class='avia-section av-23zxivu-088a753c8a674fce3138ee4509b90516 main_color avia-section-small avia-no-border-styling  avia-builder-el-15  el_after_av_section  el_before_av_textblock  avia-bg-style-scroll container_wrap fullsize'  ><div class='container av-section-cont-open' ><div class='template-page content  av-content-full alpha units'><div class='post-entry post-entry-type-page post-entry-15087'><div class='entry-content-wrapper clearfix'>\n\n<style type=\"text\/css\" data-created_by=\"avia_inline_auto\" id=\"style-css-av-1kt24ii-d7ba1eef3e1a06b26f04c273ac42b35a\">\n.flex_column.av-1kt24ii-d7ba1eef3e1a06b26f04c273ac42b35a{\nborder-radius:0px 0px 0px 0px;\npadding:0px 0px 0px 0px;\n}\n<\/style>\n<div  class='flex_column av-1kt24ii-d7ba1eef3e1a06b26f04c273ac42b35a av_one_fifth  avia-builder-el-16  el_before_av_three_fifth  avia-builder-el-first  first flex_column_div av-zero-column-padding  '     ><\/div>\n<style type=\"text\/css\" data-created_by=\"avia_inline_auto\" id=\"style-css-av-103ak62-8057bba7415f9b4f3bb8d3e75f6d2991\">\n.flex_column.av-103ak62-8057bba7415f9b4f3bb8d3e75f6d2991{\nborder-radius:0px 0px 0px 0px;\npadding:0px 0px 0px 0px;\n}\n<\/style>\n<div  class='flex_column av-103ak62-8057bba7415f9b4f3bb8d3e75f6d2991 av_three_fifth  avia-builder-el-17  el_after_av_one_fifth  el_before_av_one_fifth  flex_column_div av-zero-column-padding  '     ><section  class='av_textblock_section av-ln7bbnu0-dbb58eee490bf60de955f7a2f2db6339 '   itemscope=\"itemscope\" itemtype=\"https:\/\/schema.org\/CreativeWork\" ><div class='avia_textblock'  itemprop=\"text\" ><p><strong>Regisztr\u00e1ci\u00f3: <span style=\"text-decoration: underline;\"><a class=\"x1i10hfl xjbqb8w x6umtig x1b1mbwd xaqea5y xav7gou x9f619 x1ypdohk xt0psk2 xe8uvvx xdj266r x11i5rnm xat24cr x1mh8g0r xexx8yu x4uap5 x18d9i69 xkhd6sd x16tdsg8 x1hl2dhg xggy1nq x1a2a7pz xt0b8zv x1fey0fg\" tabindex=\"0\" role=\"link\" href=\"https:\/\/forms.gle\/1jDRFk7CqmshL1qy8?fbclid=IwAR3-ZqpCMMhkMtK6TKP_deWvLKx9RGgcv7mFTGNzI5OdJHEU65_xbJp5DmA\" target=\"_blank\" rel=\"nofollow noopener noreferrer\">forms.gle\/1jDRFk7CqmshL1qy8<\/a><\/span><\/strong><\/p>\n<\/div><\/section><\/div>\n<style type=\"text\/css\" data-created_by=\"avia_inline_auto\" id=\"style-css-av-2c0k62-c7f0eb5fa1dded37a4070c671284eef5\">\n.flex_column.av-2c0k62-c7f0eb5fa1dded37a4070c671284eef5{\nborder-radius:0px 0px 0px 0px;\npadding:0px 0px 0px 0px;\n}\n<\/style>\n<div  class='flex_column av-2c0k62-c7f0eb5fa1dded37a4070c671284eef5 av_one_fifth  avia-builder-el-19  el_after_av_three_fifth  avia-builder-el-last  flex_column_div av-zero-column-padding  '     ><\/div><\/div><\/div><\/div><!-- close content main div --><\/div><\/div><div id='after_section_3'  class='main_color av_default_container_wrap container_wrap fullsize'  ><div class='container av-section-cont-open' ><div class='template-page content  av-content-full alpha units'><div class='post-entry post-entry-type-page post-entry-15087'><div class='entry-content-wrapper clearfix'><section  class='av_textblock_section av-k191qznr-1ebc207925d069603ccbe3ec9830cbec '   itemscope=\"itemscope\" itemtype=\"https:\/\/schema.org\/CreativeWork\" ><div class='avia_textblock'  itemprop=\"text\" ><h2 style=\"text-align: center;\"><strong>PARTNEREK<\/strong><\/h2>\n<h3><\/h3>\n<\/div><\/section><\/p>\n<div  class='avia-logo-element-container av-k191o4ys-4676b4faaaa8a63ea89f5e50e3b06025 av-border-deactivate avia-logo-slider avia-content-slider avia-smallarrow-slider avia-content-slider-active noHover avia-content-slider-even  avia-builder-el-21  el_after_av_textblock  avia-builder-el-last  av-slideshow-ui av-control-default av-nav-arrows-visible av-nav-dots-visible av-no-slider-navigation av-slideshow-manual av-loop-once av-loop-manual-endless avia-content-slider1' data-slideshow-options=\"{&quot;animation&quot;:&quot;slide&quot;,&quot;autoplay&quot;:false,&quot;loop_autoplay&quot;:&quot;once&quot;,&quot;interval&quot;:5,&quot;loop_manual&quot;:&quot;manual-endless&quot;,&quot;autoplay_stopper&quot;:false,&quot;noNavigation&quot;:false,&quot;bg_slider&quot;:false,&quot;keep_padding&quot;:&quot;&quot;,&quot;hoverpause&quot;:false,&quot;show_slide_delay&quot;:0}\"><div class='avia-smallarrow-slider-heading  no-logo-slider-heading '><div class='new-special-heading'>&nbsp;<\/div><\/div><div class=\"avia-content-slider-inner\"><div class=\"slide-entry-wrap\"><div  class='slide-entry av-inetju-9163c50ea69800104287a3ac4aba37b9 flex_column no_margin av_one_eighth real-thumbnail post-entry slide-entry-overview slide-loop-1 slide-parity-odd  first'><span class='av-partner-fake-img' style='padding-bottom:100%; background-image:url(https:\/\/2023.transeuropafestival.eu\/wp-content\/uploads\/2023\/09\/ZIZ-logo.png);'><\/span><\/div><div  class='slide-entry av-awj16-fdce09661087763a529b0b56415bf941 flex_column no_margin av_one_eighth real-thumbnail post-entry slide-entry-overview slide-loop-2 slide-parity-even post-entry-last '><\/div><\/div><\/div><\/div>\n","protected":false},"excerpt":{"rendered":"","protected":false},"author":2,"featured_media":0,"parent":0,"menu_order":0,"comment_status":"closed","ping_status":"closed","template":"","meta":{"footnotes":""},"class_list":["post-15087","page","type-page","status-publish","hentry"],"_links":{"self":[{"href":"https:\/\/2023.transeuropafestival.eu\/hu\/wp-json\/wp\/v2\/pages\/15087","targetHints":{"allow":["GET"]}}],"collection":[{"href":"https:\/\/2023.transeuropafestival.eu\/hu\/wp-json\/wp\/v2\/pages"}],"about":[{"href":"https:\/\/2023.transeuropafestival.eu\/hu\/wp-json\/wp\/v2\/types\/page"}],"author":[{"embeddable":true,"href":"https:\/\/2023.transeuropafestival.eu\/hu\/wp-json\/wp\/v2\/users\/2"}],"replies":[{"embeddable":true,"href":"https:\/\/2023.transeuropafestival.eu\/hu\/wp-json\/wp\/v2\/comments?post=15087"}],"version-history":[{"count":19,"href":"https:\/\/2023.transeuropafestival.eu\/hu\/wp-json\/wp\/v2\/pages\/15087\/revisions"}],"predecessor-version":[{"id":15567,"href":"https:\/\/2023.transeuropafestival.eu\/hu\/wp-json\/wp\/v2\/pages\/15087\/revisions\/15567"}],"wp:attachment":[{"href":"https:\/\/2023.transeuropafestival.eu\/hu\/wp-json\/wp\/v2\/media?parent=15087"}],"curies":[{"name":"wp","href":"https:\/\/api.w.org\/{rel}","templated":true}]}}