{"id":15183,"date":"2023-10-06T07:34:39","date_gmt":"2023-10-06T07:34:39","guid":{"rendered":"https:\/\/2023.transeuropafestival.eu\/?page_id=15183"},"modified":"2023-10-10T12:23:02","modified_gmt":"2023-10-10T12:23:02","slug":"fortunate","status":"publish","type":"page","link":"https:\/\/2023.transeuropafestival.eu\/hu\/fortunate\/","title":{"rendered":"A SZERENCS\u00c9SEK EGYIKE VAGYOK"},"content":{"rendered":"\n<style type=\"text\/css\" data-created_by=\"avia_inline_auto\" id=\"style-css-av-jxll87qe-7036c76a1e51b3243035ee6931d8d6ab\">\n.avia-section.av-jxll87qe-7036c76a1e51b3243035ee6931d8d6ab .av-parallax .av-parallax-inner{\nbackground-repeat:no-repeat;\nbackground-image:url(https:\/\/2023.transeuropafestival.eu\/wp-content\/uploads\/2023\/10\/sun-una.jpeg);\nbackground-position:50% 50%;\nbackground-attachment:scroll;\n}\n.avia-section.av-jxll87qe-7036c76a1e51b3243035ee6931d8d6ab .av-section-color-overlay{\nopacity:0.5;\nbackground-color:#35383c;\n}\n<\/style>\n<div id='eventheader'  class='avia-section av-jxll87qe-7036c76a1e51b3243035ee6931d8d6ab main_color avia-section-huge avia-no-border-styling  avia-builder-el-0  el_before_av_section  avia-builder-el-first  avia-full-stretch av-parallax-section avia-bg-style-parallax av-section-color-overlay-active container_wrap fullsize'  data-section-bg-repeat='stretch'><div class='av-parallax' data-avia-parallax-ratio='0.3' ><div class='av-parallax-inner main_color avia-full-stretch'><\/div><\/div><div class=\"av-section-color-overlay-wrap\"><div class=\"av-section-color-overlay\"><\/div><div class='container av-section-cont-open' ><main  role=\"main\" itemprop=\"mainContentOfPage\"  class='template-page content  av-content-full alpha units'><div class='post-entry post-entry-type-page post-entry-15183'><div class='entry-content-wrapper clearfix'>\n\n<style type=\"text\/css\" data-created_by=\"avia_inline_auto\" id=\"style-css-av-uuknxm-83196d743f8ce680e218f95ebd7215a0\">\n.flex_column.av-uuknxm-83196d743f8ce680e218f95ebd7215a0{\nborder-radius:0px 0px 0px 0px;\npadding:0px 0px 0px 0px;\n}\n<\/style>\n<div  class='flex_column av-uuknxm-83196d743f8ce680e218f95ebd7215a0 av_one_fifth  avia-builder-el-1  el_before_av_three_fifth  avia-builder-el-first  first flex_column_div av-zero-column-padding  '     ><\/div>\n<style type=\"text\/css\" data-created_by=\"avia_inline_auto\" id=\"style-css-av-secv8a-ae4245062b7dffd33b4c2a39bdfd4dc0\">\n.flex_column.av-secv8a-ae4245062b7dffd33b4c2a39bdfd4dc0{\nborder-radius:0px 0px 0px 0px;\npadding:0px 0px 0px 0px;\n}\n<\/style>\n<div  class='flex_column av-secv8a-ae4245062b7dffd33b4c2a39bdfd4dc0 av_three_fifth  avia-builder-el-2  el_after_av_one_fifth  el_before_av_one_fifth  flex_column_div av-zero-column-padding  '     ><style type=\"text\/css\" data-created_by=\"avia_inline_auto\" id=\"style-css-av-lmgcxmqy-42d0217b0c4f1e2e4b5f2e5fc68b13e8\">\n#top .av-special-heading.av-lmgcxmqy-42d0217b0c4f1e2e4b5f2e5fc68b13e8{\npadding-bottom:19px;\ncolor:#ffffff;\nfont-size:40px;\n}\nbody .av-special-heading.av-lmgcxmqy-42d0217b0c4f1e2e4b5f2e5fc68b13e8 .av-special-heading-tag .heading-char{\nfont-size:25px;\n}\n#top #wrap_all .av-special-heading.av-lmgcxmqy-42d0217b0c4f1e2e4b5f2e5fc68b13e8 .av-special-heading-tag{\nfont-size:40px;\n}\n.av-special-heading.av-lmgcxmqy-42d0217b0c4f1e2e4b5f2e5fc68b13e8 .special-heading-inner-border{\nborder-color:#ffffff;\n}\n.av-special-heading.av-lmgcxmqy-42d0217b0c4f1e2e4b5f2e5fc68b13e8 .av-subheading{\nfont-size:15px;\n}\n\n@media only screen and (min-width: 480px) and (max-width: 767px){ \n#top #wrap_all .av-special-heading.av-lmgcxmqy-42d0217b0c4f1e2e4b5f2e5fc68b13e8 .av-special-heading-tag{\nfont-size:0.8em;\n}\n}\n\n@media only screen and (max-width: 479px){ \n#top #wrap_all .av-special-heading.av-lmgcxmqy-42d0217b0c4f1e2e4b5f2e5fc68b13e8 .av-special-heading-tag{\nfont-size:0.8em;\n}\n}\n<\/style>\n<div  class='av-special-heading av-lmgcxmqy-42d0217b0c4f1e2e4b5f2e5fc68b13e8 av-special-heading-h1 custom-color-heading blockquote modern-quote modern-centered  avia-builder-el-3  avia-builder-el-no-sibling  av-inherit-size av-linked-heading'><div class='av_custom_color av-subheading av-subheading_above'><p><span style=\"font-weight: 400;\">Hangj\u00e1t\u00e9k<\/span><\/p>\n<\/div><h1 class='av-special-heading-tag'  itemprop=\"headline\"  >A SZERENCS\u00c9SEK EGYIKE VAGYOK<\/h1><div class=\"special-heading-border\"><div class=\"special-heading-inner-border\"><\/div><\/div><\/div><\/div>\n<style type=\"text\/css\" data-created_by=\"avia_inline_auto\" id=\"style-css-av-qy55h6-617a1529630017067ea11caafd86d486\">\n.flex_column.av-qy55h6-617a1529630017067ea11caafd86d486{\nborder-radius:0px 0px 0px 0px;\npadding:0px 0px 0px 0px;\n}\n<\/style>\n<div  class='flex_column av-qy55h6-617a1529630017067ea11caafd86d486 av_one_fifth  avia-builder-el-4  el_after_av_three_fifth  el_before_av_one_fifth  flex_column_div av-zero-column-padding  '     ><\/div>\n<style type=\"text\/css\" data-created_by=\"avia_inline_auto\" id=\"style-css-av-92lmy-164a40ef016c00cc3ee6e5b54e1adcb4\">\n.flex_column.av-92lmy-164a40ef016c00cc3ee6e5b54e1adcb4{\nborder-radius:0px 0px 0px 0px;\npadding:0px 0px 0px 0px;\n}\n<\/style>\n<div  class='flex_column av-92lmy-164a40ef016c00cc3ee6e5b54e1adcb4 av_one_fifth  avia-builder-el-5  el_after_av_one_fifth  el_before_av_three_fifth  first flex_column_div av-zero-column-padding  column-top-margin'     ><\/div>\n<style type=\"text\/css\" data-created_by=\"avia_inline_auto\" id=\"style-css-av-nmuba2-2d5482d3e58b6e18654aa8d8f490a33c\">\n.flex_column.av-nmuba2-2d5482d3e58b6e18654aa8d8f490a33c{\nborder-radius:0px 0px 0px 0px;\npadding:0px 0px 0px 0px;\n}\n<\/style>\n<div  class='flex_column av-nmuba2-2d5482d3e58b6e18654aa8d8f490a33c av_three_fifth  avia-builder-el-6  el_after_av_one_fifth  el_before_av_one_fifth  flex_column_div av-zero-column-padding  column-top-margin'     ><p>\n<style type=\"text\/css\" data-created_by=\"avia_inline_auto\" id=\"style-css-av-jxll6vhn-9adf4784176cafd9f3bed3d9968b6ceb\">\n.iconbox.av-jxll6vhn-9adf4784176cafd9f3bed3d9968b6ceb .iconbox_icon{\nbackground-color:#000000;\ncolor:#ffffff;\n}\n#top #wrap_all .iconbox.av-jxll6vhn-9adf4784176cafd9f3bed3d9968b6ceb .iconbox_content_title{\ncolor:#ffffff;\n}\n<\/style>\n<article  class='iconbox iconbox_left av-jxll6vhn-9adf4784176cafd9f3bed3d9968b6ceb  avia-builder-el-7  el_before_av_icon_box  avia-builder-el-first '  itemscope=\"itemscope\" itemtype=\"https:\/\/schema.org\/CreativeWork\" ><div class=\"iconbox_content\"><header class=\"entry-content-header\"><div class=\"iconbox_icon heading-color\" aria-hidden='true' data-av_icon='\ue842' data-av_iconfont='entypo-fontello'><\/div><h3 class='iconbox_content_title '  itemprop=\"headline\" >Radio Cluj 95,6 FM<\/h3><\/header><div class='iconbox_content_container '  itemprop=\"text\" ><\/div><\/div><footer class=\"entry-footer\"><\/footer><\/article><br \/>\n\n<style type=\"text\/css\" data-created_by=\"avia_inline_auto\" id=\"style-css-av-jxll7wgh-3a9a6f23cff4e754df8e4498eb30d821\">\n.iconbox.av-jxll7wgh-3a9a6f23cff4e754df8e4498eb30d821 .iconbox_icon{\nbackground-color:#000000;\ncolor:#ffffff;\n}\n#top #wrap_all .iconbox.av-jxll7wgh-3a9a6f23cff4e754df8e4498eb30d821 .iconbox_content_title{\ncolor:#ffffff;\n}\n<\/style>\n<article  class='iconbox iconbox_left av-jxll7wgh-3a9a6f23cff4e754df8e4498eb30d821  avia-builder-el-8  el_after_av_icon_box  avia-builder-el-last '  itemscope=\"itemscope\" itemtype=\"https:\/\/schema.org\/CreativeWork\" ><div class=\"iconbox_content\"><header class=\"entry-content-header\"><div class=\"iconbox_icon heading-color\" aria-hidden='true' data-av_icon='\ue862' data-av_iconfont='entypo-fontello'><\/div><h3 class='iconbox_content_title '  itemprop=\"headline\" >OKT\u00d3BER 12., 19:00 | OKT\u00d3BER 15., 20:00<\/h3><\/header><div class='iconbox_content_container '  itemprop=\"text\" ><\/div><\/div><footer class=\"entry-footer\"><\/footer><\/article><\/p><\/div>\n<style type=\"text\/css\" data-created_by=\"avia_inline_auto\" id=\"style-css-av-m58896-45e350a35c32f768347c4a4772895ddd\">\n.flex_column.av-m58896-45e350a35c32f768347c4a4772895ddd{\nborder-radius:0px 0px 0px 0px;\npadding:0px 0px 0px 0px;\n}\n<\/style>\n<div  class='flex_column av-m58896-45e350a35c32f768347c4a4772895ddd av_one_fifth  avia-builder-el-9  el_after_av_three_fifth  avia-builder-el-last  flex_column_div av-zero-column-padding  column-top-margin'     ><\/div>\n\n<\/div><\/div><\/main><!-- close content main element --><\/div><\/div><\/div><div id='av_section_2'  class='avia-section av-lh168a-61edebe427decfc978ce17fff3a9abba main_color avia-section-small avia-no-border-styling  avia-builder-el-10  el_after_av_section  el_before_av_textblock  avia-bg-style-scroll container_wrap fullsize'  ><div class='container av-section-cont-open' ><div class='template-page content  av-content-full alpha units'><div class='post-entry post-entry-type-page post-entry-15183'><div class='entry-content-wrapper clearfix'>\n\n<style type=\"text\/css\" data-created_by=\"avia_inline_auto\" id=\"style-css-av-jd59gq-ef1e430497c3b86483c7a19aee381346\">\n.flex_column.av-jd59gq-ef1e430497c3b86483c7a19aee381346{\nborder-radius:0px 0px 0px 0px;\npadding:0px 0px 0px 0px;\n}\n<\/style>\n<div  class='flex_column av-jd59gq-ef1e430497c3b86483c7a19aee381346 av_one_fifth  avia-builder-el-11  el_before_av_three_fifth  avia-builder-el-first  first flex_column_div av-zero-column-padding  '     ><\/div>\n<style type=\"text\/css\" data-created_by=\"avia_inline_auto\" id=\"style-css-av-i6qk1m-42a2a4a10531e113ac8ed7b1d921ed6e\">\n.flex_column.av-i6qk1m-42a2a4a10531e113ac8ed7b1d921ed6e{\nborder-radius:0px 0px 0px 0px;\npadding:0px 0px 0px 0px;\n}\n<\/style>\n<div  class='flex_column av-i6qk1m-42a2a4a10531e113ac8ed7b1d921ed6e av_three_fifth  avia-builder-el-12  el_after_av_one_fifth  el_before_av_one_fifth  flex_column_div av-zero-column-padding  '     ><section  class='av_textblock_section av-jxll8jyw-28f723cfbf2c82c1195b36e39b9ecfd4 '   itemscope=\"itemscope\" itemtype=\"https:\/\/schema.org\/CreativeWork\" ><div class='avia_textblock'  itemprop=\"text\" ><p>A szerencs\u00e9sek egyike vagyok azoknak a gyerekeknek a sz\u00e1zezreir\u0151l sz\u00f3l, akik k\u00e9t telefon\u00e1l\u00e1s k\u00f6z\u00f6tt, k\u00e9t csomag k\u00f6z\u00f6tt n\u0151ttek fel, akik k\u00e9perny\u0151k\u00f6n f\u00fajt\u00e1k el a sz\u00fclet\u00e9snapi gyerty\u00e1ikat. Ugyanakkor az any\u00e1kr\u00f3l is sz\u00f3l, akik elmentek, an\u00e9lk\u00fcl, hogy visszan\u00e9zhettek volna, akik \u00f6regeket gondoztak Olaszorsz\u00e1gban \u00e9s p\u00e1rhuzamosan gyerekeket neveltek Rom\u00e1ni\u00e1ban, akik megtal\u00e1lt\u00e1k magukban az er\u0151t, hogy a felsz\u00ednen maradjanak egy bizonytalan gazdas\u00e1gi k\u00f6rnyezetben \u00fagy otthon, mint azokban az orsz\u00e1gokban, ahova eljutottak. Az el\u0151ad\u00e1s azokr\u00f3l sz\u00f3l, akik megtanultak az itt \u00e9s az ott k\u00f6z\u00f6tt \u00e9lni.<\/p>\n<p>El\u0151adj\u00e1k: Oana Hodade, Doru Talo\u0219, Alexandra Caras<\/p>\n<p>Eredeti zenei kompoz\u00edci\u00f3: Adorj\u00e1ni Panna, Bodoki-Halmen Zsolt, L\u00e1ng D\u00e1niel, Visky P\u00e9ter<\/p>\n<p>Zene: Adorj\u00e1ni Panna, L\u00e1ng D\u00e1niel, Visky P\u00e9ter<\/p>\n<p>Felv\u00e9tel \u00e9s hangdiz\u00e1jn: Andrei Bobi\u0219 | Studio Cirkular<\/p>\n<p>St\u00e1blista hang: Lucia M\u0103rneanu<\/p>\n<p>Sz\u00f6veg: Alexandra Voivozeanu<\/p>\n<p>Rendez\u0151: Lorand Maxim<\/p>\n<p>Angol ford\u00edt\u00e1s \u00e9s adapt\u00e1l\u00e1s: Mugur Butuza<\/p>\n<p>Magyar ford\u00edt\u00e1s \u00e9s adapt\u00e1l\u00e1s: \u00c1br\u00e1n \u00c1gota \u00e9s Sepr\u0151di Attila<\/p>\n<p>Felirat: Jasmina Clo\u0219ca<\/p>\n<p>Grafika: Csiki R\u00e9ka<\/p>\n<p>Illusztr\u00e1ci\u00f3: Lucia M\u0103rneanu<\/p>\n<p>Website: Denisa Nistor | scrijelit.design<\/p>\n<p><span style=\"text-decoration: underline;\"><a href=\"http:\/\/unadintrefortunate.ro\/\">unadintrefortunate.ro<\/a><\/span><\/p>\n<hr \/>\n<p><em>A projekt t\u00e1rsfinansz\u00edroz\u00f3ja a Rom\u00e1n Nemzeti Kultur\u00e1lis Alap. A projekt tartalma nem t\u00fcrk\u00f6zi a Rom\u00e1n Nemzeti Kultur\u00e1lis Alap hivatalos \u00e1ll\u00e1spontj\u00e1t. A Rom\u00e1n Nemzeti Kultur\u00e1lis Alap nem felel\u0151s a projekt tartalm\u00e1\u00e9rt, valamint az\u00e9rt, ahogyan annak eredm\u00e9nyei hasznosulnak. Ezek teljes eg\u00e9sz\u00e9ben a kedvezm\u00e9nyezett felel\u0151ss\u00e9g\u00e9be tartoznak.<\/em><\/p>\n<\/div><\/section><\/div>\n<style type=\"text\/css\" data-created_by=\"avia_inline_auto\" id=\"style-css-av-g9i23u-347544d3de226270186ade033236b4a7\">\n.flex_column.av-g9i23u-347544d3de226270186ade033236b4a7{\nborder-radius:0px 0px 0px 0px;\npadding:0px 0px 0px 0px;\n}\n<\/style>\n<div  class='flex_column av-g9i23u-347544d3de226270186ade033236b4a7 av_one_fifth  avia-builder-el-14  el_after_av_three_fifth  avia-builder-el-last  flex_column_div av-zero-column-padding  '     ><\/div>\n<\/div><\/div><\/div><!-- close content main div --><\/div><\/div><div id='after_section_2'  class='main_color av_default_container_wrap container_wrap fullsize'  ><div class='container av-section-cont-open' ><div class='template-page content  av-content-full alpha units'><div class='post-entry post-entry-type-page post-entry-15183'><div class='entry-content-wrapper clearfix'>\n<section  class='av_textblock_section av-k191qznr-1ebc207925d069603ccbe3ec9830cbec '   itemscope=\"itemscope\" itemtype=\"https:\/\/schema.org\/CreativeWork\" ><div class='avia_textblock'  itemprop=\"text\" ><h2 style=\"text-align: center;\"><strong>PARTNEREK<\/strong><\/h2>\n<h3><\/h3>\n<\/div><\/section>\n<div  class='avia-logo-element-container av-k191o4ys-4676b4faaaa8a63ea89f5e50e3b06025 av-border-deactivate avia-logo-slider avia-content-slider avia-smallarrow-slider avia-content-slider-active noHover avia-content-slider-even  avia-builder-el-16  el_after_av_textblock  avia-builder-el-last  av-slideshow-ui av-control-default av-nav-arrows-visible av-nav-dots-visible av-no-slider-navigation av-slideshow-manual av-loop-once av-loop-manual-endless avia-content-slider1' data-slideshow-options=\"{&quot;animation&quot;:&quot;slide&quot;,&quot;autoplay&quot;:false,&quot;loop_autoplay&quot;:&quot;once&quot;,&quot;interval&quot;:5,&quot;loop_manual&quot;:&quot;manual-endless&quot;,&quot;autoplay_stopper&quot;:false,&quot;noNavigation&quot;:false,&quot;bg_slider&quot;:false,&quot;keep_padding&quot;:&quot;&quot;,&quot;hoverpause&quot;:false,&quot;show_slide_delay&quot;:0}\"><div class='avia-smallarrow-slider-heading  no-logo-slider-heading '><div class='new-special-heading'>&nbsp;<\/div><\/div><div class=\"avia-content-slider-inner\"><div class=\"slide-entry-wrap\"><div  class='slide-entry av-cr026-63d117b6327b0ae7b1b9d112709bc480 flex_column no_margin av_one_eighth real-thumbnail post-entry slide-entry-overview slide-loop-1 slide-parity-odd  first'><span class='av-partner-fake-img' style='padding-bottom:70.4%; background-image:url(https:\/\/2023.transeuropafestival.eu\/wp-content\/uploads\/2023\/10\/reci.jpg);'><\/span><\/div><div  class='slide-entry av-awj16-fdce09661087763a529b0b56415bf941 flex_column no_margin av_one_eighth real-thumbnail post-entry slide-entry-overview slide-loop-2 slide-parity-even  '><\/div><div  class='slide-entry av-p9uydq-9246fb6e5ae3f2b42881bef23e1c6b6c flex_column no_margin av_one_eighth real-thumbnail post-entry slide-entry-overview slide-loop-3 slide-parity-odd post-entry-last '><span class='av-partner-fake-img' style='padding-bottom:70.4%; background-image:url(https:\/\/2023.transeuropafestival.eu\/wp-content\/uploads\/2023\/10\/rrc.jpg);'><\/span><\/div><\/div><\/div><\/div>\n","protected":false},"excerpt":{"rendered":"","protected":false},"author":2,"featured_media":0,"parent":0,"menu_order":0,"comment_status":"closed","ping_status":"closed","template":"","meta":{"footnotes":""},"class_list":["post-15183","page","type-page","status-publish","hentry"],"_links":{"self":[{"href":"https:\/\/2023.transeuropafestival.eu\/hu\/wp-json\/wp\/v2\/pages\/15183","targetHints":{"allow":["GET"]}}],"collection":[{"href":"https:\/\/2023.transeuropafestival.eu\/hu\/wp-json\/wp\/v2\/pages"}],"about":[{"href":"https:\/\/2023.transeuropafestival.eu\/hu\/wp-json\/wp\/v2\/types\/page"}],"author":[{"embeddable":true,"href":"https:\/\/2023.transeuropafestival.eu\/hu\/wp-json\/wp\/v2\/users\/2"}],"replies":[{"embeddable":true,"href":"https:\/\/2023.transeuropafestival.eu\/hu\/wp-json\/wp\/v2\/comments?post=15183"}],"version-history":[{"count":15,"href":"https:\/\/2023.transeuropafestival.eu\/hu\/wp-json\/wp\/v2\/pages\/15183\/revisions"}],"predecessor-version":[{"id":15528,"href":"https:\/\/2023.transeuropafestival.eu\/hu\/wp-json\/wp\/v2\/pages\/15183\/revisions\/15528"}],"wp:attachment":[{"href":"https:\/\/2023.transeuropafestival.eu\/hu\/wp-json\/wp\/v2\/media?parent=15183"}],"curies":[{"name":"wp","href":"https:\/\/api.w.org\/{rel}","templated":true}]}}