{"id":15372,"date":"2023-10-06T17:32:22","date_gmt":"2023-10-06T17:32:22","guid":{"rendered":"https:\/\/2023.transeuropafestival.eu\/transznacionalis-talalkozo-holding-spaces\/"},"modified":"2023-10-06T17:32:31","modified_gmt":"2023-10-06T17:32:31","slug":"transznacionalis-talalkozo-holding-spaces","status":"publish","type":"page","link":"https:\/\/2023.transeuropafestival.eu\/hu\/transznacionalis-talalkozo-holding-spaces\/","title":{"rendered":"TRANSZNACION\u00c1LIS TAL\u00c1LKOZ\u00d3 \u2013 HOLDING SPACES"},"content":{"rendered":"\n<style type=\"text\/css\" data-created_by=\"avia_inline_auto\" id=\"style-css-av-jxll87qe-533e54e4c5a6117d599cdf72c2c891e5\">\n.avia-section.av-jxll87qe-533e54e4c5a6117d599cdf72c2c891e5 .av-section-color-overlay{\nopacity:0.5;\nbackground-color:#35383c;\n}\n<\/style>\n<div id='eventheader'  class='avia-section av-jxll87qe-533e54e4c5a6117d599cdf72c2c891e5 main_color avia-section-huge avia-no-border-styling  avia-builder-el-0  el_before_av_section  avia-builder-el-first  avia-bg-style-parallax av-section-color-overlay-active container_wrap fullsize'  ><div class=\"av-section-color-overlay-wrap\"><div class=\"av-section-color-overlay\"><\/div><div class='container av-section-cont-open' ><main  role=\"main\" itemprop=\"mainContentOfPage\"  class='template-page content  av-content-full alpha units'><div class='post-entry post-entry-type-page post-entry-15372'><div class='entry-content-wrapper clearfix'>\n\n<style type=\"text\/css\" data-created_by=\"avia_inline_auto\" id=\"style-css-av-uuknxm-83196d743f8ce680e218f95ebd7215a0\">\n.flex_column.av-uuknxm-83196d743f8ce680e218f95ebd7215a0{\nborder-radius:0px 0px 0px 0px;\npadding:0px 0px 0px 0px;\n}\n<\/style>\n<div  class='flex_column av-uuknxm-83196d743f8ce680e218f95ebd7215a0 av_one_fifth  avia-builder-el-1  el_before_av_three_fifth  avia-builder-el-first  first flex_column_div av-zero-column-padding  '     ><\/div>\n<style type=\"text\/css\" data-created_by=\"avia_inline_auto\" id=\"style-css-av-secv8a-ae4245062b7dffd33b4c2a39bdfd4dc0\">\n.flex_column.av-secv8a-ae4245062b7dffd33b4c2a39bdfd4dc0{\nborder-radius:0px 0px 0px 0px;\npadding:0px 0px 0px 0px;\n}\n<\/style>\n<div  class='flex_column av-secv8a-ae4245062b7dffd33b4c2a39bdfd4dc0 av_three_fifth  avia-builder-el-2  el_after_av_one_fifth  el_before_av_one_fifth  flex_column_div av-zero-column-padding  '     ><style type=\"text\/css\" data-created_by=\"avia_inline_auto\" id=\"style-css-av-lmgcxmqy-ef7fc635ac7f6fe532a68632b146e8a1\">\n#top .av-special-heading.av-lmgcxmqy-ef7fc635ac7f6fe532a68632b146e8a1{\npadding-bottom:19px;\ncolor:#ffffff;\nfont-size:40px;\n}\nbody .av-special-heading.av-lmgcxmqy-ef7fc635ac7f6fe532a68632b146e8a1 .av-special-heading-tag .heading-char{\nfont-size:25px;\n}\n#top #wrap_all .av-special-heading.av-lmgcxmqy-ef7fc635ac7f6fe532a68632b146e8a1 .av-special-heading-tag{\nfont-size:40px;\n}\n.av-special-heading.av-lmgcxmqy-ef7fc635ac7f6fe532a68632b146e8a1 .special-heading-inner-border{\nborder-color:#ffffff;\n}\n.av-special-heading.av-lmgcxmqy-ef7fc635ac7f6fe532a68632b146e8a1 .av-subheading{\nfont-size:15px;\n}\n\n@media only screen and (min-width: 480px) and (max-width: 767px){ \n#top #wrap_all .av-special-heading.av-lmgcxmqy-ef7fc635ac7f6fe532a68632b146e8a1 .av-special-heading-tag{\nfont-size:0.8em;\n}\n}\n\n@media only screen and (max-width: 479px){ \n#top #wrap_all .av-special-heading.av-lmgcxmqy-ef7fc635ac7f6fe532a68632b146e8a1 .av-special-heading-tag{\nfont-size:0.8em;\n}\n}\n<\/style>\n<div  class='av-special-heading av-lmgcxmqy-ef7fc635ac7f6fe532a68632b146e8a1 av-special-heading-h1 custom-color-heading blockquote modern-quote modern-centered  avia-builder-el-3  avia-builder-el-no-sibling  av-inherit-size av-linked-heading'><h1 class='av-special-heading-tag'  itemprop=\"headline\"  >TRANSZNACION\u00c1LIS TAL\u00c1LKOZ\u00d3 \u2013 HOLDING SPACES<\/h1><div class=\"special-heading-border\"><div class=\"special-heading-inner-border\"><\/div><\/div><\/div><\/div>\n<style type=\"text\/css\" data-created_by=\"avia_inline_auto\" id=\"style-css-av-qy55h6-617a1529630017067ea11caafd86d486\">\n.flex_column.av-qy55h6-617a1529630017067ea11caafd86d486{\nborder-radius:0px 0px 0px 0px;\npadding:0px 0px 0px 0px;\n}\n<\/style>\n<div  class='flex_column av-qy55h6-617a1529630017067ea11caafd86d486 av_one_fifth  avia-builder-el-4  el_after_av_three_fifth  el_before_av_one_fifth  flex_column_div av-zero-column-padding  '     ><\/div>\n<style type=\"text\/css\" data-created_by=\"avia_inline_auto\" id=\"style-css-av-92lmy-164a40ef016c00cc3ee6e5b54e1adcb4\">\n.flex_column.av-92lmy-164a40ef016c00cc3ee6e5b54e1adcb4{\nborder-radius:0px 0px 0px 0px;\npadding:0px 0px 0px 0px;\n}\n<\/style>\n<div  class='flex_column av-92lmy-164a40ef016c00cc3ee6e5b54e1adcb4 av_one_fifth  avia-builder-el-5  el_after_av_one_fifth  el_before_av_three_fifth  first flex_column_div av-zero-column-padding  column-top-margin'     ><\/div>\n<style type=\"text\/css\" data-created_by=\"avia_inline_auto\" id=\"style-css-av-nmuba2-2d5482d3e58b6e18654aa8d8f490a33c\">\n.flex_column.av-nmuba2-2d5482d3e58b6e18654aa8d8f490a33c{\nborder-radius:0px 0px 0px 0px;\npadding:0px 0px 0px 0px;\n}\n<\/style>\n<div  class='flex_column av-nmuba2-2d5482d3e58b6e18654aa8d8f490a33c av_three_fifth  avia-builder-el-6  el_after_av_one_fifth  el_before_av_one_fifth  flex_column_div av-zero-column-padding  column-top-margin'     ><p>\n<style type=\"text\/css\" data-created_by=\"avia_inline_auto\" id=\"style-css-av-jxll6vhn-756c10009e2236a44b6bb85f667f4b25\">\n.iconbox.av-jxll6vhn-756c10009e2236a44b6bb85f667f4b25 .iconbox_icon{\nbackground-color:#000000;\ncolor:#ffffff;\n}\n#top #wrap_all .iconbox.av-jxll6vhn-756c10009e2236a44b6bb85f667f4b25 .iconbox_content_title{\ncolor:#ffffff;\n}\n<\/style>\n<article  class='iconbox iconbox_left av-jxll6vhn-756c10009e2236a44b6bb85f667f4b25  avia-builder-el-7  el_before_av_icon_box  avia-builder-el-first '  itemscope=\"itemscope\" itemtype=\"https:\/\/schema.org\/CreativeWork\" ><div class=\"iconbox_content\"><header class=\"entry-content-header\"><div class=\"iconbox_icon heading-color\" aria-hidden='true' data-av_icon='\ue842' data-av_iconfont='entypo-fontello'><\/div><h3 class='iconbox_content_title '  itemprop=\"headline\" >Tranzit H\u00e1z<\/h3><\/header><div class='iconbox_content_container '  itemprop=\"text\" ><\/div><\/div><footer class=\"entry-footer\"><\/footer><\/article><br \/>\n\n<style type=\"text\/css\" data-created_by=\"avia_inline_auto\" id=\"style-css-av-jxll7wgh-f0e11aa1517c120576deca2b6de2d39e\">\n.iconbox.av-jxll7wgh-f0e11aa1517c120576deca2b6de2d39e .iconbox_icon{\nbackground-color:#000000;\ncolor:#ffffff;\n}\n#top #wrap_all .iconbox.av-jxll7wgh-f0e11aa1517c120576deca2b6de2d39e .iconbox_content_title{\ncolor:#ffffff;\n}\n<\/style>\n<article  class='iconbox iconbox_left av-jxll7wgh-f0e11aa1517c120576deca2b6de2d39e  avia-builder-el-8  el_after_av_icon_box  avia-builder-el-last '  itemscope=\"itemscope\" itemtype=\"https:\/\/schema.org\/CreativeWork\" ><div class=\"iconbox_content\"><header class=\"entry-content-header\"><div class=\"iconbox_icon heading-color\" aria-hidden='true' data-av_icon='\ue862' data-av_iconfont='entypo-fontello'><\/div><h3 class='iconbox_content_title '  itemprop=\"headline\" >Okt\u00f3ber 14., 15:00 \u2013 19:00 <\/h3><\/header><div class='iconbox_content_container '  itemprop=\"text\" ><\/div><\/div><footer class=\"entry-footer\"><\/footer><\/article><\/p><\/div>\n<style type=\"text\/css\" data-created_by=\"avia_inline_auto\" id=\"style-css-av-m58896-45e350a35c32f768347c4a4772895ddd\">\n.flex_column.av-m58896-45e350a35c32f768347c4a4772895ddd{\nborder-radius:0px 0px 0px 0px;\npadding:0px 0px 0px 0px;\n}\n<\/style>\n<div  class='flex_column av-m58896-45e350a35c32f768347c4a4772895ddd av_one_fifth  avia-builder-el-9  el_after_av_three_fifth  avia-builder-el-last  flex_column_div av-zero-column-padding  column-top-margin'     ><\/div>\n\n<\/div><\/div><\/main><!-- close content main element --><\/div><\/div><\/div><div id='av_section_2'  class='avia-section av-lh168a-61edebe427decfc978ce17fff3a9abba main_color avia-section-small avia-no-border-styling  avia-builder-el-10  el_after_av_section  el_before_av_section  avia-bg-style-scroll container_wrap fullsize'  ><div class='container av-section-cont-open' ><div class='template-page content  av-content-full alpha units'><div class='post-entry post-entry-type-page post-entry-15372'><div class='entry-content-wrapper clearfix'>\n\n<style type=\"text\/css\" data-created_by=\"avia_inline_auto\" id=\"style-css-av-jd59gq-ef1e430497c3b86483c7a19aee381346\">\n.flex_column.av-jd59gq-ef1e430497c3b86483c7a19aee381346{\nborder-radius:0px 0px 0px 0px;\npadding:0px 0px 0px 0px;\n}\n<\/style>\n<div  class='flex_column av-jd59gq-ef1e430497c3b86483c7a19aee381346 av_one_fifth  avia-builder-el-11  el_before_av_three_fifth  avia-builder-el-first  first flex_column_div av-zero-column-padding  '     ><\/div>\n<style type=\"text\/css\" data-created_by=\"avia_inline_auto\" id=\"style-css-av-i6qk1m-42a2a4a10531e113ac8ed7b1d921ed6e\">\n.flex_column.av-i6qk1m-42a2a4a10531e113ac8ed7b1d921ed6e{\nborder-radius:0px 0px 0px 0px;\npadding:0px 0px 0px 0px;\n}\n<\/style>\n<div  class='flex_column av-i6qk1m-42a2a4a10531e113ac8ed7b1d921ed6e av_three_fifth  avia-builder-el-12  el_after_av_one_fifth  el_before_av_one_fifth  flex_column_div av-zero-column-padding  '     ><section  class='av_textblock_section av-jxll8jyw-28f723cfbf2c82c1195b36e39b9ecfd4 '   itemscope=\"itemscope\" itemtype=\"https:\/\/schema.org\/CreativeWork\" ><div class='avia_textblock'  itemprop=\"text\" ><p><span style=\"font-weight: 400;\">Meg tudjuk-e \u00e1llap\u00edtani, hogy bizonyos terek kik sz\u00e1m\u00e1ra \u00e1llnak rendelkez\u00e9sre? \u00c9s val\u00f3ban rendelkez\u00e9sre \u00e1llnak-e? Vagy ez csak ill\u00fazi\u00f3? Mennyire vagyunk tudat\u00e1ban annak, hogy kik \u00e9s milyen sz\u00e1nd\u00e9kkal hozt\u00e1k l\u00e9tre ezeket a tereket? Milyen ir\u00e1nyban v\u00e1ltoznak ezek a terek, \u00e9s milyen ir\u00e1nyban v\u00e1ltoznak a sz\u00e1nd\u00e9kok? Kinek az ig\u00e9nyei a meghat\u00e1roz\u00f3ak? Amikor egy adott fizikai t\u00e9rr\u0151l besz\u00e9l\u00fcnk, azt is figyelembe kell venn\u00fcnk, hogy egyidej\u0171leg sok olyan t\u00e9r l\u00e9tezik, amely m\u00e1r nem l\u00e1that\u00f3. Ezzel egy id\u0151ben a t\u00e9r lehets\u00e9ges alternat\u00edv\u00e1i is mind jelen vannak. Meg tudjuk-e ragadni a terek t\u00f6bbdimenzi\u00f3s volt\u00e1t? Tudunk-e tudatosan b\u00e1nni vele?<\/span><\/p>\n<p><span style=\"font-weight: 400;\">Sok k\u00e9rd\u00e9s mer\u00fcl fel, mi pedig szeretn\u00e9nk teret biztos\u00edtani arra, hogy ezeket a k\u00e9rd\u00e9seket k\u00f6z\u00f6sen megvizsg\u00e1ljuk, \u00e9s megpr\u00f3b\u00e1ljunk v\u00e1laszokat tal\u00e1lni.<\/span><\/p>\n<\/div><\/section><\/div>\n<style type=\"text\/css\" data-created_by=\"avia_inline_auto\" id=\"style-css-av-g9i23u-347544d3de226270186ade033236b4a7\">\n.flex_column.av-g9i23u-347544d3de226270186ade033236b4a7{\nborder-radius:0px 0px 0px 0px;\npadding:0px 0px 0px 0px;\n}\n<\/style>\n<div  class='flex_column av-g9i23u-347544d3de226270186ade033236b4a7 av_one_fifth  avia-builder-el-14  el_after_av_three_fifth  avia-builder-el-last  flex_column_div av-zero-column-padding  '     ><\/div><\/div><\/div><\/div><!-- close content main div --><\/div><\/div><div id='av_section_3'  class='avia-section av-1w46c0t-8d7922e83110d909d802bc76cf194b4f main_color avia-section-small avia-no-border-styling  avia-builder-el-15  el_after_av_section  el_before_av_textblock  avia-bg-style-scroll container_wrap fullsize'  ><div class='container av-section-cont-open' ><div class='template-page content  av-content-full alpha units'><div class='post-entry post-entry-type-page post-entry-15372'><div class='entry-content-wrapper clearfix'>\n\n<style type=\"text\/css\" data-created_by=\"avia_inline_auto\" id=\"style-css-av-1ls2exp-c7873a3aeaca31e4dac2bcacdf0e2f20\">\n.flex_column.av-1ls2exp-c7873a3aeaca31e4dac2bcacdf0e2f20{\nborder-radius:0px 0px 0px 0px;\npadding:0px 0px 0px 0px;\n}\n<\/style>\n<div  class='flex_column av-1ls2exp-c7873a3aeaca31e4dac2bcacdf0e2f20 av_one_fifth  avia-builder-el-16  el_before_av_three_fifth  avia-builder-el-first  first flex_column_div av-zero-column-padding  '     ><\/div>\n<style type=\"text\/css\" data-created_by=\"avia_inline_auto\" id=\"style-css-av-17e7kyl-43bb42132b089b67160224faa2fb30bb\">\n.flex_column.av-17e7kyl-43bb42132b089b67160224faa2fb30bb{\nborder-radius:0px 0px 0px 0px;\npadding:0px 0px 0px 0px;\n}\n<\/style>\n<div  class='flex_column av-17e7kyl-43bb42132b089b67160224faa2fb30bb av_three_fifth  avia-builder-el-17  el_after_av_one_fifth  el_before_av_one_fifth  flex_column_div av-zero-column-padding  '     ><section  class='av_textblock_section av-lnevmrew-bd9912a0ced050f0f3ee12a4ce735220 '   itemscope=\"itemscope\" itemtype=\"https:\/\/schema.org\/CreativeWork\" ><div class='avia_textblock'  itemprop=\"text\" ><p><span style=\"font-weight: 400;\">A lakoss\u00e1gi gy\u0171l\u00e9sek hat\u00e9kony eszk\u00f6z lehet a k\u00f6z\u00f6ss\u00e9gek \u00f6sszefog\u00e1s\u00e1ra annak \u00e9rdek\u00e9ben, hogy \u00e1tvegy\u00e9k az int\u00e9zm\u00e9nyi hatalmat. 2024 j\u00fanius\u00e1ban az uni\u00f3s polg\u00e1rok szavaz\u00e1ssal v\u00e1lasztj\u00e1k meg \u00faj k\u00e9pvisel\u0151iket az Eur\u00f3pai Parlamentbe. Itt az ideje, hogy az uni\u00f3s polg\u00e1roknak \u00e9s lakosoknak jogot biztos\u00edtsunk arra, hogy ne csak a szavaz\u00e1son kereszt\u00fcl, hanem olyan r\u00e9szv\u00e9teli eszk\u00f6z\u00f6kkel is bekapcsol\u00f3djanak a demokratikus folyamatba, mint egy k\u00f6zgy\u0171l\u00e9s, amely egy legitim \u00e9s k\u00f6telez\u0151 \u00e9rv\u00e9ny\u0171 m\u00f3dja annak, hogy javaslatokat fogalmazzunk meg a k\u00f6z\u00f6s j\u00f6v\u0151nkkel kapcsolatban.<\/span><\/p>\n<p><span style=\"font-weight: 400;\">A Holding Spaces assembly mindazokr\u00f3l az emberekr\u0151l sz\u00f3l, akikkel a Transeuropa keret\u00e9ben a fizikai terekhez, a virtu\u00e1lis terekhez \u00e9s a ment\u00e1lis terekhez val\u00f3 viszonyunkat k\u00fcl\u00f6nb\u00f6z\u0151 n\u00e9z\u0151pontokb\u00f3l vizsg\u00e1ltuk. A k\u00f6zgy\u0171l\u00e9s egy reflexi\u00f3. Egy t\u00e9r mint f\u00f3rum. Egy t\u00e9r, ahov\u00e1 elhozhatunk \u00e9s ahonnan elvihet\u00fcnk valamit. A r\u00e9sztvev\u0151knek lehet\u0151s\u00e9g\u00fck lesz k\u00e9rd\u00e9seket feltenni, \u00f6tleteket \u00e9s v\u00e9lem\u00e9nyeket fejlesztelni \u00e9s kicser\u00e9lni. A k\u00f6zgy\u0171l\u00e9s egy\u00e9ni elm\u00e9lked\u00e9st, csoportmunk\u00e1t \u00e9s r\u00f6vid besz\u00e9deket tartalmaz. Ezen a rendezv\u00e9nyen szeretn\u00e9nk \u00f6sszegy\u0171jteni mindazt, amit az el\u0151z\u0151 n\u00e9gy nap sor\u00e1n r\u00e9szletesen felt\u00e1rtunk. A gy\u0171l\u00e9s c\u00e9lja, hogy mindazok, akik id\u0151t sz\u00e1nnak arra, hogy a szombat d\u00e9lut\u00e1nt a t\u00e1rsadalmi k\u00e9rd\u00e9sek felt\u00e1r\u00e1s\u00e1val \u00e9s a k\u00f6z\u00f6ss\u00e9g\u00e9p\u00edt\u00e9ssel t\u00f6lts\u00e9k, inspir\u00e1ci\u00f3t \u00e9s rem\u00e9nyt tal\u00e1ljanak egym\u00e1sban, felismerj\u00e9k a harcban l\u00e9v\u0151 k\u00f6z\u00f6ss\u00e9g\u00fcket, \u00e9s megtal\u00e1lj\u00e1k az elvi szolidarit\u00e1s \u00e9rz\u00e9s\u00e9t.<\/span><\/p>\n<\/div><\/section><\/div>\n<style type=\"text\/css\" data-created_by=\"avia_inline_auto\" id=\"style-css-av-uhgm59-c3fb210321370cefdca339f631f6a041\">\n.flex_column.av-uhgm59-c3fb210321370cefdca339f631f6a041{\nborder-radius:0px 0px 0px 0px;\npadding:0px 0px 0px 0px;\n}\n<\/style>\n<div  class='flex_column av-uhgm59-c3fb210321370cefdca339f631f6a041 av_one_fifth  avia-builder-el-19  el_after_av_three_fifth  avia-builder-el-last  flex_column_div av-zero-column-padding  '     ><\/div><\/div><\/div><\/div><!-- close content main div --><\/div><\/div><div id='after_section_3'  class='main_color av_default_container_wrap container_wrap fullsize'  ><div class='container av-section-cont-open' ><div class='template-page content  av-content-full alpha units'><div class='post-entry post-entry-type-page post-entry-15372'><div class='entry-content-wrapper clearfix'><section  class='av_textblock_section av-k191qznr-1ebc207925d069603ccbe3ec9830cbec '   itemscope=\"itemscope\" itemtype=\"https:\/\/schema.org\/CreativeWork\" ><div class='avia_textblock'  itemprop=\"text\" ><h2 style=\"text-align: center;\"><strong>PARTNEREK<\/strong><\/h2>\n<h3><\/h3>\n<\/div><\/section><\/p>\n<div  class='avia-logo-element-container av-k191o4ys-4676b4faaaa8a63ea89f5e50e3b06025 av-border-deactivate avia-logo-slider avia-content-slider avia-smallarrow-slider avia-content-slider-active noHover avia-content-slider-even  avia-builder-el-21  el_after_av_textblock  avia-builder-el-last  av-slideshow-ui av-control-default av-nav-arrows-visible av-nav-dots-visible av-no-slider-navigation av-slideshow-manual av-loop-once av-loop-manual-endless avia-content-slider1' data-slideshow-options=\"{&quot;animation&quot;:&quot;slide&quot;,&quot;autoplay&quot;:false,&quot;loop_autoplay&quot;:&quot;once&quot;,&quot;interval&quot;:5,&quot;loop_manual&quot;:&quot;manual-endless&quot;,&quot;autoplay_stopper&quot;:false,&quot;noNavigation&quot;:false,&quot;bg_slider&quot;:false,&quot;keep_padding&quot;:&quot;&quot;,&quot;hoverpause&quot;:false,&quot;show_slide_delay&quot;:0}\"><div class='avia-smallarrow-slider-heading  no-logo-slider-heading '><div class='new-special-heading'>&nbsp;<\/div><\/div><div class=\"avia-content-slider-inner\"><div class=\"slide-entry-wrap\"><div  class='slide-entry av-inetju-e0af3e024944ff09c7df53157076fa39 flex_column no_margin av_one_eighth real-thumbnail post-entry slide-entry-overview slide-loop-1 slide-parity-odd  first'><span class='av-partner-fake-img' style='padding-bottom:44.114002478315%; background-image:url(https:\/\/2023.transeuropafestival.eu\/wp-content\/uploads\/2023\/09\/Tranzit-Logo.png);'><\/span><\/div><div  class='slide-entry av-awj16-fdce09661087763a529b0b56415bf941 flex_column no_margin av_one_eighth real-thumbnail post-entry slide-entry-overview slide-loop-2 slide-parity-even  '><\/div><div  class='slide-entry av-il38e5-1758a49183f5e9e69fae767d7ea0989a flex_column no_margin av_one_eighth real-thumbnail post-entry slide-entry-overview slide-loop-3 slide-parity-odd post-entry-last '><span class='av-partner-fake-img' style='padding-bottom:44.114002478315%; background-image:url(https:\/\/2023.transeuropafestival.eu\/wp-content\/uploads\/2023\/09\/Casi-logo.png);'><\/span><\/div><\/div><\/div><\/div>\n","protected":false},"excerpt":{"rendered":"","protected":false},"author":2,"featured_media":0,"parent":0,"menu_order":0,"comment_status":"closed","ping_status":"closed","template":"","meta":{"footnotes":""},"class_list":["post-15372","page","type-page","status-publish","hentry"],"_links":{"self":[{"href":"https:\/\/2023.transeuropafestival.eu\/hu\/wp-json\/wp\/v2\/pages\/15372","targetHints":{"allow":["GET"]}}],"collection":[{"href":"https:\/\/2023.transeuropafestival.eu\/hu\/wp-json\/wp\/v2\/pages"}],"about":[{"href":"https:\/\/2023.transeuropafestival.eu\/hu\/wp-json\/wp\/v2\/types\/page"}],"author":[{"embeddable":true,"href":"https:\/\/2023.transeuropafestival.eu\/hu\/wp-json\/wp\/v2\/users\/2"}],"replies":[{"embeddable":true,"href":"https:\/\/2023.transeuropafestival.eu\/hu\/wp-json\/wp\/v2\/comments?post=15372"}],"version-history":[{"count":4,"href":"https:\/\/2023.transeuropafestival.eu\/hu\/wp-json\/wp\/v2\/pages\/15372\/revisions"}],"predecessor-version":[{"id":15378,"href":"https:\/\/2023.transeuropafestival.eu\/hu\/wp-json\/wp\/v2\/pages\/15372\/revisions\/15378"}],"wp:attachment":[{"href":"https:\/\/2023.transeuropafestival.eu\/hu\/wp-json\/wp\/v2\/media?parent=15372"}],"curies":[{"name":"wp","href":"https:\/\/api.w.org\/{rel}","templated":true}]}}