{"id":12600,"date":"2023-09-07T09:42:54","date_gmt":"2023-09-07T09:42:54","guid":{"rendered":"https:\/\/2023.transeuropafestival.eu\/participare\/"},"modified":"2023-10-10T13:10:33","modified_gmt":"2023-10-10T13:10:33","slug":"participare","status":"publish","type":"page","link":"https:\/\/2023.transeuropafestival.eu\/ro\/participare\/","title":{"rendered":"Participare"},"content":{"rendered":"\n<style type=\"text\/css\" data-created_by=\"avia_inline_auto\" id=\"style-css-av-1o7kwxy-246dfce66aa60d0764d5dfd521b52e14\">\n.avia-section.av-1o7kwxy-246dfce66aa60d0764d5dfd521b52e14 .av-parallax .av-parallax-inner{\nbackground-repeat:no-repeat;\nbackground-image:url(https:\/\/2023.transeuropafestival.eu\/wp-content\/uploads\/2023\/07\/Background-Web-TEF_.png);\nbackground-position:50% 50%;\nbackground-attachment:scroll;\n}\n.avia-section.av-1o7kwxy-246dfce66aa60d0764d5dfd521b52e14 .av-section-color-overlay{\nopacity:0.5;\nbackground-color:#35383c;\n}\n<\/style>\n<div id='eventheader'  class='avia-section av-1o7kwxy-246dfce66aa60d0764d5dfd521b52e14 main_color avia-section-huge avia-no-border-styling  avia-builder-el-0  el_before_av_section  avia-builder-el-first  avia-full-stretch av-parallax-section avia-bg-style-parallax av-section-color-overlay-active container_wrap fullsize'  data-section-bg-repeat='stretch'><div class='av-parallax' data-avia-parallax-ratio='0.3' ><div class='av-parallax-inner main_color avia-full-stretch'><\/div><\/div><div class=\"av-section-color-overlay-wrap\"><div class=\"av-section-color-overlay\"><\/div><div class='container av-section-cont-open' ><main  role=\"main\" itemprop=\"mainContentOfPage\"  class='template-page content  av-content-full alpha units'><div class='post-entry post-entry-type-page post-entry-12600'><div class='entry-content-wrapper clearfix'>\n\n<style type=\"text\/css\" data-created_by=\"avia_inline_auto\" id=\"style-css-av-1ncjl6e-3b1ea396e4d44af13851bb1cff911957\">\n.flex_column.av-1ncjl6e-3b1ea396e4d44af13851bb1cff911957{\nborder-radius:0px 0px 0px 0px;\npadding:0px 0px 0px 0px;\n}\n<\/style>\n<div  class='flex_column av-1ncjl6e-3b1ea396e4d44af13851bb1cff911957 av_one_fifth  avia-builder-el-1  el_before_av_three_fifth  avia-builder-el-first  first flex_column_div av-zero-column-padding  '     ><\/div>\n<style type=\"text\/css\" data-created_by=\"avia_inline_auto\" id=\"style-css-av-1kiojae-5b0979f8461ebecdf00e1bd4c615aa2c\">\n.flex_column.av-1kiojae-5b0979f8461ebecdf00e1bd4c615aa2c{\nborder-radius:0px 0px 0px 0px;\npadding:0px 0px 0px 0px;\n}\n<\/style>\n<div  class='flex_column av-1kiojae-5b0979f8461ebecdf00e1bd4c615aa2c av_three_fifth  avia-builder-el-2  el_after_av_one_fifth  el_before_av_one_fifth  flex_column_div av-zero-column-padding  '     ><style type=\"text\/css\" data-created_by=\"avia_inline_auto\" id=\"style-css-av-1jnwuqu-423bd0e75ae7d029212a17f39db7d05f\">\n#top .av-special-heading.av-1jnwuqu-423bd0e75ae7d029212a17f39db7d05f{\npadding-bottom:19px;\ncolor:#ffffff;\nfont-size:40px;\n}\nbody .av-special-heading.av-1jnwuqu-423bd0e75ae7d029212a17f39db7d05f .av-special-heading-tag .heading-char{\nfont-size:25px;\n}\n#top #wrap_all .av-special-heading.av-1jnwuqu-423bd0e75ae7d029212a17f39db7d05f .av-special-heading-tag{\nfont-size:40px;\n}\n.av-special-heading.av-1jnwuqu-423bd0e75ae7d029212a17f39db7d05f .special-heading-inner-border{\nborder-color:#ffffff;\n}\n.av-special-heading.av-1jnwuqu-423bd0e75ae7d029212a17f39db7d05f .av-subheading{\nfont-size:15px;\n}\n\n@media only screen and (min-width: 480px) and (max-width: 767px){ \n#top #wrap_all .av-special-heading.av-1jnwuqu-423bd0e75ae7d029212a17f39db7d05f .av-special-heading-tag{\nfont-size:0.8em;\n}\n}\n\n@media only screen and (max-width: 479px){ \n#top #wrap_all .av-special-heading.av-1jnwuqu-423bd0e75ae7d029212a17f39db7d05f .av-special-heading-tag{\nfont-size:0.8em;\n}\n}\n<\/style>\n<div  class='av-special-heading av-1jnwuqu-423bd0e75ae7d029212a17f39db7d05f av-special-heading-h1 custom-color-heading blockquote modern-quote modern-centered  avia-builder-el-3  avia-builder-el-no-sibling  av-inherit-size'><h1 class='av-special-heading-tag'  itemprop=\"headline\"  >Participare<\/h1><div class=\"special-heading-border\"><div class=\"special-heading-inner-border\"><\/div><\/div><\/div><\/div>\n<style type=\"text\/css\" data-created_by=\"avia_inline_auto\" id=\"style-css-av-1hwv9hy-67afb8723febfe10f40af033778e5711\">\n.flex_column.av-1hwv9hy-67afb8723febfe10f40af033778e5711{\nborder-radius:0px 0px 0px 0px;\npadding:0px 0px 0px 0px;\n}\n<\/style>\n<div  class='flex_column av-1hwv9hy-67afb8723febfe10f40af033778e5711 av_one_fifth  avia-builder-el-4  el_after_av_three_fifth  avia-builder-el-last  flex_column_div av-zero-column-padding  '     ><\/div>\n\n<\/div><\/div><\/main><!-- close content main element --><\/div><\/div><\/div><div id='av_section_2'  class='avia-section av-1gegvye-8723ddd72ff2a9fd115af74526210e48 main_color avia-section-small avia-no-border-styling  avia-builder-el-5  el_after_av_section  el_before_av_section  avia-bg-style-scroll container_wrap fullsize'  ><div class='container av-section-cont-open' ><div class='template-page content  av-content-full alpha units'><div class='post-entry post-entry-type-page post-entry-12600'><div class='entry-content-wrapper clearfix'>\n\n<style type=\"text\/css\" data-created_by=\"avia_inline_auto\" id=\"style-css-av-1f1nk2e-c770f0ceb4866c7a6c11afd8676c8554\">\n.flex_column.av-1f1nk2e-c770f0ceb4866c7a6c11afd8676c8554{\nborder-radius:0px 0px 0px 0px;\npadding:0px 0px 0px 0px;\n}\n<\/style>\n<div  class='flex_column av-1f1nk2e-c770f0ceb4866c7a6c11afd8676c8554 av_one_fifth  avia-builder-el-6  el_before_av_three_fifth  avia-builder-el-first  first flex_column_div av-zero-column-padding  '     ><\/div>\n<style type=\"text\/css\" data-created_by=\"avia_inline_auto\" id=\"style-css-av-1dhm0w6-09c209d5542420b9fb09a3ca365f3a36\">\n.flex_column.av-1dhm0w6-09c209d5542420b9fb09a3ca365f3a36{\nborder-radius:0px 0px 0px 0px;\npadding:0px 0px 0px 0px;\n}\n<\/style>\n<div  class='flex_column av-1dhm0w6-09c209d5542420b9fb09a3ca365f3a36 av_three_fifth  avia-builder-el-7  el_after_av_one_fifth  el_before_av_one_fifth  flex_column_div av-zero-column-padding  '     ><style type=\"text\/css\" data-created_by=\"avia_inline_auto\" id=\"style-css-av-1aryaja-14e040ff5e51909cb8cc7bc5a439ee84\">\n#top .av_textblock_section.av-1aryaja-14e040ff5e51909cb8cc7bc5a439ee84 .avia_textblock{\nfont-size:14px;\n}\n<\/style>\n<section  class='av_textblock_section av-1aryaja-14e040ff5e51909cb8cc7bc5a439ee84 '   itemscope=\"itemscope\" itemtype=\"https:\/\/schema.org\/CreativeWork\" ><div class='avia_textblock'  itemprop=\"text\" ><p>Mii de oameni au participat \u0219i au influen\u021bat festivalul Transeuropa \u00een ultimii zece ani \u0219i, \u00eenc\u0103 o dat\u0103, activi\u0219ti \u0219i arti\u0219ti din \u00eentreaga Europa se vor \u00eent\u00e2lni cu localnici pentru a crea \u0219i a face schimb de ini\u021biative pentru o Europ\u0103 alternativ\u0103.<\/p>\n<p>Toate locurile din program sunt publice \u0219i gratuite \u2013 doar o parte din program va necesita rezervare. V\u0103 pute\u021bi \u00eenscrie aici ( aten\u021bie: lista nu este \u00eenc\u0103 complet\u0103):<\/p>\n<\/div><\/section><\/div>\n<style type=\"text\/css\" data-created_by=\"avia_inline_auto\" id=\"style-css-av-19s2a6u-1e0d7f759fc616ebdf0dfcc934214f8f\">\n.flex_column.av-19s2a6u-1e0d7f759fc616ebdf0dfcc934214f8f{\nborder-radius:0px 0px 0px 0px;\npadding:0px 0px 0px 0px;\n}\n<\/style>\n<div  class='flex_column av-19s2a6u-1e0d7f759fc616ebdf0dfcc934214f8f av_one_fifth  avia-builder-el-9  el_after_av_three_fifth  avia-builder-el-last  flex_column_div av-zero-column-padding  '     ><\/div>\n\n<\/div><\/div><\/div><!-- close content main div --><\/div><\/div><div id='av_section_3'  class='avia-section av-7aegae-3eac1a89e1e3e67fc6d00f55f223b90d main_color avia-section-small avia-no-border-styling  avia-builder-el-10  el_after_av_section  avia-builder-el-last  avia-bg-style-scroll container_wrap fullsize'  ><div class='container av-section-cont-open' ><div class='template-page content  av-content-full alpha units'><div class='post-entry post-entry-type-page post-entry-12600'><div class='entry-content-wrapper clearfix'>\n\n<style type=\"text\/css\" data-created_by=\"avia_inline_auto\" id=\"style-css-av-5hhzmu-e29e183b33c35cb967eb8814874ac2a2\">\n.flex_column.av-5hhzmu-e29e183b33c35cb967eb8814874ac2a2{\nborder-radius:0px 0px 0px 0px;\npadding:0px 0px 0px 0px;\n}\n<\/style>\n<div  class='flex_column av-5hhzmu-e29e183b33c35cb967eb8814874ac2a2 av_one_fifth  avia-builder-el-11  el_before_av_three_fifth  avia-builder-el-first  first flex_column_div av-zero-column-padding  '     ><\/div>\n<style type=\"text\/css\" data-created_by=\"avia_inline_auto\" id=\"style-css-av-4k2pqe-c12d8074c66cd30bfda82f1990c4d26b\">\n.flex_column.av-4k2pqe-c12d8074c66cd30bfda82f1990c4d26b{\nborder-radius:0px 0px 0px 0px;\npadding:0px 0px 0px 0px;\n}\n<\/style>\n<div  class='flex_column av-4k2pqe-c12d8074c66cd30bfda82f1990c4d26b av_three_fifth  avia-builder-el-12  el_after_av_one_fifth  el_before_av_one_fifth  flex_column_div av-zero-column-padding  '     ><style type=\"text\/css\" data-created_by=\"avia_inline_auto\" id=\"style-css-av-lnaky1pk-3bd956dac39ab24a127b82c86cd37e27\">\n#top .av_textblock_section.av-lnaky1pk-3bd956dac39ab24a127b82c86cd37e27 .avia_textblock{\nfont-size:14px;\n}\n<\/style>\n<section  class='av_textblock_section av-lnaky1pk-3bd956dac39ab24a127b82c86cd37e27 '   itemscope=\"itemscope\" itemtype=\"https:\/\/schema.org\/CreativeWork\" ><div class='avia_textblock'  itemprop=\"text\" ><ul>\n<li><u><a href=\"https:\/\/eventbook.ro\/theater\/bilete-forecasting-spectacol-de-teatru?fbclid=IwAR0fAsrVn1xla7tJ34-0x_Onjf4RyH5R7iLmvqiDfklfrlVlKCjBk0fB-do\"><strong>FORECASTING | Casa Tranzit House | 11 Octombrie | 20:00<\/strong><\/a><\/u><\/li>\n<li><u><a href=\"https:\/\/forms.gle\/eVT4ByPF2H4uD94Q8\"><strong>DISCONNECTED \u2013 Workshop\u00a0| ZIZ \u2013 Art and Social Area | 12 Octombrie | 10:00<\/strong><\/a><\/u><\/li>\n<li><u><a href=\"https:\/\/form.jotform.com\/232763012209347?fbclid=IwAR17trk-zFCVKoK__UmRJKk1__JGw_ThxniAYpTwxOHMpc9t4Ag642-2Eus\"><strong>INTERMEDIALITATEA \u00ceN ARTELE SPECTACOLULUI\u00a0\u2013 Masterclass\u00a0| Casa Tranzit | 12 Octombrie | 15:00<\/strong><\/a><\/u><\/li>\n<li><u><a href=\"https:\/\/form.jotform.com\/232762612735356?fbclid=IwAR2WjLsbctDKiO8Np293AfkgBk-gZ5ZWpSWL79L9_ROdMa3KmlWzQGM-YRk\"><strong>PLAYDATE\u00a0| Casa Tranzit | 12 Octombrie | 17:00 &amp; 18:30<\/strong><\/a><\/u><\/li>\n<li><u><a href=\"https:\/\/eventbook.ro\/theater\/bilete-interior-lumina?hall=reactor-cluj\"><strong>INTERIOR \u2013 LUMIN\u0102\u00a0| Reactor | 12 Octombrie | 19:00<\/strong><\/a><\/u><\/li>\n<li><span style=\"text-decoration: underline;\"><a href=\"https:\/\/forms.gle\/MJPVKbUUXUKdYZY67\"><strong>MONUMENTUL INVIZIBILIT\u0102\u021aII \u2013 Workshop <b>| ZIZ \u2013 Art and Social Area | 13, 14 Octombrie<\/b><\/strong><\/a><\/span><\/li>\n<li><span style=\"text-decoration: underline;\"><a href=\"https:\/\/forms.gle\/7fiQ2K4mDD1TbT4D9\"><strong><b>ARTSFORMATION TAKEOVER \u2013 Workshop | ZIZ \u2013 Art and Social Area | 13 Octombrie | 11:00<\/b><\/strong><\/a><\/span><\/li>\n<li><u><a href=\"https:\/\/calendly.com\/universalpleasurefactory\/time-travel-at-walking-pace-transeuropa\"><strong>C\u0102L\u0102TORIE \u00ceN TIMP \u00ceN RITM DE MERS\u00a0| ZIZ \u2013 Art and Social Area | 13, 14 Octombrie<\/strong><\/a><\/u><\/li>\n<li><u><a href=\"https:\/\/docs.google.com\/forms\/d\/e\/1FAIpQLSfYYh5kmZQ6WUaSUG5KwhXlH59D8aNRNkXe90l0T9UZKE9LTA\/viewform\"><strong>SHOUT IT OUT \/ TELL YOUR STRUGGLE \u2013 Workshop\u00a0| Studioul lui Anna | 13, 14 Octombrie<\/strong><\/a><\/u><\/li>\n<li><u><a href=\"https:\/\/eventbook.ro\/film\/bilete-chega-di-fiu-fiu\"><strong>DESTUL CU H\u0102R\u021aUIREA STRADAL\u0102\u00a0| Cinema Arta | 14 Octombrie | 20:00<\/strong><\/a><\/u><\/li>\n<li><a href=\"https:\/\/eventbook.ro\/film\/bilete-we-are-coming\"><strong>VENIM\u00a0| Cinema Arta | 14 Octombrie | 22:00<\/strong><\/a><\/li>\n<\/ul>\n<\/div><\/section><\/div>\n<style type=\"text\/css\" data-created_by=\"avia_inline_auto\" id=\"style-css-av-2c0cau-41be564f73bf63811caad242fc5cfde2\">\n.flex_column.av-2c0cau-41be564f73bf63811caad242fc5cfde2{\nborder-radius:0px 0px 0px 0px;\npadding:0px 0px 0px 0px;\n}\n<\/style>\n<div  class='flex_column av-2c0cau-41be564f73bf63811caad242fc5cfde2 av_one_fifth  avia-builder-el-14  el_after_av_three_fifth  avia-builder-el-last  flex_column_div av-zero-column-padding  '     ><\/div>\n","protected":false},"excerpt":{"rendered":"","protected":false},"author":1,"featured_media":0,"parent":0,"menu_order":0,"comment_status":"closed","ping_status":"closed","template":"","meta":{"footnotes":""},"class_list":["post-12600","page","type-page","status-publish","hentry"],"_links":{"self":[{"href":"https:\/\/2023.transeuropafestival.eu\/ro\/wp-json\/wp\/v2\/pages\/12600","targetHints":{"allow":["GET"]}}],"collection":[{"href":"https:\/\/2023.transeuropafestival.eu\/ro\/wp-json\/wp\/v2\/pages"}],"about":[{"href":"https:\/\/2023.transeuropafestival.eu\/ro\/wp-json\/wp\/v2\/types\/page"}],"author":[{"embeddable":true,"href":"https:\/\/2023.transeuropafestival.eu\/ro\/wp-json\/wp\/v2\/users\/1"}],"replies":[{"embeddable":true,"href":"https:\/\/2023.transeuropafestival.eu\/ro\/wp-json\/wp\/v2\/comments?post=12600"}],"version-history":[{"count":8,"href":"https:\/\/2023.transeuropafestival.eu\/ro\/wp-json\/wp\/v2\/pages\/12600\/revisions"}],"predecessor-version":[{"id":15545,"href":"https:\/\/2023.transeuropafestival.eu\/ro\/wp-json\/wp\/v2\/pages\/12600\/revisions\/15545"}],"wp:attachment":[{"href":"https:\/\/2023.transeuropafestival.eu\/ro\/wp-json\/wp\/v2\/media?parent=12600"}],"curies":[{"name":"wp","href":"https:\/\/api.w.org\/{rel}","templated":true}]}}