{"id":14144,"date":"2023-09-19T05:09:15","date_gmt":"2023-09-19T05:09:15","guid":{"rendered":"https:\/\/2023.transeuropafestival.eu\/expozitie-in-rolul-principal-ilonka-neni-ileana-lacatus-1932-2022\/"},"modified":"2023-09-19T05:09:16","modified_gmt":"2023-09-19T05:09:16","slug":"expozitie-in-rolul-principal-ilonka-neni-ileana-lacatus-1932-2022","status":"publish","type":"page","link":"https:\/\/2023.transeuropafestival.eu\/ro\/expozitie-in-rolul-principal-ilonka-neni-ileana-lacatus-1932-2022\/","title":{"rendered":"EXPOZI\u021aIE: \u00ceN ROLUL PRINCIPAL: ILONKA N\u00c9NI, Ileana L\u0103c\u0103tu\u0219 (1932 \u2013 2022)"},"content":{"rendered":"\n<style type=\"text\/css\" data-created_by=\"avia_inline_auto\" id=\"style-css-av-jxll87qe-bb6a8420a61246a11b56314540630d1a\">\n.avia-section.av-jxll87qe-bb6a8420a61246a11b56314540630d1a .av-parallax .av-parallax-inner{\nbackground-repeat:no-repeat;\nbackground-image:url(https:\/\/2023.transeuropafestival.eu\/wp-content\/uploads\/2023\/09\/Ilonka-neni.jpeg);\nbackground-position:50% 50%;\nbackground-attachment:scroll;\n}\n.avia-section.av-jxll87qe-bb6a8420a61246a11b56314540630d1a .av-section-color-overlay{\nopacity:0.5;\nbackground-color:#35383c;\n}\n<\/style>\n<div id='eventheader'  class='avia-section av-jxll87qe-bb6a8420a61246a11b56314540630d1a main_color avia-section-huge avia-no-border-styling  avia-builder-el-0  el_before_av_section  avia-builder-el-first  avia-full-stretch av-parallax-section avia-bg-style-parallax av-section-color-overlay-active container_wrap fullsize'  data-section-bg-repeat='stretch'><div class='av-parallax' data-avia-parallax-ratio='0.3' ><div class='av-parallax-inner main_color avia-full-stretch'><\/div><\/div><div class=\"av-section-color-overlay-wrap\"><div class=\"av-section-color-overlay\"><\/div><div class='container av-section-cont-open' ><main  role=\"main\" itemprop=\"mainContentOfPage\"  class='template-page content  av-content-full alpha units'><div class='post-entry post-entry-type-page post-entry-14144'><div class='entry-content-wrapper clearfix'>\n\n<style type=\"text\/css\" data-created_by=\"avia_inline_auto\" id=\"style-css-av-uuknxm-83196d743f8ce680e218f95ebd7215a0\">\n.flex_column.av-uuknxm-83196d743f8ce680e218f95ebd7215a0{\nborder-radius:0px 0px 0px 0px;\npadding:0px 0px 0px 0px;\n}\n<\/style>\n<div  class='flex_column av-uuknxm-83196d743f8ce680e218f95ebd7215a0 av_one_fifth  avia-builder-el-1  el_before_av_three_fifth  avia-builder-el-first  first flex_column_div av-zero-column-padding  '     ><\/div>\n<style type=\"text\/css\" data-created_by=\"avia_inline_auto\" id=\"style-css-av-secv8a-ae4245062b7dffd33b4c2a39bdfd4dc0\">\n.flex_column.av-secv8a-ae4245062b7dffd33b4c2a39bdfd4dc0{\nborder-radius:0px 0px 0px 0px;\npadding:0px 0px 0px 0px;\n}\n<\/style>\n<div  class='flex_column av-secv8a-ae4245062b7dffd33b4c2a39bdfd4dc0 av_three_fifth  avia-builder-el-2  el_after_av_one_fifth  el_before_av_one_fifth  flex_column_div av-zero-column-padding  '     ><style type=\"text\/css\" data-created_by=\"avia_inline_auto\" id=\"style-css-av-lmgcxmqy-3d50c72ce3333f66f22a38567c53dab0\">\n#top .av-special-heading.av-lmgcxmqy-3d50c72ce3333f66f22a38567c53dab0{\npadding-bottom:19px;\ncolor:#ffffff;\nfont-size:40px;\n}\nbody .av-special-heading.av-lmgcxmqy-3d50c72ce3333f66f22a38567c53dab0 .av-special-heading-tag .heading-char{\nfont-size:25px;\n}\n#top #wrap_all .av-special-heading.av-lmgcxmqy-3d50c72ce3333f66f22a38567c53dab0 .av-special-heading-tag{\nfont-size:40px;\n}\n.av-special-heading.av-lmgcxmqy-3d50c72ce3333f66f22a38567c53dab0 .special-heading-inner-border{\nborder-color:#ffffff;\n}\n.av-special-heading.av-lmgcxmqy-3d50c72ce3333f66f22a38567c53dab0 .av-subheading{\nfont-size:15px;\n}\n\n@media only screen and (min-width: 480px) and (max-width: 767px){ \n#top #wrap_all .av-special-heading.av-lmgcxmqy-3d50c72ce3333f66f22a38567c53dab0 .av-special-heading-tag{\nfont-size:0.8em;\n}\n}\n\n@media only screen and (max-width: 479px){ \n#top #wrap_all .av-special-heading.av-lmgcxmqy-3d50c72ce3333f66f22a38567c53dab0 .av-special-heading-tag{\nfont-size:0.8em;\n}\n}\n<\/style>\n<div  class='av-special-heading av-lmgcxmqy-3d50c72ce3333f66f22a38567c53dab0 av-special-heading-h1 custom-color-heading blockquote modern-quote modern-centered  avia-builder-el-3  avia-builder-el-no-sibling  av-inherit-size av-linked-heading'><div class='av_custom_color av-subheading av-subheading_above'><p><span style=\"font-weight: 400;\">EXPOZI\u021aIE COMEMORATIV\u0102<\/span><\/p>\n<\/div><h1 class='av-special-heading-tag'  itemprop=\"headline\"  >\u00ceN ROLUL PRINCIPAL: ILONKA N\u00c9NI, Ileana L\u0103c\u0103tu\u0219 (1932 \u2013 2022)<\/h1><div class=\"special-heading-border\"><div class=\"special-heading-inner-border\"><\/div><\/div><\/div><\/div>\n<style type=\"text\/css\" data-created_by=\"avia_inline_auto\" id=\"style-css-av-qy55h6-617a1529630017067ea11caafd86d486\">\n.flex_column.av-qy55h6-617a1529630017067ea11caafd86d486{\nborder-radius:0px 0px 0px 0px;\npadding:0px 0px 0px 0px;\n}\n<\/style>\n<div  class='flex_column av-qy55h6-617a1529630017067ea11caafd86d486 av_one_fifth  avia-builder-el-4  el_after_av_three_fifth  el_before_av_one_fifth  flex_column_div av-zero-column-padding  '     ><\/div>\n<style type=\"text\/css\" data-created_by=\"avia_inline_auto\" id=\"style-css-av-92lmy-164a40ef016c00cc3ee6e5b54e1adcb4\">\n.flex_column.av-92lmy-164a40ef016c00cc3ee6e5b54e1adcb4{\nborder-radius:0px 0px 0px 0px;\npadding:0px 0px 0px 0px;\n}\n<\/style>\n<div  class='flex_column av-92lmy-164a40ef016c00cc3ee6e5b54e1adcb4 av_one_fifth  avia-builder-el-5  el_after_av_one_fifth  el_before_av_three_fifth  first flex_column_div av-zero-column-padding  column-top-margin'     ><\/div>\n<style type=\"text\/css\" data-created_by=\"avia_inline_auto\" id=\"style-css-av-nmuba2-2d5482d3e58b6e18654aa8d8f490a33c\">\n.flex_column.av-nmuba2-2d5482d3e58b6e18654aa8d8f490a33c{\nborder-radius:0px 0px 0px 0px;\npadding:0px 0px 0px 0px;\n}\n<\/style>\n<div  class='flex_column av-nmuba2-2d5482d3e58b6e18654aa8d8f490a33c av_three_fifth  avia-builder-el-6  el_after_av_one_fifth  el_before_av_one_fifth  flex_column_div av-zero-column-padding  column-top-margin'     ><p>\n<style type=\"text\/css\" data-created_by=\"avia_inline_auto\" id=\"style-css-av-jxll6vhn-2d2285b07174cf5d953c322d71eddffe\">\n.iconbox.av-jxll6vhn-2d2285b07174cf5d953c322d71eddffe .iconbox_icon{\nbackground-color:#000000;\ncolor:#ffffff;\n}\n#top #wrap_all .iconbox.av-jxll6vhn-2d2285b07174cf5d953c322d71eddffe .iconbox_content_title{\ncolor:#ffffff;\n}\n<\/style>\n<article  class='iconbox iconbox_left av-jxll6vhn-2d2285b07174cf5d953c322d71eddffe  avia-builder-el-7  el_before_av_icon_box  avia-builder-el-first '  itemscope=\"itemscope\" itemtype=\"https:\/\/schema.org\/CreativeWork\" ><div class=\"iconbox_content\"><header class=\"entry-content-header\"><div class=\"iconbox_icon heading-color\" aria-hidden='true' data-av_icon='\ue842' data-av_iconfont='entypo-fontello'><\/div><h3 class='iconbox_content_title '  itemprop=\"headline\" >Casa Tranzit<\/h3><\/header><div class='iconbox_content_container '  itemprop=\"text\" ><\/div><\/div><footer class=\"entry-footer\"><\/footer><\/article><br \/>\n\n<style type=\"text\/css\" data-created_by=\"avia_inline_auto\" id=\"style-css-av-jxll7wgh-a9febac3ff42aaf50edaa21638cb2064\">\n.iconbox.av-jxll7wgh-a9febac3ff42aaf50edaa21638cb2064 .iconbox_icon{\nbackground-color:#000000;\ncolor:#ffffff;\n}\n#top #wrap_all .iconbox.av-jxll7wgh-a9febac3ff42aaf50edaa21638cb2064 .iconbox_content_title{\ncolor:#ffffff;\n}\n<\/style>\n<article  class='iconbox iconbox_left av-jxll7wgh-a9febac3ff42aaf50edaa21638cb2064  avia-builder-el-8  el_after_av_icon_box  avia-builder-el-last '  itemscope=\"itemscope\" itemtype=\"https:\/\/schema.org\/CreativeWork\" ><div class=\"iconbox_content\"><header class=\"entry-content-header\"><div class=\"iconbox_icon heading-color\" aria-hidden='true' data-av_icon='\ue862' data-av_iconfont='entypo-fontello'><\/div><h3 class='iconbox_content_title '  itemprop=\"headline\" >11 Octombrie, 19:00 \u2013 20:00 | 12 Octombrie, 12:00 \u2013 14:30 | 13, 14, 15 Octombrie 12:00 \u2013 22:00<\/h3><\/header><div class='iconbox_content_container '  itemprop=\"text\" ><\/div><\/div><footer class=\"entry-footer\"><\/footer><\/article><\/p><\/div>\n<style type=\"text\/css\" data-created_by=\"avia_inline_auto\" id=\"style-css-av-m58896-45e350a35c32f768347c4a4772895ddd\">\n.flex_column.av-m58896-45e350a35c32f768347c4a4772895ddd{\nborder-radius:0px 0px 0px 0px;\npadding:0px 0px 0px 0px;\n}\n<\/style>\n<div  class='flex_column av-m58896-45e350a35c32f768347c4a4772895ddd av_one_fifth  avia-builder-el-9  el_after_av_three_fifth  avia-builder-el-last  flex_column_div av-zero-column-padding  column-top-margin'     ><\/div><\/div><\/div><\/main><!-- close content main element --><\/div><\/div><\/div><div id='av_section_2'  class='avia-section av-lh168a-61edebe427decfc978ce17fff3a9abba main_color avia-section-small avia-no-border-styling  avia-builder-el-10  el_after_av_section  el_before_av_textblock  avia-bg-style-scroll container_wrap fullsize'  ><div class='container av-section-cont-open' ><div class='template-page content  av-content-full alpha units'><div class='post-entry post-entry-type-page post-entry-14144'><div class='entry-content-wrapper clearfix'>\n\n<style type=\"text\/css\" data-created_by=\"avia_inline_auto\" id=\"style-css-av-jd59gq-ef1e430497c3b86483c7a19aee381346\">\n.flex_column.av-jd59gq-ef1e430497c3b86483c7a19aee381346{\nborder-radius:0px 0px 0px 0px;\npadding:0px 0px 0px 0px;\n}\n<\/style>\n<div  class='flex_column av-jd59gq-ef1e430497c3b86483c7a19aee381346 av_one_fifth  avia-builder-el-11  el_before_av_three_fifth  avia-builder-el-first  first flex_column_div av-zero-column-padding  '     ><\/div>\n<style type=\"text\/css\" data-created_by=\"avia_inline_auto\" id=\"style-css-av-i6qk1m-42a2a4a10531e113ac8ed7b1d921ed6e\">\n.flex_column.av-i6qk1m-42a2a4a10531e113ac8ed7b1d921ed6e{\nborder-radius:0px 0px 0px 0px;\npadding:0px 0px 0px 0px;\n}\n<\/style>\n<div  class='flex_column av-i6qk1m-42a2a4a10531e113ac8ed7b1d921ed6e av_three_fifth  avia-builder-el-12  el_after_av_one_fifth  el_before_av_one_fifth  flex_column_div av-zero-column-padding  '     ><section  class='av_textblock_section av-jxll8jyw-28f723cfbf2c82c1195b36e39b9ecfd4 '   itemscope=\"itemscope\" itemtype=\"https:\/\/schema.org\/CreativeWork\" ><div class='avia_textblock'  itemprop=\"text\" ><p><span style=\"font-weight: 400;\"><strong>Loca\u021bia: Casa Tranzit<\/strong><\/p>\n<p>Ileana L\u0103c\u0103tu\u0219, Ilonka n\u00e9ni, cum o numeam noi, care ne-a p\u0103r\u0103sit recent, a fost o artist\u0103, colaboratoare \u0219i prieten\u0103 apropiat\u0103 \u0219i \u00eendr\u0103git\u0103 a Casei Tranzit. Despre vicisitudinile \u0219i bucuriile vie\u021bii sale pute\u021bi citi \u00een cartea biografic\u0103 purt\u00e2nd titlul Ilonka n\u00e9ni scris\u0103 \u00een trei limbi, romani, rom\u00e2n\u0103 \u0219i maghiar\u0103. Ea a fost deja \u00een etate, c\u00e2nd a debutat ca \u0219i artist \u00een produc\u021biile de teatru-mi\u0219care \u0219i video colaborative ale Funda\u021biei Tranzit: \u00een 1999 \u00een BluEscape, regizat de Radu Afrim, unde a prezentat un poem de Laurie Anderson \u00een interpretarea ei proprie, iar mai t\u00e2rziu, \u00een performance-urile Ilona: Surprize, surprize&#8230; \u0219i Black&amp;White, \u00een cadrul proiectului interactiv \u0219i interetnic de teatru-mi\u0219care RromaNative&amp;Co, \u00een care a jucat rolul principal. Expozi\u021bia foto-video comemoreaz\u0103 activitatea artistic\u0103 a Ilenei L\u0103c\u0103tu\u0219 prin imagini p\u0103strate \u00een arhiva Funda\u021biei Tranzit.<\/span><\/p>\n<p><span style=\"font-weight: 400;\">Imagini realizate de: D\u0103nu\u021b Chiribe\u0219, Mikl\u00f3si D\u00e9nes, Schneider Tibor, \u0219i mul\u021bi al\u021bii.<\/span><span style=\"font-weight: 400;\"><br \/>\n<\/span><span style=\"font-weight: 400;\">Curator: K\u00f6nczei Csilla<\/span><span style=\"font-weight: 400;\"><br \/>\n<\/span><span style=\"font-weight: 400;\">\u00a9 Arhiva Funda\u021biei Tranzit<\/span><\/p>\n<p><span style=\"font-weight: 400;\">Mai multe informa\u021bii:<\/span><span style=\"font-weight: 400;\"><br \/>\n<\/span><a href=\"https:\/\/www.npage.org\/uploads\/9b8ff18ed8f69b5d19268b7d1c135e3db913cf49.pdf?fbclid=IwAR2UkLMsQgIVOtY_XroV_8Fkv27iOy0Q5CTsV0EEglCytyn9P0YHq4JEH1U\"><span style=\"font-weight: 400;\">https:\/\/www.npage.org\/&#8230;\/9b8ff18ed8f69b5d19268b7d1c135e3&#8230;<\/span><span style=\"font-weight: 400;\"><br \/>\n<\/span><\/a><a href=\"https:\/\/www.academia.edu\/87539122\/Collaborative_projects_with_the_participation_of_Ileana_L%C4%83c%C4%83tu%C8%99_alias_Ilonka_n%C3%A9ni_?fbclid=IwAR0ZTsY55nEl95Q5SNyEb_9yC-H9dcGKSvwMYsrjfzW1aapwVKzaSu7c804\"><span style=\"font-weight: 400;\">https:\/\/www.academia.edu\/&#8230;\/Collaborative_projects_with&#8230;<\/span><span style=\"font-weight: 400;\"><br \/>\n<\/span><\/a><a href=\"https:\/\/www.cinema-arta.ro\/evenimente\/ilonka?fbclid=IwAR0jeOyaqqsbddAZ21oNKPgts1mLVQFTMa4o5GMyHoOEO5wcogS04AFnXzc\"><span style=\"font-weight: 400;\">https:\/\/www.cinema-arta.ro\/evenimente\/ilonka<\/span><\/a><\/p>\n<\/div><\/section><\/div>\n<style type=\"text\/css\" data-created_by=\"avia_inline_auto\" id=\"style-css-av-g9i23u-347544d3de226270186ade033236b4a7\">\n.flex_column.av-g9i23u-347544d3de226270186ade033236b4a7{\nborder-radius:0px 0px 0px 0px;\npadding:0px 0px 0px 0px;\n}\n<\/style>\n<div  class='flex_column av-g9i23u-347544d3de226270186ade033236b4a7 av_one_fifth  avia-builder-el-14  el_after_av_three_fifth  avia-builder-el-last  flex_column_div av-zero-column-padding  '     ><\/div>\n<\/div><\/div><\/div><!-- close content main div --><\/div><\/div><div id='after_section_2'  class='main_color av_default_container_wrap container_wrap fullsize'  ><div class='container av-section-cont-open' ><div class='template-page content  av-content-full alpha units'><div class='post-entry post-entry-type-page post-entry-14144'><div class='entry-content-wrapper clearfix'><\/p>\n<section  class='av_textblock_section av-k191qznr-1ebc207925d069603ccbe3ec9830cbec '   itemscope=\"itemscope\" itemtype=\"https:\/\/schema.org\/CreativeWork\" ><div class='avia_textblock'  itemprop=\"text\" ><h2 style=\"text-align: center;\"><strong>PARTENERI<\/strong><\/h2>\n<h3><\/h3>\n<\/div><\/section>\n<div  class='avia-logo-element-container av-k191o4ys-4676b4faaaa8a63ea89f5e50e3b06025 av-border-deactivate avia-logo-slider avia-content-slider avia-smallarrow-slider avia-content-slider-active noHover avia-content-slider-even  avia-builder-el-16  el_after_av_textblock  avia-builder-el-last  av-slideshow-ui av-control-default av-nav-arrows-visible av-nav-dots-visible av-no-slider-navigation av-slideshow-manual av-loop-once av-loop-manual-endless avia-content-slider1' data-slideshow-options=\"{&quot;animation&quot;:&quot;slide&quot;,&quot;autoplay&quot;:false,&quot;loop_autoplay&quot;:&quot;once&quot;,&quot;interval&quot;:5,&quot;loop_manual&quot;:&quot;manual-endless&quot;,&quot;autoplay_stopper&quot;:false,&quot;noNavigation&quot;:false,&quot;bg_slider&quot;:false,&quot;keep_padding&quot;:&quot;&quot;,&quot;hoverpause&quot;:false,&quot;show_slide_delay&quot;:0}\"><div class='avia-smallarrow-slider-heading  no-logo-slider-heading '><div class='new-special-heading'>&nbsp;<\/div><\/div><div class=\"avia-content-slider-inner\"><div class=\"slide-entry-wrap\"><div  class='slide-entry av-inetju-e0af3e024944ff09c7df53157076fa39 flex_column no_margin av_one_eighth real-thumbnail post-entry slide-entry-overview slide-loop-1 slide-parity-odd  first'><span class='av-partner-fake-img' style='padding-bottom:44.114002478315%; background-image:url(https:\/\/2023.transeuropafestival.eu\/wp-content\/uploads\/2023\/09\/Tranzit-Logo.png);'><\/span><\/div><div  class='slide-entry av-awj16-fdce09661087763a529b0b56415bf941 flex_column no_margin av_one_eighth real-thumbnail post-entry slide-entry-overview slide-loop-2 slide-parity-even post-entry-last '><\/div><\/div><\/div><\/div>\n","protected":false},"excerpt":{"rendered":"","protected":false},"author":2,"featured_media":0,"parent":0,"menu_order":0,"comment_status":"closed","ping_status":"closed","template":"","meta":{"footnotes":""},"class_list":["post-14144","page","type-page","status-publish","hentry"],"_links":{"self":[{"href":"https:\/\/2023.transeuropafestival.eu\/ro\/wp-json\/wp\/v2\/pages\/14144","targetHints":{"allow":["GET"]}}],"collection":[{"href":"https:\/\/2023.transeuropafestival.eu\/ro\/wp-json\/wp\/v2\/pages"}],"about":[{"href":"https:\/\/2023.transeuropafestival.eu\/ro\/wp-json\/wp\/v2\/types\/page"}],"author":[{"embeddable":true,"href":"https:\/\/2023.transeuropafestival.eu\/ro\/wp-json\/wp\/v2\/users\/2"}],"replies":[{"embeddable":true,"href":"https:\/\/2023.transeuropafestival.eu\/ro\/wp-json\/wp\/v2\/comments?post=14144"}],"version-history":[{"count":2,"href":"https:\/\/2023.transeuropafestival.eu\/ro\/wp-json\/wp\/v2\/pages\/14144\/revisions"}],"predecessor-version":[{"id":14147,"href":"https:\/\/2023.transeuropafestival.eu\/ro\/wp-json\/wp\/v2\/pages\/14144\/revisions\/14147"}],"wp:attachment":[{"href":"https:\/\/2023.transeuropafestival.eu\/ro\/wp-json\/wp\/v2\/media?parent=14144"}],"curies":[{"name":"wp","href":"https:\/\/api.w.org\/{rel}","templated":true}]}}