{"id":14218,"date":"2023-09-19T06:24:24","date_gmt":"2023-09-19T06:24:24","guid":{"rendered":"https:\/\/2023.transeuropafestival.eu\/calatorie-in-timp-in-ritm-de-mers-plimbare-audio\/"},"modified":"2023-10-09T12:32:59","modified_gmt":"2023-10-09T12:32:59","slug":"calatorie-in-timp-in-ritm-de-mers-plimbare-audio","status":"publish","type":"page","link":"https:\/\/2023.transeuropafestival.eu\/ro\/calatorie-in-timp-in-ritm-de-mers-plimbare-audio\/","title":{"rendered":"C\u0102L\u0102TORIE \u00ceN TIMP \u00ceN RITM DE MERS \u2013 Plimbare audio"},"content":{"rendered":"\n<style type=\"text\/css\" data-created_by=\"avia_inline_auto\" id=\"style-css-av-jxll87qe-5b79036feefd089a73d93e8c94c38b73\">\n.avia-section.av-jxll87qe-5b79036feefd089a73d93e8c94c38b73 .av-parallax .av-parallax-inner{\nbackground-repeat:no-repeat;\nbackground-image:url(https:\/\/2023.transeuropafestival.eu\/wp-content\/uploads\/2023\/09\/FDP-2021-11-13-Calatorie-in-ritm-de-mers-0095web-\u00a9-Roland-Vaczi.jpeg);\nbackground-position:50% 50%;\nbackground-attachment:scroll;\n}\n.avia-section.av-jxll87qe-5b79036feefd089a73d93e8c94c38b73 .av-section-color-overlay{\nopacity:0.5;\nbackground-color:#35383c;\n}\n<\/style>\n<div id='eventheader'  class='avia-section av-jxll87qe-5b79036feefd089a73d93e8c94c38b73 main_color avia-section-huge avia-no-border-styling  avia-builder-el-0  el_before_av_section  avia-builder-el-first  avia-full-stretch av-parallax-section avia-bg-style-parallax av-section-color-overlay-active container_wrap fullsize'  data-section-bg-repeat='stretch'><div class='av-parallax' data-avia-parallax-ratio='0.3' ><div class='av-parallax-inner main_color avia-full-stretch'><\/div><\/div><div class=\"av-section-color-overlay-wrap\"><div class=\"av-section-color-overlay\"><\/div><div class='container av-section-cont-open' ><main  role=\"main\" itemprop=\"mainContentOfPage\"  class='template-page content  av-content-full alpha units'><div class='post-entry post-entry-type-page post-entry-14218'><div class='entry-content-wrapper clearfix'>\n\n<style type=\"text\/css\" data-created_by=\"avia_inline_auto\" id=\"style-css-av-uuknxm-83196d743f8ce680e218f95ebd7215a0\">\n.flex_column.av-uuknxm-83196d743f8ce680e218f95ebd7215a0{\nborder-radius:0px 0px 0px 0px;\npadding:0px 0px 0px 0px;\n}\n<\/style>\n<div  class='flex_column av-uuknxm-83196d743f8ce680e218f95ebd7215a0 av_one_fifth  avia-builder-el-1  el_before_av_three_fifth  avia-builder-el-first  first flex_column_div av-zero-column-padding  '     ><\/div>\n<style type=\"text\/css\" data-created_by=\"avia_inline_auto\" id=\"style-css-av-secv8a-ae4245062b7dffd33b4c2a39bdfd4dc0\">\n.flex_column.av-secv8a-ae4245062b7dffd33b4c2a39bdfd4dc0{\nborder-radius:0px 0px 0px 0px;\npadding:0px 0px 0px 0px;\n}\n<\/style>\n<div  class='flex_column av-secv8a-ae4245062b7dffd33b4c2a39bdfd4dc0 av_three_fifth  avia-builder-el-2  el_after_av_one_fifth  el_before_av_one_fifth  flex_column_div av-zero-column-padding  '     ><style type=\"text\/css\" data-created_by=\"avia_inline_auto\" id=\"style-css-av-lmgcxmqy-4ce34f0ab8663617271954d215e1d7fd\">\n#top .av-special-heading.av-lmgcxmqy-4ce34f0ab8663617271954d215e1d7fd{\npadding-bottom:19px;\ncolor:#ffffff;\nfont-size:40px;\n}\nbody .av-special-heading.av-lmgcxmqy-4ce34f0ab8663617271954d215e1d7fd .av-special-heading-tag .heading-char{\nfont-size:25px;\n}\n#top #wrap_all .av-special-heading.av-lmgcxmqy-4ce34f0ab8663617271954d215e1d7fd .av-special-heading-tag{\nfont-size:40px;\n}\n.av-special-heading.av-lmgcxmqy-4ce34f0ab8663617271954d215e1d7fd .special-heading-inner-border{\nborder-color:#ffffff;\n}\n.av-special-heading.av-lmgcxmqy-4ce34f0ab8663617271954d215e1d7fd .av-subheading{\nfont-size:15px;\n}\n\n@media only screen and (min-width: 480px) and (max-width: 767px){ \n#top #wrap_all .av-special-heading.av-lmgcxmqy-4ce34f0ab8663617271954d215e1d7fd .av-special-heading-tag{\nfont-size:0.8em;\n}\n}\n\n@media only screen and (max-width: 479px){ \n#top #wrap_all .av-special-heading.av-lmgcxmqy-4ce34f0ab8663617271954d215e1d7fd .av-special-heading-tag{\nfont-size:0.8em;\n}\n}\n<\/style>\n<div  class='av-special-heading av-lmgcxmqy-4ce34f0ab8663617271954d215e1d7fd av-special-heading-h1 custom-color-heading blockquote modern-quote modern-centered  avia-builder-el-3  avia-builder-el-no-sibling  av-inherit-size av-linked-heading'><h1 class='av-special-heading-tag'  itemprop=\"headline\"  >C\u0102L\u0102TORIE \u00ceN TIMP \u00ceN RITM DE MERS<\/h1><div class='av_custom_color av-subheading av-subheading_below'><p><span style=\"font-weight: 400;\">plimbare audio \u00een Cluj<\/span><\/p>\n<\/div><div class=\"special-heading-border\"><div class=\"special-heading-inner-border\"><\/div><\/div><\/div><\/div>\n<style type=\"text\/css\" data-created_by=\"avia_inline_auto\" id=\"style-css-av-qy55h6-617a1529630017067ea11caafd86d486\">\n.flex_column.av-qy55h6-617a1529630017067ea11caafd86d486{\nborder-radius:0px 0px 0px 0px;\npadding:0px 0px 0px 0px;\n}\n<\/style>\n<div  class='flex_column av-qy55h6-617a1529630017067ea11caafd86d486 av_one_fifth  avia-builder-el-4  el_after_av_three_fifth  el_before_av_one_fifth  flex_column_div av-zero-column-padding  '     ><\/div>\n<style type=\"text\/css\" data-created_by=\"avia_inline_auto\" id=\"style-css-av-92lmy-164a40ef016c00cc3ee6e5b54e1adcb4\">\n.flex_column.av-92lmy-164a40ef016c00cc3ee6e5b54e1adcb4{\nborder-radius:0px 0px 0px 0px;\npadding:0px 0px 0px 0px;\n}\n<\/style>\n<div  class='flex_column av-92lmy-164a40ef016c00cc3ee6e5b54e1adcb4 av_one_fifth  avia-builder-el-5  el_after_av_one_fifth  el_before_av_three_fifth  first flex_column_div av-zero-column-padding  column-top-margin'     ><\/div>\n<style type=\"text\/css\" data-created_by=\"avia_inline_auto\" id=\"style-css-av-nmuba2-2d5482d3e58b6e18654aa8d8f490a33c\">\n.flex_column.av-nmuba2-2d5482d3e58b6e18654aa8d8f490a33c{\nborder-radius:0px 0px 0px 0px;\npadding:0px 0px 0px 0px;\n}\n<\/style>\n<div  class='flex_column av-nmuba2-2d5482d3e58b6e18654aa8d8f490a33c av_three_fifth  avia-builder-el-6  el_after_av_one_fifth  el_before_av_one_fifth  flex_column_div av-zero-column-padding  column-top-margin'     ><p>\n<style type=\"text\/css\" data-created_by=\"avia_inline_auto\" id=\"style-css-av-jxll6vhn-a632b82f417be8916e979b518a7aa859\">\n.iconbox.av-jxll6vhn-a632b82f417be8916e979b518a7aa859 .iconbox_icon{\nbackground-color:#000000;\ncolor:#ffffff;\n}\n#top #wrap_all .iconbox.av-jxll6vhn-a632b82f417be8916e979b518a7aa859 .iconbox_content_title{\ncolor:#ffffff;\n}\n<\/style>\n<article  class='iconbox iconbox_left av-jxll6vhn-a632b82f417be8916e979b518a7aa859  avia-builder-el-7  el_before_av_icon_box  avia-builder-el-first '  itemscope=\"itemscope\" itemtype=\"https:\/\/schema.org\/CreativeWork\" ><div class=\"iconbox_content\"><header class=\"entry-content-header\"><div class=\"iconbox_icon heading-color\" aria-hidden='true' data-av_icon='\ue842' data-av_iconfont='entypo-fontello'><\/div><h3 class='iconbox_content_title '  itemprop=\"headline\" >Locul de pornire: ZIZ \u2013 Art and Social Area<\/h3><\/header><div class='iconbox_content_container '  itemprop=\"text\" ><\/div><\/div><footer class=\"entry-footer\"><\/footer><\/article><br \/>\n\n<style type=\"text\/css\" data-created_by=\"avia_inline_auto\" id=\"style-css-av-jxll7wgh-9d10430e1a9f0ca88c9274ca55dfc0dc\">\n.iconbox.av-jxll7wgh-9d10430e1a9f0ca88c9274ca55dfc0dc .iconbox_icon{\nbackground-color:#000000;\ncolor:#ffffff;\n}\n#top #wrap_all .iconbox.av-jxll7wgh-9d10430e1a9f0ca88c9274ca55dfc0dc .iconbox_content_title{\ncolor:#ffffff;\n}\n<\/style>\n<article  class='iconbox iconbox_left av-jxll7wgh-9d10430e1a9f0ca88c9274ca55dfc0dc  avia-builder-el-8  el_after_av_icon_box  avia-builder-el-last '  itemscope=\"itemscope\" itemtype=\"https:\/\/schema.org\/CreativeWork\" ><div class=\"iconbox_content\"><header class=\"entry-content-header\"><div class=\"iconbox_icon heading-color\" aria-hidden='true' data-av_icon='\ue862' data-av_iconfont='entypo-fontello'><\/div><h3 class='iconbox_content_title '  itemprop=\"headline\" >13 Octombrie, 14:00 \u2013 18:00 | 14 Octombrie, 10:00 \u2013 14:00<\/h3><\/header><div class='iconbox_content_container '  itemprop=\"text\" ><\/div><\/div><footer class=\"entry-footer\"><\/footer><\/article><\/p><\/div>\n<style type=\"text\/css\" data-created_by=\"avia_inline_auto\" id=\"style-css-av-m58896-45e350a35c32f768347c4a4772895ddd\">\n.flex_column.av-m58896-45e350a35c32f768347c4a4772895ddd{\nborder-radius:0px 0px 0px 0px;\npadding:0px 0px 0px 0px;\n}\n<\/style>\n<div  class='flex_column av-m58896-45e350a35c32f768347c4a4772895ddd av_one_fifth  avia-builder-el-9  el_after_av_three_fifth  avia-builder-el-last  flex_column_div av-zero-column-padding  column-top-margin'     ><\/div>\n\n<\/div><\/div><\/main><!-- close content main element --><\/div><\/div><\/div><div id='av_section_2'  class='avia-section av-lh168a-61edebe427decfc978ce17fff3a9abba main_color avia-section-small avia-no-border-styling  avia-builder-el-10  el_after_av_section  el_before_av_textblock  avia-bg-style-scroll container_wrap fullsize'  ><div class='container av-section-cont-open' ><div class='template-page content  av-content-full alpha units'><div class='post-entry post-entry-type-page post-entry-14218'><div class='entry-content-wrapper clearfix'>\n\n<style type=\"text\/css\" data-created_by=\"avia_inline_auto\" id=\"style-css-av-jd59gq-ef1e430497c3b86483c7a19aee381346\">\n.flex_column.av-jd59gq-ef1e430497c3b86483c7a19aee381346{\nborder-radius:0px 0px 0px 0px;\npadding:0px 0px 0px 0px;\n}\n<\/style>\n<div  class='flex_column av-jd59gq-ef1e430497c3b86483c7a19aee381346 av_one_fifth  avia-builder-el-11  el_before_av_three_fifth  avia-builder-el-first  first flex_column_div av-zero-column-padding  '     ><\/div>\n<style type=\"text\/css\" data-created_by=\"avia_inline_auto\" id=\"style-css-av-i6qk1m-42a2a4a10531e113ac8ed7b1d921ed6e\">\n.flex_column.av-i6qk1m-42a2a4a10531e113ac8ed7b1d921ed6e{\nborder-radius:0px 0px 0px 0px;\npadding:0px 0px 0px 0px;\n}\n<\/style>\n<div  class='flex_column av-i6qk1m-42a2a4a10531e113ac8ed7b1d921ed6e av_three_fifth  avia-builder-el-12  el_after_av_one_fifth  el_before_av_one_fifth  flex_column_div av-zero-column-padding  '     ><section  class='av_textblock_section av-jxll8jyw-28f723cfbf2c82c1195b36e39b9ecfd4 '   itemscope=\"itemscope\" itemtype=\"https:\/\/schema.org\/CreativeWork\" ><div class='avia_textblock'  itemprop=\"text\" ><p><strong><span style=\"font-weight: 400;\"><span style=\"text-decoration: underline;\"><a href=\"https:\/\/2023.transeuropafestival.eu\/ro\/speakers\/panna-adorjani\/\">Panna Adorj\u00e1ni<\/a><\/span> &amp; <span style=\"text-decoration: underline;\"><a href=\"https:\/\/2023.transeuropafestival.eu\/ro\/speakers\/daniel-lang\/\">D\u00e1niel L\u00e1ng<\/a><\/span>:<\/span><br \/>\n<b>C\u0103l\u0103torie \u00een timp \u00een ritm de mers<\/b><br \/>\n<\/strong><\/p>\n<p><span style=\"font-weight: 400;\">Creatori: Panna Adorj\u00e1ni, D\u00e1niel L\u00e1ng<br \/>\n<\/span><span style=\"font-weight: 400;\">Produc\u0103tor: Fabrica de Pensule, Universal Pleasure Factory<br \/>\n<\/span><span style=\"font-weight: 400;\">Management: <\/span><a href=\"https:\/\/2023.transeuropafestival.eu\/ro\/speakers\/zenko-bogdan\/\">Zenk\u0151 Bogd\u00e1n<\/a><\/p>\n<p><i><span style=\"font-weight: 400;\">\u00cencerc\u0103m s\u0103 r\u0103spundem la \u00eentrebarea: ce emo\u021bii trezesc \u00een noi statuile, monumentele din ora\u0219? Pe care dintre evenimentele trecutului nostru le consider\u0103m demne de memorie \u0219i pe care nu le memor\u0103m? Ce semnifica\u021bie au aceste evenimente pentru noi azi?<\/span><\/i><\/p>\n<p><i><span style=\"font-weight: 400;\">Aceast\u0103 plimbare este un dialog, un eseu, o memorare, o fic\u021biune, o art\u0103. Aceast\u0103 plimbare prive\u0219te cu ochii str\u0103inului pie\u021bele, cl\u0103dirile, pl\u0103cile comemorative, statuile. Aceast\u0103 plimbare te va duce la pl\u0103ci comemorative \u0219i monumente care nu mai exist\u0103 sau \u00eenc\u0103 nu exist\u0103. Aceast\u0103 plimbare este incomplet\u0103. Aceast\u0103 plimbare \u021bine o or\u0103 \u0219i jum\u0103tate, \u00eencal\u021b\u0103-te \u00een pantofi confortabili!<\/span><\/i><\/p>\n<p><b>Durat\u0103:<\/b><span style=\"font-weight: 400;\"> cca. 90 minute<\/span><\/p>\n<p><b>Lungime:<\/b><span style=\"font-weight: 400;\"> cca. 4 km<\/span><\/p>\n<p><b>Data:<\/b><span style=\"font-weight: 400;\"> 13 octombrie 2023, cu \u00eencepere \u00een intervalul 14:00-17:55 sau 14 octombrie 2023, cu \u00eencepere \u00een intervalul 10:00-13:55, \u00een func\u021bie de rezervare<\/span><\/p>\n<p><b>Limb\u0103:<\/b><span style=\"font-weight: 400;\"> maghiar\u0103, rom\u00e2n\u0103, englez\u0103, la alegere<\/span><\/p>\n<p><b>Loca\u021bie:<\/b><span style=\"font-weight: 400;\"> Ne \u00eent\u00e2lnim la ZIZ \u2013 Art and Social Area, strada Paris 5, la ora propus\u0103 \u0219i rezervat\u0103 de tine. Tot aici te vom a\u0219tepta s\u0103 revii dup\u0103 terminarea plimb\u0103rii pentru predarea echipamentului, dup\u0103 caz.<\/span><\/p>\n<p><b>Mod de participare:<\/b><span style=\"font-weight: 400;\"> Vizitatorii pot parcurge singuri traseul \u00een zilele \u0219i la orele rezervate, cu propriul smartphone sau cu echipamente pe care le pot \u00eemprumuta. Dac\u0103 dore\u0219ti s\u0103 parcurgi traseul \u00eempreun\u0103 cu cineva, po\u021bi ad\u0103uga un prieten atunci c\u00e2nd alegi data \u0219i ora plimb\u0103rii. Pentru a \u00eenchiria echipamente, a invita un prieten s\u0103 se al\u0103ture plimb\u0103rii \u0219i a alege o or\u0103 de \u00eencepere, te rug\u0103m s\u0103 te \u00eenregistrezi folosind linkul indicat. Plimbarea dureaz\u0103 aproximativ 90 de minute, a\u0219a c\u0103 asigur\u0103-te c\u0103 ai timp pentru a termina plimbarea la ora la care ai rezervat.<\/span><\/p>\n<p><span style=\"font-weight: 400;\">Foto: Roland V\u00e1czi<\/span><\/p>\n<p><b>Rezervare: <a href=\"https:\/\/shorturl.at\/ktDO1\"><span style=\"text-decoration: underline;\">https:\/\/shorturl.at\/ktDO1<\/span><\/a> <\/b><\/p>\n<\/div><\/section><\/div>\n<style type=\"text\/css\" data-created_by=\"avia_inline_auto\" id=\"style-css-av-g9i23u-347544d3de226270186ade033236b4a7\">\n.flex_column.av-g9i23u-347544d3de226270186ade033236b4a7{\nborder-radius:0px 0px 0px 0px;\npadding:0px 0px 0px 0px;\n}\n<\/style>\n<div  class='flex_column av-g9i23u-347544d3de226270186ade033236b4a7 av_one_fifth  avia-builder-el-14  el_after_av_three_fifth  avia-builder-el-last  flex_column_div av-zero-column-padding  '     ><\/div><\/div><\/div><\/div><!-- close content main div --><\/div><\/div><div id='after_section_2'  class='main_color av_default_container_wrap container_wrap fullsize'  ><div class='container av-section-cont-open' ><div class='template-page content  av-content-full alpha units'><div class='post-entry post-entry-type-page post-entry-14218'><div class='entry-content-wrapper clearfix'><section  class='av_textblock_section av-k191qznr-1ebc207925d069603ccbe3ec9830cbec '   itemscope=\"itemscope\" itemtype=\"https:\/\/schema.org\/CreativeWork\" ><div class='avia_textblock'  itemprop=\"text\" ><h2 style=\"text-align: center;\"><strong>PARTENERI<\/strong><\/h2>\n<h3><\/h3>\n<\/div><\/section><\/p>\n<div  class='avia-logo-element-container av-k191o4ys-4676b4faaaa8a63ea89f5e50e3b06025 av-border-deactivate avia-logo-slider avia-content-slider avia-smallarrow-slider avia-content-slider-active noHover avia-content-slider-even  avia-builder-el-16  el_after_av_textblock  avia-builder-el-last  av-slideshow-ui av-control-default av-nav-arrows-visible av-nav-dots-visible av-no-slider-navigation av-slideshow-manual av-loop-once av-loop-manual-endless avia-content-slider1' data-slideshow-options=\"{&quot;animation&quot;:&quot;slide&quot;,&quot;autoplay&quot;:false,&quot;loop_autoplay&quot;:&quot;once&quot;,&quot;interval&quot;:5,&quot;loop_manual&quot;:&quot;manual-endless&quot;,&quot;autoplay_stopper&quot;:false,&quot;noNavigation&quot;:false,&quot;bg_slider&quot;:false,&quot;keep_padding&quot;:&quot;&quot;,&quot;hoverpause&quot;:false,&quot;show_slide_delay&quot;:0}\"><div class='avia-smallarrow-slider-heading  no-logo-slider-heading '><div class='new-special-heading'>&nbsp;<\/div><\/div><div class=\"avia-content-slider-inner\"><div class=\"slide-entry-wrap\"><div  class='slide-entry av-uj0caz-4f7108e5170199a939cbc3e41bb66770 flex_column no_margin av_one_eighth real-thumbnail post-entry slide-entry-overview slide-loop-1 slide-parity-odd  first'><span class='av-partner-fake-img' style='padding-bottom:100%; background-image:url(https:\/\/2023.transeuropafestival.eu\/wp-content\/uploads\/2023\/09\/ZIZ-logo.png);'><\/span><\/div><div  class='slide-entry av-awj16-fdce09661087763a529b0b56415bf941 flex_column no_margin av_one_eighth real-thumbnail post-entry slide-entry-overview slide-loop-2 slide-parity-even post-entry-last '><\/div><\/div><\/div><\/div>\n","protected":false},"excerpt":{"rendered":"","protected":false},"author":2,"featured_media":0,"parent":0,"menu_order":0,"comment_status":"closed","ping_status":"closed","template":"","meta":{"footnotes":""},"class_list":["post-14218","page","type-page","status-publish","hentry"],"_links":{"self":[{"href":"https:\/\/2023.transeuropafestival.eu\/ro\/wp-json\/wp\/v2\/pages\/14218","targetHints":{"allow":["GET"]}}],"collection":[{"href":"https:\/\/2023.transeuropafestival.eu\/ro\/wp-json\/wp\/v2\/pages"}],"about":[{"href":"https:\/\/2023.transeuropafestival.eu\/ro\/wp-json\/wp\/v2\/types\/page"}],"author":[{"embeddable":true,"href":"https:\/\/2023.transeuropafestival.eu\/ro\/wp-json\/wp\/v2\/users\/2"}],"replies":[{"embeddable":true,"href":"https:\/\/2023.transeuropafestival.eu\/ro\/wp-json\/wp\/v2\/comments?post=14218"}],"version-history":[{"count":8,"href":"https:\/\/2023.transeuropafestival.eu\/ro\/wp-json\/wp\/v2\/pages\/14218\/revisions"}],"predecessor-version":[{"id":15454,"href":"https:\/\/2023.transeuropafestival.eu\/ro\/wp-json\/wp\/v2\/pages\/14218\/revisions\/15454"}],"wp:attachment":[{"href":"https:\/\/2023.transeuropafestival.eu\/ro\/wp-json\/wp\/v2\/media?parent=14218"}],"curies":[{"name":"wp","href":"https:\/\/api.w.org\/{rel}","templated":true}]}}