{"id":14231,"date":"2023-09-19T06:30:15","date_gmt":"2023-09-19T06:30:15","guid":{"rendered":"https:\/\/2023.transeuropafestival.eu\/spatii-industriale-dezvoltare-imobiliara-si-dreptul-la-locuire\/"},"modified":"2023-09-19T06:31:14","modified_gmt":"2023-09-19T06:31:14","slug":"spatii-industriale-dezvoltare-imobiliara-si-dreptul-la-locuire","status":"publish","type":"page","link":"https:\/\/2023.transeuropafestival.eu\/ro\/spatii-industriale-dezvoltare-imobiliara-si-dreptul-la-locuire\/","title":{"rendered":"SPA\u021aII INDUSTRIALE, DEZVOLTARE IMOBILIAR\u0102 \u0218I DREPTUL LA LOCUIRE"},"content":{"rendered":"\n<style type=\"text\/css\" data-created_by=\"avia_inline_auto\" id=\"style-css-av-jxll87qe-ecd25ce3e396926a5f29b3d6a6c2546f\">\n.avia-section.av-jxll87qe-ecd25ce3e396926a5f29b3d6a6c2546f .av-parallax .av-parallax-inner{\nbackground-repeat:no-repeat;\nbackground-image:url(https:\/\/2023.transeuropafestival.eu\/wp-content\/uploads\/2023\/09\/4.-Abator_new-real-estate_foto-aug-2023.jpg);\nbackground-position:50% 50%;\nbackground-attachment:scroll;\n}\n.avia-section.av-jxll87qe-ecd25ce3e396926a5f29b3d6a6c2546f .av-section-color-overlay{\nopacity:0.5;\nbackground-color:#35383c;\n}\n<\/style>\n<div id='eventheader'  class='avia-section av-jxll87qe-ecd25ce3e396926a5f29b3d6a6c2546f main_color avia-section-huge avia-no-border-styling  avia-builder-el-0  el_before_av_section  avia-builder-el-first  avia-full-stretch av-parallax-section avia-bg-style-parallax av-section-color-overlay-active container_wrap fullsize'  data-section-bg-repeat='stretch'><div class='av-parallax' data-avia-parallax-ratio='0.3' ><div class='av-parallax-inner main_color avia-full-stretch'><\/div><\/div><div class=\"av-section-color-overlay-wrap\"><div class=\"av-section-color-overlay\"><\/div><div class='container av-section-cont-open' ><main  role=\"main\" itemprop=\"mainContentOfPage\"  class='template-page content  av-content-full alpha units'><div class='post-entry post-entry-type-page post-entry-14231'><div class='entry-content-wrapper clearfix'>\n\n<style type=\"text\/css\" data-created_by=\"avia_inline_auto\" id=\"style-css-av-uuknxm-83196d743f8ce680e218f95ebd7215a0\">\n.flex_column.av-uuknxm-83196d743f8ce680e218f95ebd7215a0{\nborder-radius:0px 0px 0px 0px;\npadding:0px 0px 0px 0px;\n}\n<\/style>\n<div  class='flex_column av-uuknxm-83196d743f8ce680e218f95ebd7215a0 av_one_fifth  avia-builder-el-1  el_before_av_three_fifth  avia-builder-el-first  first flex_column_div av-zero-column-padding  '     ><\/div>\n<style type=\"text\/css\" data-created_by=\"avia_inline_auto\" id=\"style-css-av-secv8a-ae4245062b7dffd33b4c2a39bdfd4dc0\">\n.flex_column.av-secv8a-ae4245062b7dffd33b4c2a39bdfd4dc0{\nborder-radius:0px 0px 0px 0px;\npadding:0px 0px 0px 0px;\n}\n<\/style>\n<div  class='flex_column av-secv8a-ae4245062b7dffd33b4c2a39bdfd4dc0 av_three_fifth  avia-builder-el-2  el_after_av_one_fifth  el_before_av_one_fifth  flex_column_div av-zero-column-padding  '     ><style type=\"text\/css\" data-created_by=\"avia_inline_auto\" id=\"style-css-av-lmgcxmqy-dd9c0a869185eb5a0cec3677af9f0d91\">\n#top .av-special-heading.av-lmgcxmqy-dd9c0a869185eb5a0cec3677af9f0d91{\npadding-bottom:19px;\ncolor:#ffffff;\nfont-size:40px;\n}\nbody .av-special-heading.av-lmgcxmqy-dd9c0a869185eb5a0cec3677af9f0d91 .av-special-heading-tag .heading-char{\nfont-size:25px;\n}\n#top #wrap_all .av-special-heading.av-lmgcxmqy-dd9c0a869185eb5a0cec3677af9f0d91 .av-special-heading-tag{\nfont-size:40px;\n}\n.av-special-heading.av-lmgcxmqy-dd9c0a869185eb5a0cec3677af9f0d91 .special-heading-inner-border{\nborder-color:#ffffff;\n}\n.av-special-heading.av-lmgcxmqy-dd9c0a869185eb5a0cec3677af9f0d91 .av-subheading{\nfont-size:15px;\n}\n\n@media only screen and (min-width: 480px) and (max-width: 767px){ \n#top #wrap_all .av-special-heading.av-lmgcxmqy-dd9c0a869185eb5a0cec3677af9f0d91 .av-special-heading-tag{\nfont-size:0.8em;\n}\n}\n\n@media only screen and (max-width: 479px){ \n#top #wrap_all .av-special-heading.av-lmgcxmqy-dd9c0a869185eb5a0cec3677af9f0d91 .av-special-heading-tag{\nfont-size:0.8em;\n}\n}\n<\/style>\n<div  class='av-special-heading av-lmgcxmqy-dd9c0a869185eb5a0cec3677af9f0d91 av-special-heading-h1 custom-color-heading blockquote modern-quote modern-centered  avia-builder-el-3  avia-builder-el-no-sibling  av-inherit-size av-linked-heading'><div class='av_custom_color av-subheading av-subheading_above'><p><span style=\"font-weight: 400;\">Discu\u021bie<\/span><\/p>\n<\/div><h1 class='av-special-heading-tag'  itemprop=\"headline\"  >SPA\u021aII INDUSTRIALE, DEZVOLTARE IMOBILIAR\u0102 \u0218I DREPTUL LA LOCUIRE<\/h1><div class=\"special-heading-border\"><div class=\"special-heading-inner-border\"><\/div><\/div><\/div><\/div>\n<style type=\"text\/css\" data-created_by=\"avia_inline_auto\" id=\"style-css-av-qy55h6-617a1529630017067ea11caafd86d486\">\n.flex_column.av-qy55h6-617a1529630017067ea11caafd86d486{\nborder-radius:0px 0px 0px 0px;\npadding:0px 0px 0px 0px;\n}\n<\/style>\n<div  class='flex_column av-qy55h6-617a1529630017067ea11caafd86d486 av_one_fifth  avia-builder-el-4  el_after_av_three_fifth  el_before_av_one_fifth  flex_column_div av-zero-column-padding  '     ><\/div>\n<style type=\"text\/css\" data-created_by=\"avia_inline_auto\" id=\"style-css-av-92lmy-164a40ef016c00cc3ee6e5b54e1adcb4\">\n.flex_column.av-92lmy-164a40ef016c00cc3ee6e5b54e1adcb4{\nborder-radius:0px 0px 0px 0px;\npadding:0px 0px 0px 0px;\n}\n<\/style>\n<div  class='flex_column av-92lmy-164a40ef016c00cc3ee6e5b54e1adcb4 av_one_fifth  avia-builder-el-5  el_after_av_one_fifth  el_before_av_three_fifth  first flex_column_div av-zero-column-padding  column-top-margin'     ><\/div>\n<style type=\"text\/css\" data-created_by=\"avia_inline_auto\" id=\"style-css-av-nmuba2-2d5482d3e58b6e18654aa8d8f490a33c\">\n.flex_column.av-nmuba2-2d5482d3e58b6e18654aa8d8f490a33c{\nborder-radius:0px 0px 0px 0px;\npadding:0px 0px 0px 0px;\n}\n<\/style>\n<div  class='flex_column av-nmuba2-2d5482d3e58b6e18654aa8d8f490a33c av_three_fifth  avia-builder-el-6  el_after_av_one_fifth  el_before_av_one_fifth  flex_column_div av-zero-column-padding  column-top-margin'     ><p>\n<style type=\"text\/css\" data-created_by=\"avia_inline_auto\" id=\"style-css-av-jxll6vhn-2d2285b07174cf5d953c322d71eddffe\">\n.iconbox.av-jxll6vhn-2d2285b07174cf5d953c322d71eddffe .iconbox_icon{\nbackground-color:#000000;\ncolor:#ffffff;\n}\n#top #wrap_all .iconbox.av-jxll6vhn-2d2285b07174cf5d953c322d71eddffe .iconbox_content_title{\ncolor:#ffffff;\n}\n<\/style>\n<article  class='iconbox iconbox_left av-jxll6vhn-2d2285b07174cf5d953c322d71eddffe  avia-builder-el-7  el_before_av_icon_box  avia-builder-el-first '  itemscope=\"itemscope\" itemtype=\"https:\/\/schema.org\/CreativeWork\" ><div class=\"iconbox_content\"><header class=\"entry-content-header\"><div class=\"iconbox_icon heading-color\" aria-hidden='true' data-av_icon='\ue842' data-av_iconfont='entypo-fontello'><\/div><h3 class='iconbox_content_title '  itemprop=\"headline\" >Casa Tranzit<\/h3><\/header><div class='iconbox_content_container '  itemprop=\"text\" ><\/div><\/div><footer class=\"entry-footer\"><\/footer><\/article><br \/>\n\n<style type=\"text\/css\" data-created_by=\"avia_inline_auto\" id=\"style-css-av-jxll7wgh-a145432ba2cf0c244c44fff5cb30ff74\">\n.iconbox.av-jxll7wgh-a145432ba2cf0c244c44fff5cb30ff74 .iconbox_icon{\nbackground-color:#000000;\ncolor:#ffffff;\n}\n#top #wrap_all .iconbox.av-jxll7wgh-a145432ba2cf0c244c44fff5cb30ff74 .iconbox_content_title{\ncolor:#ffffff;\n}\n<\/style>\n<article  class='iconbox iconbox_left av-jxll7wgh-a145432ba2cf0c244c44fff5cb30ff74  avia-builder-el-8  el_after_av_icon_box  avia-builder-el-last '  itemscope=\"itemscope\" itemtype=\"https:\/\/schema.org\/CreativeWork\" ><div class=\"iconbox_content\"><header class=\"entry-content-header\"><div class=\"iconbox_icon heading-color\" aria-hidden='true' data-av_icon='\ue862' data-av_iconfont='entypo-fontello'><\/div><h3 class='iconbox_content_title '  itemprop=\"headline\" >13 Octombrie, 17:00 \u2013 18:30<\/h3><\/header><div class='iconbox_content_container '  itemprop=\"text\" ><\/div><\/div><footer class=\"entry-footer\"><\/footer><\/article><\/p><\/div>\n<style type=\"text\/css\" data-created_by=\"avia_inline_auto\" id=\"style-css-av-m58896-45e350a35c32f768347c4a4772895ddd\">\n.flex_column.av-m58896-45e350a35c32f768347c4a4772895ddd{\nborder-radius:0px 0px 0px 0px;\npadding:0px 0px 0px 0px;\n}\n<\/style>\n<div  class='flex_column av-m58896-45e350a35c32f768347c4a4772895ddd av_one_fifth  avia-builder-el-9  el_after_av_three_fifth  avia-builder-el-last  flex_column_div av-zero-column-padding  column-top-margin'     ><\/div>\n\n<\/div><\/div><\/main><!-- close content main element --><\/div><\/div><\/div><div id='av_section_2'  class='avia-section av-lh168a-61edebe427decfc978ce17fff3a9abba main_color avia-section-small avia-no-border-styling  avia-builder-el-10  el_after_av_section  el_before_av_textblock  avia-bg-style-scroll container_wrap fullsize'  ><div class='container av-section-cont-open' ><div class='template-page content  av-content-full alpha units'><div class='post-entry post-entry-type-page post-entry-14231'><div class='entry-content-wrapper clearfix'>\n\n<style type=\"text\/css\" data-created_by=\"avia_inline_auto\" id=\"style-css-av-jd59gq-ef1e430497c3b86483c7a19aee381346\">\n.flex_column.av-jd59gq-ef1e430497c3b86483c7a19aee381346{\nborder-radius:0px 0px 0px 0px;\npadding:0px 0px 0px 0px;\n}\n<\/style>\n<div  class='flex_column av-jd59gq-ef1e430497c3b86483c7a19aee381346 av_one_fifth  avia-builder-el-11  el_before_av_three_fifth  avia-builder-el-first  first flex_column_div av-zero-column-padding  '     ><\/div>\n<style type=\"text\/css\" data-created_by=\"avia_inline_auto\" id=\"style-css-av-i6qk1m-42a2a4a10531e113ac8ed7b1d921ed6e\">\n.flex_column.av-i6qk1m-42a2a4a10531e113ac8ed7b1d921ed6e{\nborder-radius:0px 0px 0px 0px;\npadding:0px 0px 0px 0px;\n}\n<\/style>\n<div  class='flex_column av-i6qk1m-42a2a4a10531e113ac8ed7b1d921ed6e av_three_fifth  avia-builder-el-12  el_after_av_one_fifth  el_before_av_one_fifth  flex_column_div av-zero-column-padding  '     ><section  class='av_textblock_section av-jxll8jyw-28f723cfbf2c82c1195b36e39b9ecfd4 '   itemscope=\"itemscope\" itemtype=\"https:\/\/schema.org\/CreativeWork\" ><div class='avia_textblock'  itemprop=\"text\" ><p><span style=\"font-weight: 400;\">\u00cen ultimii \u0219apte ani, \u00een timpul revitaliz\u0103rii economice a ora\u0219ului Cluj-Napoca, \u00eentr-o perioad\u0103 post-criz\u0103 \u00een care financializarea locuirii a fost consolidat\u0103 la nivel global, aproape toate fostele platforme industriale ale ora\u0219ului au fost transformate \u00een zone de dezvoltare imobiliar\u0103 nou\u0103 de diferite tipuri, reziden\u021biale \u0219i\/sau comerciale. \u00cen 2023, c\u00e2nd planul urbanistic zonal elaborat de un arhitect str\u0103in pentru cel mai prosper investitor imobiliar cu capital rom\u00e2nesc, Iulius Group, a fost pus pe agenda autorit\u0103\u021bilor publice locale pentru aprobare, au existat mai multe ini\u021biative ale societ\u0103\u021bii civile care au ridicat probleme de mediu, arhitecturale \u0219i legate de locuire \u00een leg\u0103tur\u0103 cu acest proiect. Acestea au reflectat un curent activist critic mai vechi \u00een Cluj-Napoca \u00eempotriva aspectelor problematice ale urbanismului local, sus\u021binut la r\u00e2ndul s\u0103u de o coali\u021bie de cre\u0219tere compus\u0103 din reprezentan\u021bi ai capitalului, ai autorit\u0103\u021bilor de stat \u0219i profesioni\u0219ti din diferite domenii legate de dezvoltarea urban\u0103. Datorit\u0103 importan\u021bei acestor aspecte \u00een ora\u0219ul Festivalului TransEuropa 2023, mi\u0219carea pentru justi\u021bie locativ\u0103 C\u0103\u0219i sociale ACUM!\/ Social housing NOW! a invitat s\u0103 le dezbat\u0103 \u00een cadrul unui atelier public cu participarea activi\u0219tilor de mediu Adrian Dohotaru (SOS, Societate Organizat\u0103 Sustenabil) \u0219i Adriana M\u0103geru\u0219an (arhitect, Some\u0219 Delivery), profesorii activi\u0219ti pentru locuin\u021be <span style=\"text-decoration: underline;\"><a href=\"https:\/\/2023.transeuropafestival.eu\/ro\/speakers\/eniko-vincze\/\">Enik\u0151 Vincze<\/a><\/span> \u0219i <span style=\"text-decoration: underline;\"><a href=\"https:\/\/2023.transeuropafestival.eu\/ro\/speakers\/george-iulian-zamfir\/\">George Iulian Zamfir<\/a><\/span> (sociologi), Oana Mateescu (sociolog, lector universitar) \u0219i Istv\u00e1n Szak\u00e1ts (manager cultural, administrator al grupului FB Clujul Ci<\/span><span style=\"font-weight: 400;\">vic).<\/span><\/p>\n<p><img loading=\"lazy\" decoding=\"async\" class=\"alignleft wp-image-14071 size-large\" src=\"https:\/\/2023.transeuropafestival.eu\/wp-content\/uploads\/2023\/09\/poza-carbochim_noi-2021_EV-1030x579.jpeg\" alt=\"\" width=\"1030\" height=\"579\" srcset=\"https:\/\/2023.transeuropafestival.eu\/wp-content\/uploads\/2023\/09\/poza-carbochim_noi-2021_EV-1030x579.jpeg 1030w, https:\/\/2023.transeuropafestival.eu\/wp-content\/uploads\/2023\/09\/poza-carbochim_noi-2021_EV-300x169.jpeg 300w, https:\/\/2023.transeuropafestival.eu\/wp-content\/uploads\/2023\/09\/poza-carbochim_noi-2021_EV-768x432.jpeg 768w, https:\/\/2023.transeuropafestival.eu\/wp-content\/uploads\/2023\/09\/poza-carbochim_noi-2021_EV-1536x864.jpeg 1536w, https:\/\/2023.transeuropafestival.eu\/wp-content\/uploads\/2023\/09\/poza-carbochim_noi-2021_EV-2048x1152.jpeg 2048w, https:\/\/2023.transeuropafestival.eu\/wp-content\/uploads\/2023\/09\/poza-carbochim_noi-2021_EV-1500x844.jpeg 1500w, https:\/\/2023.transeuropafestival.eu\/wp-content\/uploads\/2023\/09\/poza-carbochim_noi-2021_EV-705x397.jpeg 705w\" sizes=\"auto, (max-width: 1030px) 100vw, 1030px\" \/><img loading=\"lazy\" decoding=\"async\" class=\"alignnone wp-image-14072 size-full\" src=\"https:\/\/2023.transeuropafestival.eu\/wp-content\/uploads\/2023\/09\/PUZ-regenerare-Carbochim_iun2022.jpeg\" alt=\"\" width=\"1022\" height=\"636\" srcset=\"https:\/\/2023.transeuropafestival.eu\/wp-content\/uploads\/2023\/09\/PUZ-regenerare-Carbochim_iun2022.jpeg 1022w, https:\/\/2023.transeuropafestival.eu\/wp-content\/uploads\/2023\/09\/PUZ-regenerare-Carbochim_iun2022-300x187.jpeg 300w, https:\/\/2023.transeuropafestival.eu\/wp-content\/uploads\/2023\/09\/PUZ-regenerare-Carbochim_iun2022-768x478.jpeg 768w, https:\/\/2023.transeuropafestival.eu\/wp-content\/uploads\/2023\/09\/PUZ-regenerare-Carbochim_iun2022-705x439.jpeg 705w\" sizes=\"auto, (max-width: 1022px) 100vw, 1022px\" \/><\/p>\n<\/div><\/section><\/div>\n<style type=\"text\/css\" data-created_by=\"avia_inline_auto\" id=\"style-css-av-g9i23u-347544d3de226270186ade033236b4a7\">\n.flex_column.av-g9i23u-347544d3de226270186ade033236b4a7{\nborder-radius:0px 0px 0px 0px;\npadding:0px 0px 0px 0px;\n}\n<\/style>\n<div  class='flex_column av-g9i23u-347544d3de226270186ade033236b4a7 av_one_fifth  avia-builder-el-14  el_after_av_three_fifth  avia-builder-el-last  flex_column_div av-zero-column-padding  '     ><\/div><\/div><\/div><\/div><!-- close content main div --><\/div><\/div><div id='after_section_2'  class='main_color av_default_container_wrap container_wrap fullsize'  ><div class='container av-section-cont-open' ><div class='template-page content  av-content-full alpha units'><div class='post-entry post-entry-type-page post-entry-14231'><div class='entry-content-wrapper clearfix'><section  class='av_textblock_section av-k191qznr-1ebc207925d069603ccbe3ec9830cbec '   itemscope=\"itemscope\" itemtype=\"https:\/\/schema.org\/CreativeWork\" ><div class='avia_textblock'  itemprop=\"text\" ><h2 style=\"text-align: center;\"><strong>PARTENERI<\/strong><\/h2>\n<h3><\/h3>\n<\/div><\/section><\/p>\n<div  class='avia-logo-element-container av-k191o4ys-4676b4faaaa8a63ea89f5e50e3b06025 av-border-deactivate avia-logo-slider avia-content-slider avia-smallarrow-slider avia-content-slider-active noHover avia-content-slider-even  avia-builder-el-16  el_after_av_textblock  avia-builder-el-last  av-slideshow-ui av-control-default av-nav-arrows-visible av-nav-dots-visible av-no-slider-navigation av-slideshow-manual av-loop-once av-loop-manual-endless avia-content-slider1' data-slideshow-options=\"{&quot;animation&quot;:&quot;slide&quot;,&quot;autoplay&quot;:false,&quot;loop_autoplay&quot;:&quot;once&quot;,&quot;interval&quot;:5,&quot;loop_manual&quot;:&quot;manual-endless&quot;,&quot;autoplay_stopper&quot;:false,&quot;noNavigation&quot;:false,&quot;bg_slider&quot;:false,&quot;keep_padding&quot;:&quot;&quot;,&quot;hoverpause&quot;:false,&quot;show_slide_delay&quot;:0}\"><div class='avia-smallarrow-slider-heading  no-logo-slider-heading '><div class='new-special-heading'>&nbsp;<\/div><\/div><div class=\"avia-content-slider-inner\"><div class=\"slide-entry-wrap\"><div  class='slide-entry av-i6z9ch-b818652ca5fb28c99245a5500570e543 flex_column no_margin av_one_eighth real-thumbnail post-entry slide-entry-overview slide-loop-1 slide-parity-odd  first'><span class='av-partner-fake-img' style='padding-bottom:100.76791808874%; background-image:url(https:\/\/2023.transeuropafestival.eu\/wp-content\/uploads\/2023\/09\/Casi-logo.png);'><\/span><\/div><div  class='slide-entry av-awj16-fdce09661087763a529b0b56415bf941 flex_column no_margin av_one_eighth real-thumbnail post-entry slide-entry-overview slide-loop-2 slide-parity-even  '><\/div><div  class='slide-entry av-inetju-e0af3e024944ff09c7df53157076fa39 flex_column no_margin av_one_eighth real-thumbnail post-entry slide-entry-overview slide-loop-3 slide-parity-odd post-entry-last '><span class='av-partner-fake-img' style='padding-bottom:100.76791808874%; background-image:url(https:\/\/2023.transeuropafestival.eu\/wp-content\/uploads\/2023\/09\/Tranzit-Logo.png);'><\/span><\/div><\/div><\/div><\/div>\n","protected":false},"excerpt":{"rendered":"","protected":false},"author":2,"featured_media":0,"parent":0,"menu_order":0,"comment_status":"closed","ping_status":"closed","template":"","meta":{"footnotes":""},"class_list":["post-14231","page","type-page","status-publish","hentry"],"_links":{"self":[{"href":"https:\/\/2023.transeuropafestival.eu\/ro\/wp-json\/wp\/v2\/pages\/14231","targetHints":{"allow":["GET"]}}],"collection":[{"href":"https:\/\/2023.transeuropafestival.eu\/ro\/wp-json\/wp\/v2\/pages"}],"about":[{"href":"https:\/\/2023.transeuropafestival.eu\/ro\/wp-json\/wp\/v2\/types\/page"}],"author":[{"embeddable":true,"href":"https:\/\/2023.transeuropafestival.eu\/ro\/wp-json\/wp\/v2\/users\/2"}],"replies":[{"embeddable":true,"href":"https:\/\/2023.transeuropafestival.eu\/ro\/wp-json\/wp\/v2\/comments?post=14231"}],"version-history":[{"count":5,"href":"https:\/\/2023.transeuropafestival.eu\/ro\/wp-json\/wp\/v2\/pages\/14231\/revisions"}],"predecessor-version":[{"id":14240,"href":"https:\/\/2023.transeuropafestival.eu\/ro\/wp-json\/wp\/v2\/pages\/14231\/revisions\/14240"}],"wp:attachment":[{"href":"https:\/\/2023.transeuropafestival.eu\/ro\/wp-json\/wp\/v2\/media?parent=14231"}],"curies":[{"name":"wp","href":"https:\/\/api.w.org\/{rel}","templated":true}]}}