{"id":14250,"date":"2023-09-19T06:36:49","date_gmt":"2023-09-19T06:36:49","guid":{"rendered":"https:\/\/2023.transeuropafestival.eu\/artist-parcurs-ideal-dezbatere-si-discutie-deschisa\/"},"modified":"2023-10-03T16:44:22","modified_gmt":"2023-10-03T16:44:22","slug":"artist-parcurs-ideal-dezbatere-si-discutie-deschisa-2-2","status":"publish","type":"page","link":"https:\/\/2023.transeuropafestival.eu\/ro\/artist-parcurs-ideal-dezbatere-si-discutie-deschisa-2-2\/","title":{"rendered":"Chega de Fiu Fiu"},"content":{"rendered":"\n<style type=\"text\/css\" data-created_by=\"avia_inline_auto\" id=\"style-css-av-jxll87qe-bb2415457de59e7737511832e6d03f65\">\n.avia-section.av-jxll87qe-bb2415457de59e7737511832e6d03f65 .av-parallax .av-parallax-inner{\nbackground-repeat:no-repeat;\nbackground-image:url(https:\/\/2023.transeuropafestival.eu\/wp-content\/uploads\/2023\/10\/Chega6.jpeg);\nbackground-position:50% 50%;\nbackground-attachment:scroll;\n}\n.avia-section.av-jxll87qe-bb2415457de59e7737511832e6d03f65 .av-section-color-overlay{\nopacity:0.5;\nbackground-color:#35383c;\n}\n<\/style>\n<div id='eventheader'  class='avia-section av-jxll87qe-bb2415457de59e7737511832e6d03f65 main_color avia-section-huge avia-no-border-styling  avia-builder-el-0  el_before_av_section  avia-builder-el-first  avia-full-stretch av-parallax-section avia-bg-style-parallax av-section-color-overlay-active container_wrap fullsize'  data-section-bg-repeat='stretch'><div class='av-parallax' data-avia-parallax-ratio='0.3' ><div class='av-parallax-inner main_color avia-full-stretch'><\/div><\/div><div class=\"av-section-color-overlay-wrap\"><div class=\"av-section-color-overlay\"><\/div><div class='container av-section-cont-open' ><main  role=\"main\" itemprop=\"mainContentOfPage\"  class='template-page content  av-content-full alpha units'><div class='post-entry post-entry-type-page post-entry-14250'><div class='entry-content-wrapper clearfix'>\n\n<style type=\"text\/css\" data-created_by=\"avia_inline_auto\" id=\"style-css-av-uuknxm-83196d743f8ce680e218f95ebd7215a0\">\n.flex_column.av-uuknxm-83196d743f8ce680e218f95ebd7215a0{\nborder-radius:0px 0px 0px 0px;\npadding:0px 0px 0px 0px;\n}\n<\/style>\n<div  class='flex_column av-uuknxm-83196d743f8ce680e218f95ebd7215a0 av_one_fifth  avia-builder-el-1  el_before_av_three_fifth  avia-builder-el-first  first flex_column_div av-zero-column-padding  '     ><\/div>\n<style type=\"text\/css\" data-created_by=\"avia_inline_auto\" id=\"style-css-av-secv8a-ae4245062b7dffd33b4c2a39bdfd4dc0\">\n.flex_column.av-secv8a-ae4245062b7dffd33b4c2a39bdfd4dc0{\nborder-radius:0px 0px 0px 0px;\npadding:0px 0px 0px 0px;\n}\n<\/style>\n<div  class='flex_column av-secv8a-ae4245062b7dffd33b4c2a39bdfd4dc0 av_three_fifth  avia-builder-el-2  el_after_av_one_fifth  el_before_av_one_fifth  flex_column_div av-zero-column-padding  '     ><style type=\"text\/css\" data-created_by=\"avia_inline_auto\" id=\"style-css-av-lmgcxmqy-db564edaddc148c42350c55aebff98c2\">\n#top .av-special-heading.av-lmgcxmqy-db564edaddc148c42350c55aebff98c2{\npadding-bottom:19px;\ncolor:#ffffff;\nfont-size:40px;\n}\nbody .av-special-heading.av-lmgcxmqy-db564edaddc148c42350c55aebff98c2 .av-special-heading-tag .heading-char{\nfont-size:25px;\n}\n#top #wrap_all .av-special-heading.av-lmgcxmqy-db564edaddc148c42350c55aebff98c2 .av-special-heading-tag{\nfont-size:40px;\n}\n.av-special-heading.av-lmgcxmqy-db564edaddc148c42350c55aebff98c2 .special-heading-inner-border{\nborder-color:#ffffff;\n}\n.av-special-heading.av-lmgcxmqy-db564edaddc148c42350c55aebff98c2 .av-subheading{\nfont-size:15px;\n}\n\n@media only screen and (min-width: 480px) and (max-width: 767px){ \n#top #wrap_all .av-special-heading.av-lmgcxmqy-db564edaddc148c42350c55aebff98c2 .av-special-heading-tag{\nfont-size:0.8em;\n}\n}\n\n@media only screen and (max-width: 479px){ \n#top #wrap_all .av-special-heading.av-lmgcxmqy-db564edaddc148c42350c55aebff98c2 .av-special-heading-tag{\nfont-size:0.8em;\n}\n}\n<\/style>\n<div  class='av-special-heading av-lmgcxmqy-db564edaddc148c42350c55aebff98c2 av-special-heading-h1 custom-color-heading blockquote modern-quote modern-centered  avia-builder-el-3  avia-builder-el-no-sibling  av-inherit-size av-linked-heading'><h1 class='av-special-heading-tag'  itemprop=\"headline\"  >Chega de Fiu Fiu | Destul cu h\u0103r\u021buirea stradal\u0103<\/h1><div class=\"special-heading-border\"><div class=\"special-heading-inner-border\"><\/div><\/div><\/div><\/div>\n<style type=\"text\/css\" data-created_by=\"avia_inline_auto\" id=\"style-css-av-qy55h6-617a1529630017067ea11caafd86d486\">\n.flex_column.av-qy55h6-617a1529630017067ea11caafd86d486{\nborder-radius:0px 0px 0px 0px;\npadding:0px 0px 0px 0px;\n}\n<\/style>\n<div  class='flex_column av-qy55h6-617a1529630017067ea11caafd86d486 av_one_fifth  avia-builder-el-4  el_after_av_three_fifth  el_before_av_one_fifth  flex_column_div av-zero-column-padding  '     ><\/div>\n<style type=\"text\/css\" data-created_by=\"avia_inline_auto\" id=\"style-css-av-92lmy-164a40ef016c00cc3ee6e5b54e1adcb4\">\n.flex_column.av-92lmy-164a40ef016c00cc3ee6e5b54e1adcb4{\nborder-radius:0px 0px 0px 0px;\npadding:0px 0px 0px 0px;\n}\n<\/style>\n<div  class='flex_column av-92lmy-164a40ef016c00cc3ee6e5b54e1adcb4 av_one_fifth  avia-builder-el-5  el_after_av_one_fifth  el_before_av_three_fifth  first flex_column_div av-zero-column-padding  column-top-margin'     ><\/div>\n<style type=\"text\/css\" data-created_by=\"avia_inline_auto\" id=\"style-css-av-nmuba2-2d5482d3e58b6e18654aa8d8f490a33c\">\n.flex_column.av-nmuba2-2d5482d3e58b6e18654aa8d8f490a33c{\nborder-radius:0px 0px 0px 0px;\npadding:0px 0px 0px 0px;\n}\n<\/style>\n<div  class='flex_column av-nmuba2-2d5482d3e58b6e18654aa8d8f490a33c av_three_fifth  avia-builder-el-6  el_after_av_one_fifth  el_before_av_one_fifth  flex_column_div av-zero-column-padding  column-top-margin'     ><p>\n<style type=\"text\/css\" data-created_by=\"avia_inline_auto\" id=\"style-css-av-jxll6vhn-2db5a182288ffa311581658a1a6c1e03\">\n.iconbox.av-jxll6vhn-2db5a182288ffa311581658a1a6c1e03 .iconbox_icon{\nbackground-color:#000000;\ncolor:#ffffff;\n}\n#top #wrap_all .iconbox.av-jxll6vhn-2db5a182288ffa311581658a1a6c1e03 .iconbox_content_title{\ncolor:#ffffff;\n}\n<\/style>\n<article  class='iconbox iconbox_left av-jxll6vhn-2db5a182288ffa311581658a1a6c1e03  avia-builder-el-7  el_before_av_icon_box  avia-builder-el-first '  itemscope=\"itemscope\" itemtype=\"https:\/\/schema.org\/CreativeWork\" ><div class=\"iconbox_content\"><header class=\"entry-content-header\"><div class=\"iconbox_icon heading-color\" aria-hidden='true' data-av_icon='\ue842' data-av_iconfont='entypo-fontello'><\/div><h3 class='iconbox_content_title '  itemprop=\"headline\" >Cinema Arta<\/h3><\/header><div class='iconbox_content_container '  itemprop=\"text\" ><\/div><\/div><footer class=\"entry-footer\"><\/footer><\/article><br \/>\n\n<style type=\"text\/css\" data-created_by=\"avia_inline_auto\" id=\"style-css-av-jxll7wgh-c46af7b25660795763298c44e4b5be44\">\n.iconbox.av-jxll7wgh-c46af7b25660795763298c44e4b5be44 .iconbox_icon{\nbackground-color:#000000;\ncolor:#ffffff;\n}\n#top #wrap_all .iconbox.av-jxll7wgh-c46af7b25660795763298c44e4b5be44 .iconbox_content_title{\ncolor:#ffffff;\n}\n<\/style>\n<article  class='iconbox iconbox_left av-jxll7wgh-c46af7b25660795763298c44e4b5be44  avia-builder-el-8  el_after_av_icon_box  avia-builder-el-last '  itemscope=\"itemscope\" itemtype=\"https:\/\/schema.org\/CreativeWork\" ><div class=\"iconbox_content\"><header class=\"entry-content-header\"><div class=\"iconbox_icon heading-color\" aria-hidden='true' data-av_icon='\ue862' data-av_iconfont='entypo-fontello'><\/div><h3 class='iconbox_content_title '  itemprop=\"headline\" >14 Octombrie, 20:00 \u2013 21:30<\/h3><\/header><div class='iconbox_content_container '  itemprop=\"text\" ><\/div><\/div><footer class=\"entry-footer\"><\/footer><\/article><\/p><\/div>\n<style type=\"text\/css\" data-created_by=\"avia_inline_auto\" id=\"style-css-av-m58896-45e350a35c32f768347c4a4772895ddd\">\n.flex_column.av-m58896-45e350a35c32f768347c4a4772895ddd{\nborder-radius:0px 0px 0px 0px;\npadding:0px 0px 0px 0px;\n}\n<\/style>\n<div  class='flex_column av-m58896-45e350a35c32f768347c4a4772895ddd av_one_fifth  avia-builder-el-9  el_after_av_three_fifth  avia-builder-el-last  flex_column_div av-zero-column-padding  column-top-margin'     ><\/div>\n\n<\/div><\/div><\/main><!-- close content main element --><\/div><\/div><\/div><div id='av_section_2'  class='avia-section av-lh168a-61edebe427decfc978ce17fff3a9abba main_color avia-section-small avia-no-border-styling  avia-builder-el-10  el_after_av_section  el_before_av_section  avia-bg-style-scroll container_wrap fullsize'  ><div class='container av-section-cont-open' ><div class='template-page content  av-content-full alpha units'><div class='post-entry post-entry-type-page post-entry-14250'><div class='entry-content-wrapper clearfix'>\n\n<style type=\"text\/css\" data-created_by=\"avia_inline_auto\" id=\"style-css-av-jd59gq-ef1e430497c3b86483c7a19aee381346\">\n.flex_column.av-jd59gq-ef1e430497c3b86483c7a19aee381346{\nborder-radius:0px 0px 0px 0px;\npadding:0px 0px 0px 0px;\n}\n<\/style>\n<div  class='flex_column av-jd59gq-ef1e430497c3b86483c7a19aee381346 av_one_fifth  avia-builder-el-11  el_before_av_three_fifth  avia-builder-el-first  first flex_column_div av-zero-column-padding  '     ><\/div>\n<style type=\"text\/css\" data-created_by=\"avia_inline_auto\" id=\"style-css-av-i6qk1m-42a2a4a10531e113ac8ed7b1d921ed6e\">\n.flex_column.av-i6qk1m-42a2a4a10531e113ac8ed7b1d921ed6e{\nborder-radius:0px 0px 0px 0px;\npadding:0px 0px 0px 0px;\n}\n<\/style>\n<div  class='flex_column av-i6qk1m-42a2a4a10531e113ac8ed7b1d921ed6e av_three_fifth  avia-builder-el-12  el_after_av_one_fifth  el_before_av_one_fifth  flex_column_div av-zero-column-padding  '     ><section  class='av_textblock_section av-jxll8jyw-28f723cfbf2c82c1195b36e39b9ecfd4 '   itemscope=\"itemscope\" itemtype=\"https:\/\/schema.org\/CreativeWork\" ><div class='avia_textblock'  itemprop=\"text\" ><p>r: Fernanda Frazao \u0219i Amanda Kamanchek Lemos | 2018 | documentar | Brazilia | 73\u2019<br \/>\nPT | sub: EN &amp; RO<\/p>\n<p>Povestea Raquel, Rosei \u0219i Teresei, din trei ora\u0219e braziliene diferite, care \u00ee\u0219i \u00eemp\u0103rt\u0103\u0219esc experien\u021bele cu h\u0103r\u021buirea stradal\u0103. Filmul include, de asemenea, imagini din camerele ascunse purtate de femei \u00een via\u021ba lor de zi cu zi, precum \u0219i conversa\u021bii \u00eentre speciali\u0219ti \u0219i b\u0103rba\u021bi despre h\u0103r\u021buirea sexual\u0103, imaginea corporal\u0103 \u0219i masculinitate.<\/p>\n<\/div><\/section><\/div>\n<style type=\"text\/css\" data-created_by=\"avia_inline_auto\" id=\"style-css-av-g9i23u-347544d3de226270186ade033236b4a7\">\n.flex_column.av-g9i23u-347544d3de226270186ade033236b4a7{\nborder-radius:0px 0px 0px 0px;\npadding:0px 0px 0px 0px;\n}\n<\/style>\n<div  class='flex_column av-g9i23u-347544d3de226270186ade033236b4a7 av_one_fifth  avia-builder-el-14  el_after_av_three_fifth  avia-builder-el-last  flex_column_div av-zero-column-padding  '     ><\/div>\n\n<\/div><\/div><\/div><!-- close content main div --><\/div><\/div><div id='av_section_3'  class='avia-section av-6wkrv9-a59079f6003406c588384a52fc34cf93 main_color avia-section-small avia-no-border-styling  avia-builder-el-15  el_after_av_section  el_before_av_textblock  avia-bg-style-scroll container_wrap fullsize'  ><div class='container av-section-cont-open' ><div class='template-page content  av-content-full alpha units'><div class='post-entry post-entry-type-page post-entry-14250'><div class='entry-content-wrapper clearfix'>\n\n<style type=\"text\/css\" data-created_by=\"avia_inline_auto\" id=\"style-css-av-1m49svp-276bad15cc028ab8dbcc033d410671a0\">\n.flex_column.av-1m49svp-276bad15cc028ab8dbcc033d410671a0{\nborder-radius:0px 0px 0px 0px;\npadding:0px 0px 0px 0px;\n}\n<\/style>\n<div  class='flex_column av-1m49svp-276bad15cc028ab8dbcc033d410671a0 av_one_fifth  avia-builder-el-16  el_before_av_three_fifth  avia-builder-el-first  first flex_column_div av-zero-column-padding  '     ><\/div>\n<style type=\"text\/css\" data-created_by=\"avia_inline_auto\" id=\"style-css-av-140kq45-1474a33d09cf9094f99d5bbb7359002d\">\n.flex_column.av-140kq45-1474a33d09cf9094f99d5bbb7359002d{\nborder-radius:0px 0px 0px 0px;\npadding:0px 0px 0px 0px;\n}\n<\/style>\n<div  class='flex_column av-140kq45-1474a33d09cf9094f99d5bbb7359002d av_three_fifth  avia-builder-el-17  el_after_av_one_fifth  el_before_av_one_fifth  flex_column_div av-zero-column-padding  '     ><section  class='av_textblock_section av-lnajshuo-c7775fa6b029d54273e62968a37b84c2 '   itemscope=\"itemscope\" itemtype=\"https:\/\/schema.org\/CreativeWork\" ><div class='avia_textblock'  itemprop=\"text\" ><p><b>Rezervare: <span style=\"text-decoration: underline;\"><a href=\"https:\/\/eventbook.ro\/film\/bilete-chega-di-fiu-fiu\">eventbook.ro\/film\/bilete-chega-di-fiu-fiu<\/a><\/span><\/b><\/p>\n<\/div><\/section><\/div>\n<style type=\"text\/css\" data-created_by=\"avia_inline_auto\" id=\"style-css-av-lwp7v9-4b24c83bc64eac228f14ca9a43a33f54\">\n.flex_column.av-lwp7v9-4b24c83bc64eac228f14ca9a43a33f54{\nborder-radius:0px 0px 0px 0px;\npadding:0px 0px 0px 0px;\n}\n<\/style>\n<div  class='flex_column av-lwp7v9-4b24c83bc64eac228f14ca9a43a33f54 av_one_fifth  avia-builder-el-19  el_after_av_three_fifth  avia-builder-el-last  flex_column_div av-zero-column-padding  '     ><\/div><\/div><\/div><\/div><!-- close content main div --><\/div><\/div><div id='after_section_3'  class='main_color av_default_container_wrap container_wrap fullsize'  ><div class='container av-section-cont-open' ><div class='template-page content  av-content-full alpha units'><div class='post-entry post-entry-type-page post-entry-14250'><div class='entry-content-wrapper clearfix'><section  class='av_textblock_section av-k191qznr-1ebc207925d069603ccbe3ec9830cbec '   itemscope=\"itemscope\" itemtype=\"https:\/\/schema.org\/CreativeWork\" ><div class='avia_textblock'  itemprop=\"text\" ><h2 style=\"text-align: center;\"><strong>PARTENERI<\/strong><\/h2>\n<h3><\/h3>\n<\/div><\/section><\/p>\n<div  class='avia-logo-element-container av-k191o4ys-4676b4faaaa8a63ea89f5e50e3b06025 av-border-deactivate avia-logo-slider avia-content-slider avia-smallarrow-slider avia-content-slider-active noHover avia-content-slider-even  avia-builder-el-21  el_after_av_textblock  avia-builder-el-last  av-slideshow-ui av-control-default av-nav-arrows-visible av-nav-dots-visible av-no-slider-navigation av-slideshow-manual av-loop-once av-loop-manual-endless avia-content-slider1' data-slideshow-options=\"{&quot;animation&quot;:&quot;slide&quot;,&quot;autoplay&quot;:false,&quot;loop_autoplay&quot;:&quot;once&quot;,&quot;interval&quot;:5,&quot;loop_manual&quot;:&quot;manual-endless&quot;,&quot;autoplay_stopper&quot;:false,&quot;noNavigation&quot;:false,&quot;bg_slider&quot;:false,&quot;keep_padding&quot;:&quot;&quot;,&quot;hoverpause&quot;:false,&quot;show_slide_delay&quot;:0}\"><div class='avia-smallarrow-slider-heading  no-logo-slider-heading '><div class='new-special-heading'>&nbsp;<\/div><\/div><div class=\"avia-content-slider-inner\"><div class=\"slide-entry-wrap\"><div  class='slide-entry av-rpsnit-a8266ff8696a5593f6be7694277677da flex_column no_margin av_one_eighth real-thumbnail post-entry slide-entry-overview slide-loop-1 slide-parity-odd  first'><span class='av-partner-fake-img' style='padding-bottom:24.935511607911%; background-image:url(https:\/\/2023.transeuropafestival.eu\/wp-content\/uploads\/2023\/09\/ARTA-logo.png);'><\/span><\/div><div  class='slide-entry av-awj16-fdce09661087763a529b0b56415bf941 flex_column no_margin av_one_eighth real-thumbnail post-entry slide-entry-overview slide-loop-2 slide-parity-even post-entry-last '><\/div><\/div><\/div><\/div>\n","protected":false},"excerpt":{"rendered":"","protected":false},"author":2,"featured_media":0,"parent":0,"menu_order":0,"comment_status":"closed","ping_status":"closed","template":"","meta":{"footnotes":""},"class_list":["post-14250","page","type-page","status-publish","hentry"],"_links":{"self":[{"href":"https:\/\/2023.transeuropafestival.eu\/ro\/wp-json\/wp\/v2\/pages\/14250","targetHints":{"allow":["GET"]}}],"collection":[{"href":"https:\/\/2023.transeuropafestival.eu\/ro\/wp-json\/wp\/v2\/pages"}],"about":[{"href":"https:\/\/2023.transeuropafestival.eu\/ro\/wp-json\/wp\/v2\/types\/page"}],"author":[{"embeddable":true,"href":"https:\/\/2023.transeuropafestival.eu\/ro\/wp-json\/wp\/v2\/users\/2"}],"replies":[{"embeddable":true,"href":"https:\/\/2023.transeuropafestival.eu\/ro\/wp-json\/wp\/v2\/comments?post=14250"}],"version-history":[{"count":7,"href":"https:\/\/2023.transeuropafestival.eu\/ro\/wp-json\/wp\/v2\/pages\/14250\/revisions"}],"predecessor-version":[{"id":15009,"href":"https:\/\/2023.transeuropafestival.eu\/ro\/wp-json\/wp\/v2\/pages\/14250\/revisions\/15009"}],"wp:attachment":[{"href":"https:\/\/2023.transeuropafestival.eu\/ro\/wp-json\/wp\/v2\/media?parent=14250"}],"curies":[{"name":"wp","href":"https:\/\/api.w.org\/{rel}","templated":true}]}}