{"id":15080,"date":"2023-10-05T08:43:42","date_gmt":"2023-10-05T08:43:42","guid":{"rendered":"https:\/\/2023.transeuropafestival.eu\/?page_id=15080"},"modified":"2023-10-10T11:55:14","modified_gmt":"2023-10-10T11:55:14","slug":"do-you-see-what-i-see-3","status":"publish","type":"page","link":"https:\/\/2023.transeuropafestival.eu\/ro\/do-you-see-what-i-see-3\/","title":{"rendered":"DO YOU SEE WHAT I SEE?"},"content":{"rendered":"\n<style type=\"text\/css\" data-created_by=\"avia_inline_auto\" id=\"style-css-av-jxll87qe-533e54e4c5a6117d599cdf72c2c891e5\">\n.avia-section.av-jxll87qe-533e54e4c5a6117d599cdf72c2c891e5 .av-section-color-overlay{\nopacity:0.5;\nbackground-color:#35383c;\n}\n<\/style>\n<div id='eventheader'  class='avia-section av-jxll87qe-533e54e4c5a6117d599cdf72c2c891e5 main_color avia-section-huge avia-no-border-styling  avia-builder-el-0  el_before_av_section  avia-builder-el-first  avia-bg-style-parallax av-section-color-overlay-active container_wrap fullsize'  ><div class=\"av-section-color-overlay-wrap\"><div class=\"av-section-color-overlay\"><\/div><div class='container av-section-cont-open' ><main  role=\"main\" itemprop=\"mainContentOfPage\"  class='template-page content  av-content-full alpha units'><div class='post-entry post-entry-type-page post-entry-15080'><div class='entry-content-wrapper clearfix'>\n\n<style type=\"text\/css\" data-created_by=\"avia_inline_auto\" id=\"style-css-av-uuknxm-83196d743f8ce680e218f95ebd7215a0\">\n.flex_column.av-uuknxm-83196d743f8ce680e218f95ebd7215a0{\nborder-radius:0px 0px 0px 0px;\npadding:0px 0px 0px 0px;\n}\n<\/style>\n<div  class='flex_column av-uuknxm-83196d743f8ce680e218f95ebd7215a0 av_one_fifth  avia-builder-el-1  el_before_av_three_fifth  avia-builder-el-first  first flex_column_div av-zero-column-padding  '     ><\/div>\n<style type=\"text\/css\" data-created_by=\"avia_inline_auto\" id=\"style-css-av-secv8a-ae4245062b7dffd33b4c2a39bdfd4dc0\">\n.flex_column.av-secv8a-ae4245062b7dffd33b4c2a39bdfd4dc0{\nborder-radius:0px 0px 0px 0px;\npadding:0px 0px 0px 0px;\n}\n<\/style>\n<div  class='flex_column av-secv8a-ae4245062b7dffd33b4c2a39bdfd4dc0 av_three_fifth  avia-builder-el-2  el_after_av_one_fifth  el_before_av_one_fifth  flex_column_div av-zero-column-padding  '     ><style type=\"text\/css\" data-created_by=\"avia_inline_auto\" id=\"style-css-av-lmgcxmqy-9ebf65fac887d82902a2b5f0b98d991c\">\n#top .av-special-heading.av-lmgcxmqy-9ebf65fac887d82902a2b5f0b98d991c{\npadding-bottom:19px;\ncolor:#ffffff;\nfont-size:40px;\n}\nbody .av-special-heading.av-lmgcxmqy-9ebf65fac887d82902a2b5f0b98d991c .av-special-heading-tag .heading-char{\nfont-size:25px;\n}\n#top #wrap_all .av-special-heading.av-lmgcxmqy-9ebf65fac887d82902a2b5f0b98d991c .av-special-heading-tag{\nfont-size:40px;\n}\n.av-special-heading.av-lmgcxmqy-9ebf65fac887d82902a2b5f0b98d991c .special-heading-inner-border{\nborder-color:#ffffff;\n}\n.av-special-heading.av-lmgcxmqy-9ebf65fac887d82902a2b5f0b98d991c .av-subheading{\nfont-size:15px;\n}\n\n@media only screen and (min-width: 480px) and (max-width: 767px){ \n#top #wrap_all .av-special-heading.av-lmgcxmqy-9ebf65fac887d82902a2b5f0b98d991c .av-special-heading-tag{\nfont-size:0.8em;\n}\n}\n\n@media only screen and (max-width: 479px){ \n#top #wrap_all .av-special-heading.av-lmgcxmqy-9ebf65fac887d82902a2b5f0b98d991c .av-special-heading-tag{\nfont-size:0.8em;\n}\n}\n<\/style>\n<div  class='av-special-heading av-lmgcxmqy-9ebf65fac887d82902a2b5f0b98d991c av-special-heading-h1 custom-color-heading blockquote modern-quote modern-centered  avia-builder-el-3  avia-builder-el-no-sibling  av-inherit-size av-linked-heading'><div class='av_custom_color av-subheading av-subheading_above'><p>Audio Play<\/p>\n<\/div><h1 class='av-special-heading-tag'  itemprop=\"headline\"  >I AM ONE OF THOSE FORTUNATE<\/h1><div class=\"special-heading-border\"><div class=\"special-heading-inner-border\"><\/div><\/div><\/div><\/div>\n<style type=\"text\/css\" data-created_by=\"avia_inline_auto\" id=\"style-css-av-qy55h6-617a1529630017067ea11caafd86d486\">\n.flex_column.av-qy55h6-617a1529630017067ea11caafd86d486{\nborder-radius:0px 0px 0px 0px;\npadding:0px 0px 0px 0px;\n}\n<\/style>\n<div  class='flex_column av-qy55h6-617a1529630017067ea11caafd86d486 av_one_fifth  avia-builder-el-4  el_after_av_three_fifth  el_before_av_one_fifth  flex_column_div av-zero-column-padding  '     ><\/div>\n<style type=\"text\/css\" data-created_by=\"avia_inline_auto\" id=\"style-css-av-92lmy-164a40ef016c00cc3ee6e5b54e1adcb4\">\n.flex_column.av-92lmy-164a40ef016c00cc3ee6e5b54e1adcb4{\nborder-radius:0px 0px 0px 0px;\npadding:0px 0px 0px 0px;\n}\n<\/style>\n<div  class='flex_column av-92lmy-164a40ef016c00cc3ee6e5b54e1adcb4 av_one_fifth  avia-builder-el-5  el_after_av_one_fifth  el_before_av_three_fifth  first flex_column_div av-zero-column-padding  column-top-margin'     ><\/div>\n<style type=\"text\/css\" data-created_by=\"avia_inline_auto\" id=\"style-css-av-nmuba2-2d5482d3e58b6e18654aa8d8f490a33c\">\n.flex_column.av-nmuba2-2d5482d3e58b6e18654aa8d8f490a33c{\nborder-radius:0px 0px 0px 0px;\npadding:0px 0px 0px 0px;\n}\n<\/style>\n<div  class='flex_column av-nmuba2-2d5482d3e58b6e18654aa8d8f490a33c av_three_fifth  avia-builder-el-6  el_after_av_one_fifth  el_before_av_one_fifth  flex_column_div av-zero-column-padding  column-top-margin'     ><p>\n<style type=\"text\/css\" data-created_by=\"avia_inline_auto\" id=\"style-css-av-jxll6vhn-9adf4784176cafd9f3bed3d9968b6ceb\">\n.iconbox.av-jxll6vhn-9adf4784176cafd9f3bed3d9968b6ceb .iconbox_icon{\nbackground-color:#000000;\ncolor:#ffffff;\n}\n#top #wrap_all .iconbox.av-jxll6vhn-9adf4784176cafd9f3bed3d9968b6ceb .iconbox_content_title{\ncolor:#ffffff;\n}\n<\/style>\n<article  class='iconbox iconbox_left av-jxll6vhn-9adf4784176cafd9f3bed3d9968b6ceb  avia-builder-el-7  el_before_av_icon_box  avia-builder-el-first '  itemscope=\"itemscope\" itemtype=\"https:\/\/schema.org\/CreativeWork\" ><div class=\"iconbox_content\"><header class=\"entry-content-header\"><div class=\"iconbox_icon heading-color\" aria-hidden='true' data-av_icon='\ue842' data-av_iconfont='entypo-fontello'><\/div><h3 class='iconbox_content_title '  itemprop=\"headline\" >Radio Cluj 95,6 FM<\/h3><\/header><div class='iconbox_content_container '  itemprop=\"text\" ><\/div><\/div><footer class=\"entry-footer\"><\/footer><\/article><br \/>\n\n<style type=\"text\/css\" data-created_by=\"avia_inline_auto\" id=\"style-css-av-jxll7wgh-eb1457af8d6b1d4da7c9dc60b873936b\">\n.iconbox.av-jxll7wgh-eb1457af8d6b1d4da7c9dc60b873936b .iconbox_icon{\nbackground-color:#000000;\ncolor:#ffffff;\n}\n#top #wrap_all .iconbox.av-jxll7wgh-eb1457af8d6b1d4da7c9dc60b873936b .iconbox_content_title{\ncolor:#ffffff;\n}\n<\/style>\n<article  class='iconbox iconbox_left av-jxll7wgh-eb1457af8d6b1d4da7c9dc60b873936b  avia-builder-el-8  el_after_av_icon_box  avia-builder-el-last '  itemscope=\"itemscope\" itemtype=\"https:\/\/schema.org\/CreativeWork\" ><div class=\"iconbox_content\"><header class=\"entry-content-header\"><div class=\"iconbox_icon heading-color\" aria-hidden='true' data-av_icon='\ue862' data-av_iconfont='entypo-fontello'><\/div><h3 class='iconbox_content_title '  itemprop=\"headline\" >October 12, 19:00 | October 15, 20:00<\/h3><\/header><div class='iconbox_content_container '  itemprop=\"text\" ><\/div><\/div><footer class=\"entry-footer\"><\/footer><\/article><\/p><\/div>\n<style type=\"text\/css\" data-created_by=\"avia_inline_auto\" id=\"style-css-av-m58896-45e350a35c32f768347c4a4772895ddd\">\n.flex_column.av-m58896-45e350a35c32f768347c4a4772895ddd{\nborder-radius:0px 0px 0px 0px;\npadding:0px 0px 0px 0px;\n}\n<\/style>\n<div  class='flex_column av-m58896-45e350a35c32f768347c4a4772895ddd av_one_fifth  avia-builder-el-9  el_after_av_three_fifth  avia-builder-el-last  flex_column_div av-zero-column-padding  column-top-margin'     ><\/div><\/div><\/div><\/main><!-- close content main element --><\/div><\/div><\/div><div id='av_section_2'  class='avia-section av-lh168a-61edebe427decfc978ce17fff3a9abba main_color avia-section-small avia-no-border-styling  avia-builder-el-10  el_after_av_section  el_before_av_textblock  avia-bg-style-scroll container_wrap fullsize'  ><div class='container av-section-cont-open' ><div class='template-page content  av-content-full alpha units'><div class='post-entry post-entry-type-page post-entry-15080'><div class='entry-content-wrapper clearfix'>\n\n<style type=\"text\/css\" data-created_by=\"avia_inline_auto\" id=\"style-css-av-jd59gq-ef1e430497c3b86483c7a19aee381346\">\n.flex_column.av-jd59gq-ef1e430497c3b86483c7a19aee381346{\nborder-radius:0px 0px 0px 0px;\npadding:0px 0px 0px 0px;\n}\n<\/style>\n<div  class='flex_column av-jd59gq-ef1e430497c3b86483c7a19aee381346 av_one_fifth  avia-builder-el-11  el_before_av_three_fifth  avia-builder-el-first  first flex_column_div av-zero-column-padding  '     ><\/div>\n<style type=\"text\/css\" data-created_by=\"avia_inline_auto\" id=\"style-css-av-i6qk1m-42a2a4a10531e113ac8ed7b1d921ed6e\">\n.flex_column.av-i6qk1m-42a2a4a10531e113ac8ed7b1d921ed6e{\nborder-radius:0px 0px 0px 0px;\npadding:0px 0px 0px 0px;\n}\n<\/style>\n<div  class='flex_column av-i6qk1m-42a2a4a10531e113ac8ed7b1d921ed6e av_three_fifth  avia-builder-el-12  el_after_av_one_fifth  el_before_av_one_fifth  flex_column_div av-zero-column-padding  '     ><section  class='av_textblock_section av-jxll8jyw-28f723cfbf2c82c1195b36e39b9ecfd4 '   itemscope=\"itemscope\" itemtype=\"https:\/\/schema.org\/CreativeWork\" ><div class='avia_textblock'  itemprop=\"text\" ><p>I am one of those fortunate is a show about the hundreds of thousands of children raised between two phones, between two packages, blowing out birthday candles on video. It&#8217;s about their mothers who left without looking back, who simultaneously cared for old people in Italy and children in Romania, and who managed to find the strength to stay afloat in an uncertain economic climate, both at home and in the countries they left for.<\/p>\n<p>It is about those who have learned to live between here and there.<\/p>\n<p>Distribution: Oana Hodade, Doru Talo\u0219, Alexandra Caras<\/p>\n<p>Original musical composition: Adorj\u00e1ni Panna, Bodoki-Halmen Zsolt, L\u00e1ng D\u00e1niel, Visky P\u00e9ter<\/p>\n<p>Musical interpretation: Adorj\u00e1ni Panna, L\u00e1ng D\u00e1niel, Visky P\u00e9ter<\/p>\n<p>Recording and sound design: Andrei Bobi\u0219 |Cirkular Studio<\/p>\n<p>Voice credits: Lucia Marneanu<\/p>\n<p>Text: Alexandra Voivozeanu<\/p>\n<p>Director: Lorand Maxim<\/p>\n<p>English translation and adaptation: Mugur Butuza<\/p>\n<p>Hungarian translation and adaptation: \u00c1br\u00e1n \u00c1gota and Sepr\u0151di Attila<\/p>\n<p>Subtitles: Jasmina Clo\u0219ca<\/p>\n<p>Graphic design: Csiki R\u00e9ka<\/p>\n<p>Ilustration: Lucia M\u0103rneanu<\/p>\n<p>Website: Denisa Nistor | scrijelit.design<\/p>\n<p><span style=\"text-decoration: underline;\"><a href=\"http:\/\/unadintrefortunate.ro\">unadintrefortunate.ro<\/a><\/span><\/p>\n<hr \/>\n<p><em>Cultural project co-funded by the Administration of the National Cultural Fund (AFCN). The project does not necessarily represent the position of AFCN.<\/em><\/p>\n<\/div><\/section><\/div>\n<style type=\"text\/css\" data-created_by=\"avia_inline_auto\" id=\"style-css-av-g9i23u-347544d3de226270186ade033236b4a7\">\n.flex_column.av-g9i23u-347544d3de226270186ade033236b4a7{\nborder-radius:0px 0px 0px 0px;\npadding:0px 0px 0px 0px;\n}\n<\/style>\n<div  class='flex_column av-g9i23u-347544d3de226270186ade033236b4a7 av_one_fifth  avia-builder-el-14  el_after_av_three_fifth  avia-builder-el-last  flex_column_div av-zero-column-padding  '     ><\/div><\/div><\/div><\/div><!-- close content main div --><\/div><\/div><div id='after_section_2'  class='main_color av_default_container_wrap container_wrap fullsize'  ><div class='container av-section-cont-open' ><div class='template-page content  av-content-full alpha units'><div class='post-entry post-entry-type-page post-entry-15080'><div class='entry-content-wrapper clearfix'><section  class='av_textblock_section av-k191qznr-1ebc207925d069603ccbe3ec9830cbec '   itemscope=\"itemscope\" itemtype=\"https:\/\/schema.org\/CreativeWork\" ><div class='avia_textblock'  itemprop=\"text\" ><h2 style=\"text-align: center;\"><strong>PARTENERI<\/strong><\/h2>\n<h3><\/h3>\n<\/div><\/section><\/p>\n<div  class='avia-logo-element-container av-k191o4ys-4676b4faaaa8a63ea89f5e50e3b06025 av-border-deactivate avia-logo-slider avia-content-slider avia-smallarrow-slider avia-content-slider-active noHover avia-content-slider-even  avia-builder-el-16  el_after_av_textblock  avia-builder-el-last  av-slideshow-ui av-control-default av-nav-arrows-visible av-nav-dots-visible av-no-slider-navigation av-slideshow-manual av-loop-once av-loop-manual-endless avia-content-slider1' data-slideshow-options=\"{&quot;animation&quot;:&quot;slide&quot;,&quot;autoplay&quot;:false,&quot;loop_autoplay&quot;:&quot;once&quot;,&quot;interval&quot;:5,&quot;loop_manual&quot;:&quot;manual-endless&quot;,&quot;autoplay_stopper&quot;:false,&quot;noNavigation&quot;:false,&quot;bg_slider&quot;:false,&quot;keep_padding&quot;:&quot;&quot;,&quot;hoverpause&quot;:false,&quot;show_slide_delay&quot;:0}\"><div class='avia-smallarrow-slider-heading  no-logo-slider-heading '><div class='new-special-heading'>&nbsp;<\/div><\/div><div class=\"avia-content-slider-inner\"><div class=\"slide-entry-wrap\"><div  class='slide-entry av-inetju-26981822bd58323f25b3738337dd4535 flex_column no_margin av_one_eighth real-thumbnail post-entry slide-entry-overview slide-loop-1 slide-parity-odd  first'><span class='av-partner-fake-img' style='padding-bottom:100%; background-image:url(https:\/\/2023.transeuropafestival.eu\/wp-content\/uploads\/2023\/09\/utp.png);'><\/span><\/div><div  class='slide-entry av-awj16-fdce09661087763a529b0b56415bf941 flex_column no_margin av_one_eighth real-thumbnail post-entry slide-entry-overview slide-loop-2 slide-parity-even post-entry-last '><\/div><\/div><\/div><\/div>\n","protected":false},"excerpt":{"rendered":"","protected":false},"author":2,"featured_media":0,"parent":0,"menu_order":0,"comment_status":"closed","ping_status":"closed","template":"","meta":{"footnotes":""},"class_list":["post-15080","page","type-page","status-publish","hentry"],"_links":{"self":[{"href":"https:\/\/2023.transeuropafestival.eu\/ro\/wp-json\/wp\/v2\/pages\/15080","targetHints":{"allow":["GET"]}}],"collection":[{"href":"https:\/\/2023.transeuropafestival.eu\/ro\/wp-json\/wp\/v2\/pages"}],"about":[{"href":"https:\/\/2023.transeuropafestival.eu\/ro\/wp-json\/wp\/v2\/types\/page"}],"author":[{"embeddable":true,"href":"https:\/\/2023.transeuropafestival.eu\/ro\/wp-json\/wp\/v2\/users\/2"}],"replies":[{"embeddable":true,"href":"https:\/\/2023.transeuropafestival.eu\/ro\/wp-json\/wp\/v2\/comments?post=15080"}],"version-history":[{"count":2,"href":"https:\/\/2023.transeuropafestival.eu\/ro\/wp-json\/wp\/v2\/pages\/15080\/revisions"}],"predecessor-version":[{"id":15084,"href":"https:\/\/2023.transeuropafestival.eu\/ro\/wp-json\/wp\/v2\/pages\/15080\/revisions\/15084"}],"wp:attachment":[{"href":"https:\/\/2023.transeuropafestival.eu\/ro\/wp-json\/wp\/v2\/media?parent=15080"}],"curies":[{"name":"wp","href":"https:\/\/api.w.org\/{rel}","templated":true}]}}